{"id":6165,"date":"2017-03-13T09:10:39","date_gmt":"2017-03-13T09:10:39","guid":{"rendered":"https:\/\/rasiclaw.rs\/about-us\/"},"modified":"2025-09-25T20:28:00","modified_gmt":"2025-09-25T20:28:00","slug":"about-us","status":"publish","type":"page","link":"https:\/\/rasiclaw.rs\/en\/about-us\/","title":{"rendered":"About us"},"content":{"rendered":"[vc_row full_width=&#8221;stretch_row_content_no_spaces&#8221;][vc_column css=&#8221;.vc_custom_1478168276850{padding-top: 0px !important;}&#8221;]<div class=\"split-box\" id=\"argenta-custom-69e9de32150cd\" \n\tdata-parallax-left=\"vertical\"\tdata-parallax-right=\"vertical\"\tdata-parallax-speed-left=\"1.0\"\tdata-parallax-speed-right=\"1.4\">\n\t\t<div class=\"vc_col-md-6 split-box-wrap\">\n\t\t<div class=\"parallax-bg\"><\/div>\n\t\t<div class=\"content\">\n\t\t\t<div id=\"argenta-custom-69e9de32155b5\"  class=\"heading-wrapper text-left\"  >\n\t\t\t<p class=\"subtitle\">Law office<\/p>\n\t\n\t<h3 class=\"second-title text-left\">Rasic &amp; Partners<\/h3>\n\n\t\n\t\n\t<\/div>\t\n\n[vc_empty_space]<div class=\"tab-box\" id=\"argenta-custom-69e9de3215694\" data-tab-box=\"true\"  >\n\t<div class=\"tab-box-buttons\" data-tab-box-buttons=\"true\" role=\"tablist\">\n\t\t\t<\/div>\n\t<div class=\"tab-box-content\" data-tab-box-content=\"true\" role=\"tabpanel\">\n\t\t<div class=\"tab-box-item\" data-tab-box-title=\"About us\" id=\"1478186346353-3ce42c6b-418f\">\n\t[vc_column_text]<strong>Rasic &amp; Partners law firm<\/strong> (Rasic &amp; Partners YU, Rasic &amp; Partners Europe) is a European and regional law office headquartered in Belgrade, the Republic of Serbia.<\/p>\n<p><strong>Rasic &amp; Partners law firm<\/strong> has continuously been providing legal services to a wide range of clients for more than a decade, from leading regional and domestic companies and entrepreneurs to multinational companies.[\/vc_column_text]<\/div><div class=\"tab-box-item\" data-tab-box-title=\"Sectors\" id=\"1478186346598-7077356b-b5d9\">\n\t[vc_column_text]<strong>Rasic &amp; Partners law firm<\/strong> has continuously been providing legal services to a wide range of clients for more than a decade, from leading regional and domestic companies and entrepreneurs to multinational companies in Slovenia, Croatia, Bosnia and Herzegovina, Montenegro, North Macedonia, and Albania.<\/p>\n<p><strong>The Rasic &amp; Partners Europe law office<\/strong> sector is dedicated to the narrow expertise of acting in administrative and criminal proceedings before the competent state authorities of the European Union member states.[\/vc_column_text]<\/div><div class=\"tab-box-item\" data-tab-box-title=\"Our Team\" id=\"1479137183164-b5c6350c-98c5\">\n\t[vc_column_text]Our team is led by top experts from leading European universities, such as the University of Strasbourg and the University of Vienna<\/p>\n<p>We apply many years of experience in international legal cases, as well as a commitment to work standards similar to law offices in the Republic of France and Great Britain.[\/vc_column_text]<\/div>\t\n\t<\/div>\n<\/div>\n\n\t\t<\/div>\n\t<\/div>\t<div class=\"vc_col-md-6 split-box-wrap\">\n\t\t<div class=\"parallax-bg\"><\/div>\n\t\t<div class=\"content\">\n\t\t\t\t\t<\/div>\n\t<\/div>\t\n<\/div>\n\n[\/vc_column][\/vc_row][vc_row full_width=&#8221;stretch_row&#8221; parallax=&#8221;content-moving&#8221; css=&#8221;.vc_custom_1654165139897{background-image: url(https:\/\/rasiclaw.rs\/wp-content\/uploads\/2022\/05\/advokat-slider.jpg?id=5721) !important;background-position: center;background-repeat: no-repeat !important;background-size: cover !important;}&#8221;][vc_column css=&#8221;.vc_custom_1477481750805{padding-top: 0px !important;}&#8221;][vc_empty_space height=&#8221;100px&#8221; el_class=&#8221;arg-spacer&#8221;]<div id=\"argenta-custom-69e9de32158e5\"  class=\"heading-wrapper text-center\"  >\n\t\t\t<p class=\"subtitle\">The law office Rasic &amp; Partners<\/p>\n\t\n\t<h3 class=\"second-title text-center\">Rasic &amp; Partners Europe law firm's narrow business expertise is in the field of intellectual property.<\/h3>\n\n\t\n\t\n\t<\/div>\t\n\n[vc_empty_space height=&#8221;100px&#8221; el_class=&#8221;arg-spacer&#8221;][\/vc_column][\/vc_row][vc_row full_width=&#8221;stretch_row_content_no_spaces&#8221;][vc_column width=&#8221;1\/4&#8243; css=&#8221;.vc_custom_1480335094293{padding-top: 0px !important;}&#8221;][vc_empty_space height=&#8221;80px&#8221; el_class=&#8221;arg-spacer&#8221;][vc_row_inner css=&#8221;.vc_custom_1480338022703{border-right-width: 1px !important;border-right-color: #d4d4d4 !important;border-right-style: dotted !important;}&#8221;][vc_column_inner css=&#8221;.vc_custom_1480337956934{padding-top: 0px !important;}&#8221;]<div class=\"counter-box\">\n\t\n\t\n\t\t\t\t\t<span class=\"counter-box-icon ion-ios-people\"><\/span>\n\t\t\t\n\t\t<div class=\"counter-box-count\" data-counter=\"17\">\n\n\t\t\n\t\t<span class=\"count\">0<\/span>\n\t\t\t<\/div>\n\t\t\t<h3 class=\"title\">Our team<\/h3>\n\t\t\t<p class=\"subtitle\">Rasic &amp; Partners Law Firm<\/p>\n\t\n<\/div>\n\n[\/vc_column_inner][\/vc_row_inner][vc_empty_space height=&#8221;80px&#8221; el_class=&#8221;arg-spacer&#8221;][\/vc_column][vc_column width=&#8221;1\/4&#8243; css=&#8221;.vc_custom_1480337835627{padding-top: 0px !important;}&#8221;][vc_empty_space height=&#8221;80px&#8221; el_class=&#8221;arg-spacer&#8221;][vc_row_inner css=&#8221;.vc_custom_1480338022703{border-right-width: 1px !important;border-right-color: #d4d4d4 !important;border-right-style: dotted !important;}&#8221;][vc_column_inner css=&#8221;.vc_custom_1480337956934{padding-top: 0px !important;}&#8221;]<div class=\"counter-box\">\n\t\n\t\n\t\t\t\t\t<span class=\"counter-box-icon ion-ios-personadd\"><\/span>\n\t\t\t\n\t\t<div class=\"counter-box-count\" data-counter=\"1210\">\n\n\t\t\n\t\t<span class=\"count\">0<\/span>\n\t\t\t<\/div>\n\t\t\t<h3 class=\"title\">Satisfied clients<\/h3>\n\t\t\t<p class=\"subtitle\">Rasic &amp; Partners Law Firm<\/p>\n\t\n<\/div>\n\n[\/vc_column_inner][\/vc_row_inner][vc_empty_space height=&#8221;80px&#8221; el_class=&#8221;arg-spacer&#8221;][\/vc_column][vc_column width=&#8221;1\/4&#8243; css=&#8221;.vc_custom_1480335101804{padding-top: 0px !important;}&#8221;][vc_empty_space height=&#8221;80px&#8221; el_class=&#8221;arg-spacer&#8221;][vc_row_inner css=&#8221;.vc_custom_1480338022703{border-right-width: 1px !important;border-right-color: #d4d4d4 !important;border-right-style: dotted !important;}&#8221;][vc_column_inner css=&#8221;.vc_custom_1480337956934{padding-top: 0px !important;}&#8221;]<div class=\"counter-box\">\n\t\n\t\n\t\t\t\t\t<span class=\"counter-box-icon ion-earth\"><\/span>\n\t\t\t\n\t\t<div class=\"counter-box-count\" data-counter=\"58\">\n\n\t\t\n\t\t<span class=\"count\">0<\/span>\n\t\t\t<\/div>\n\t\t\t<h3 class=\"title\">Countries<\/h3>\n\t\t\t<p class=\"subtitle\">Rasic &amp; Partners Law Firm<\/p>\n\t\n<\/div>\n\n[\/vc_column_inner][\/vc_row_inner][vc_empty_space height=&#8221;80px&#8221; el_class=&#8221;arg-spacer&#8221;][\/vc_column][vc_column width=&#8221;1\/4&#8243; css=&#8221;.vc_custom_1479726247962{padding-top: 0px !important;}&#8221;][vc_empty_space height=&#8221;80px&#8221; el_class=&#8221;arg-spacer&#8221;][vc_row_inner][vc_column_inner css=&#8221;.vc_custom_1480337956934{padding-top: 0px !important;}&#8221;]<div class=\"counter-box\">\n\t\n\t\n\t\t\t\t\t<span class=\"counter-box-icon ion-university\"><\/span>\n\t\t\t\n\t\t<div class=\"counter-box-count\" data-counter=\"15\">\n\n\t\t\n\t\t<span class=\"count\">0<\/span>\n\t\t\t<\/div>\n\t\t\t<h3 class=\"title\">Practice Areas<\/h3>\n\t\t\t<p class=\"subtitle\">Rasic &amp; Partners Law Firm<\/p>\n\t\n<\/div>\n\n[\/vc_column_inner][\/vc_row_inner][vc_empty_space height=&#8221;80px&#8221; el_class=&#8221;arg-spacer&#8221;][\/vc_column][\/vc_row]\n","protected":false},"excerpt":{"rendered":"<p>[vc_row full_width=&#8221;stretch_row_content_no_spaces&#8221;][vc_column css=&#8221;.vc_custom_1478168276850{padding-top: 0px !important;}&#8221;][\/vc_column][\/vc_row][vc_row full_width=&#8221;stretch_row&#8221; parallax=&#8221;content-moving&#8221; css=&#8221;.vc_custom_1654165139897{background-image: url(https:\/\/rasiclaw.rs\/wp-content\/uploads\/2022\/05\/advokat-slider.jpg?id=5721) !important;background-position: center;background-repeat: no-repeat !important;background-size: cover !important;}&#8221;][vc_column css=&#8221;.vc_custom_1477481750805{padding-top: 0px !important;}&#8221;][vc_empty_space height=&#8221;100px&#8221; el_class=&#8221;arg-spacer&#8221;][vc_empty_space height=&#8221;100px&#8221; el_class=&#8221;arg-spacer&#8221;][\/vc_column][\/vc_row][vc_row full_width=&#8221;stretch_row_content_no_spaces&#8221;][vc_column width=&#8221;1\/4&#8243; css=&#8221;.vc_custom_1480335094293{padding-top: 0px !important;}&#8221;][vc_empty_space height=&#8221;80px&#8221; el_class=&#8221;arg-spacer&#8221;][vc_row_inner css=&#8221;.vc_custom_1480338022703{border-right-width: 1px !important;border-right-color: #d4d4d4 !important;border-right-style: dotted !important;}&#8221;][vc_column_inner css=&#8221;.vc_custom_1480337956934{padding-top: 0px !important;}&#8221;][\/vc_column_inner][\/vc_row_inner][vc_empty_space height=&#8221;80px&#8221; el_class=&#8221;arg-spacer&#8221;][\/vc_column][vc_column width=&#8221;1\/4&#8243; css=&#8221;.vc_custom_1480337835627{padding-top: 0px !important;}&#8221;][vc_empty_space height=&#8221;80px&#8221; el_class=&#8221;arg-spacer&#8221;][vc_row_inner css=&#8221;.vc_custom_1480338022703{border-right-width: 1px !important;border-right-color: #d4d4d4 !important;border-right-style: dotted !important;}&#8221;][vc_column_inner css=&#8221;.vc_custom_1480337956934{padding-top: [&hellip;]<\/p>\n","protected":false},"author":1,"featured_media":0,"parent":0,"menu_order":0,"comment_status":"closed","ping_status":"closed","template":"page-templates\/page_without-sidebar.php","meta":{"footnotes":""},"class_list":["post-6165","page","type-page","status-publish","hentry"],"acf":[],"yoast_head":"<!-- This site is optimized with the Yoast SEO plugin v24.5 - https:\/\/yoast.com\/wordpress\/plugins\/seo\/ -->\n<title>About us - Advokatska kancelarija Ra&scaron;i\u0107 &amp; Partneri<\/title>\n<meta name=\"description\" content=\"Rasic &amp; Partners Europe law firm&#039;s narrow business expertise is in the field of intellectual property.\" \/>\n<meta name=\"robots\" content=\"index, follow, max-snippet:-1, max-image-preview:large, max-video-preview:-1\" \/>\n<link rel=\"canonical\" href=\"https:\/\/rasiclaw.rs\/en\/about-us\/\" \/>\n<meta property=\"og:locale\" content=\"en_US\" \/>\n<meta property=\"og:type\" content=\"article\" \/>\n<meta property=\"og:title\" content=\"About us - Advokatska kancelarija Ra&scaron;i\u0107 &amp; Partneri\" \/>\n<meta property=\"og:description\" content=\"Rasic &amp; Partners Europe law firm&#039;s narrow business expertise is in the field of intellectual property.\" \/>\n<meta property=\"og:url\" content=\"https:\/\/rasiclaw.rs\/en\/about-us\/\" \/>\n<meta property=\"og:site_name\" content=\"Advokatska kancelarija Ra&scaron;i\u0107 &amp; Partneri\" \/>\n<meta property=\"article:publisher\" content=\"https:\/\/www.facebook.com\/stevan.rasic.7\" \/>\n<meta property=\"article:modified_time\" content=\"2025-09-25T20:28:00+00:00\" \/>\n<meta name=\"twitter:card\" content=\"summary_large_image\" \/>\n<meta name=\"twitter:label1\" content=\"Est. reading time\" \/>\n\t<meta name=\"twitter:data1\" content=\"3 minutes\" \/>\n<script type=\"application\/ld+json\" class=\"yoast-schema-graph\">{\"@context\":\"https:\/\/schema.org\",\"@graph\":[{\"@type\":\"WebPage\",\"@id\":\"https:\/\/rasiclaw.rs\/en\/about-us\/\",\"url\":\"https:\/\/rasiclaw.rs\/en\/about-us\/\",\"name\":\"About us - Advokatska kancelarija Ra&scaron;i\u0107 &amp; Partneri\",\"isPartOf\":{\"@id\":\"https:\/\/rasiclaw.rs\/#website\"},\"datePublished\":\"2017-03-13T09:10:39+00:00\",\"dateModified\":\"2025-09-25T20:28:00+00:00\",\"description\":\"Rasic & Partners Europe law firm's narrow business expertise is in the field of intellectual property.\",\"breadcrumb\":{\"@id\":\"https:\/\/rasiclaw.rs\/en\/about-us\/#breadcrumb\"},\"inLanguage\":\"en-US\",\"potentialAction\":[{\"@type\":\"ReadAction\",\"target\":[\"https:\/\/rasiclaw.rs\/en\/about-us\/\"]}]},{\"@type\":\"BreadcrumbList\",\"@id\":\"https:\/\/rasiclaw.rs\/en\/about-us\/#breadcrumb\",\"itemListElement\":[{\"@type\":\"ListItem\",\"position\":1,\"name\":\"Home\",\"item\":\"https:\/\/rasiclaw.rs\/en\/\"},{\"@type\":\"ListItem\",\"position\":2,\"name\":\"About us\"}]},{\"@type\":\"WebSite\",\"@id\":\"https:\/\/rasiclaw.rs\/#website\",\"url\":\"https:\/\/rasiclaw.rs\/\",\"name\":\"Advokatska kancelarija Ra&scaron;i\u0107 &amp; Partneri\",\"description\":\"Advokatska kancelarija Ra&scaron;i\u0107 &amp; Partneri funkcioni&scaron;e po principu umre\u017eavanja na prostoru Evrope, sa partnerima i saradnicima.\",\"publisher\":{\"@id\":\"https:\/\/rasiclaw.rs\/#organization\"},\"potentialAction\":[{\"@type\":\"SearchAction\",\"target\":{\"@type\":\"EntryPoint\",\"urlTemplate\":\"https:\/\/rasiclaw.rs\/?s={search_term_string}\"},\"query-input\":{\"@type\":\"PropertyValueSpecification\",\"valueRequired\":true,\"valueName\":\"search_term_string\"}}],\"inLanguage\":\"en-US\"},{\"@type\":\"Organization\",\"@id\":\"https:\/\/rasiclaw.rs\/#organization\",\"name\":\"Advokatska kancelarija Ra\u0161i\u0107 & Partneri\",\"url\":\"https:\/\/rasiclaw.rs\/\",\"logo\":{\"@type\":\"ImageObject\",\"inLanguage\":\"en-US\",\"@id\":\"https:\/\/rasiclaw.rs\/#\/schema\/logo\/image\/\",\"url\":\"https:\/\/rasiclaw.rs\/wp-content\/uploads\/2022\/05\/Rasic-logo-FINAL.png\",\"contentUrl\":\"https:\/\/rasiclaw.rs\/wp-content\/uploads\/2022\/05\/Rasic-logo-FINAL.png\",\"width\":1120,\"height\":529,\"caption\":\"Advokatska kancelarija Ra\u0161i\u0107 & Partneri\"},\"image\":{\"@id\":\"https:\/\/rasiclaw.rs\/#\/schema\/logo\/image\/\"},\"sameAs\":[\"https:\/\/www.facebook.com\/stevan.rasic.7\",\"https:\/\/www.linkedin.com\/in\/stevan-rai-2a1892164\/\",\"https:\/\/www.instagram.com\/rasiclaw.rs\/\"]}]}<\/script>\n<!-- \/ Yoast SEO plugin. -->","yoast_head_json":{"title":"About us - Advokatska kancelarija Ra&scaron;i\u0107 &amp; Partneri","description":"Rasic & Partners Europe law firm's narrow business expertise is in the field of intellectual property.","robots":{"index":"index","follow":"follow","max-snippet":"max-snippet:-1","max-image-preview":"max-image-preview:large","max-video-preview":"max-video-preview:-1"},"canonical":"https:\/\/rasiclaw.rs\/en\/about-us\/","og_locale":"en_US","og_type":"article","og_title":"About us - Advokatska kancelarija Ra&scaron;i\u0107 &amp; Partneri","og_description":"Rasic & Partners Europe law firm's narrow business expertise is in the field of intellectual property.","og_url":"https:\/\/rasiclaw.rs\/en\/about-us\/","og_site_name":"Advokatska kancelarija Ra&scaron;i\u0107 &amp; Partneri","article_publisher":"https:\/\/www.facebook.com\/stevan.rasic.7","article_modified_time":"2025-09-25T20:28:00+00:00","twitter_card":"summary_large_image","twitter_misc":{"Est. reading time":"3 minutes"},"schema":{"@context":"https:\/\/schema.org","@graph":[{"@type":"WebPage","@id":"https:\/\/rasiclaw.rs\/en\/about-us\/","url":"https:\/\/rasiclaw.rs\/en\/about-us\/","name":"About us - Advokatska kancelarija Ra&scaron;i\u0107 &amp; Partneri","isPartOf":{"@id":"https:\/\/rasiclaw.rs\/#website"},"datePublished":"2017-03-13T09:10:39+00:00","dateModified":"2025-09-25T20:28:00+00:00","description":"Rasic & Partners Europe law firm's narrow business expertise is in the field of intellectual property.","breadcrumb":{"@id":"https:\/\/rasiclaw.rs\/en\/about-us\/#breadcrumb"},"inLanguage":"en-US","potentialAction":[{"@type":"ReadAction","target":["https:\/\/rasiclaw.rs\/en\/about-us\/"]}]},{"@type":"BreadcrumbList","@id":"https:\/\/rasiclaw.rs\/en\/about-us\/#breadcrumb","itemListElement":[{"@type":"ListItem","position":1,"name":"Home","item":"https:\/\/rasiclaw.rs\/en\/"},{"@type":"ListItem","position":2,"name":"About us"}]},{"@type":"WebSite","@id":"https:\/\/rasiclaw.rs\/#website","url":"https:\/\/rasiclaw.rs\/","name":"Advokatska kancelarija Ra&scaron;i\u0107 &amp; Partneri","description":"Advokatska kancelarija Ra&scaron;i\u0107 &amp; Partneri funkcioni&scaron;e po principu umre\u017eavanja na prostoru Evrope, sa partnerima i saradnicima.","publisher":{"@id":"https:\/\/rasiclaw.rs\/#organization"},"potentialAction":[{"@type":"SearchAction","target":{"@type":"EntryPoint","urlTemplate":"https:\/\/rasiclaw.rs\/?s={search_term_string}"},"query-input":{"@type":"PropertyValueSpecification","valueRequired":true,"valueName":"search_term_string"}}],"inLanguage":"en-US"},{"@type":"Organization","@id":"https:\/\/rasiclaw.rs\/#organization","name":"Advokatska kancelarija Ra\u0161i\u0107 & Partneri","url":"https:\/\/rasiclaw.rs\/","logo":{"@type":"ImageObject","inLanguage":"en-US","@id":"https:\/\/rasiclaw.rs\/#\/schema\/logo\/image\/","url":"https:\/\/rasiclaw.rs\/wp-content\/uploads\/2022\/05\/Rasic-logo-FINAL.png","contentUrl":"https:\/\/rasiclaw.rs\/wp-content\/uploads\/2022\/05\/Rasic-logo-FINAL.png","width":1120,"height":529,"caption":"Advokatska kancelarija Ra\u0161i\u0107 & Partneri"},"image":{"@id":"https:\/\/rasiclaw.rs\/#\/schema\/logo\/image\/"},"sameAs":["https:\/\/www.facebook.com\/stevan.rasic.7","https:\/\/www.linkedin.com\/in\/stevan-rai-2a1892164\/","https:\/\/www.instagram.com\/rasiclaw.rs\/"]}]}},"_links":{"self":[{"href":"https:\/\/rasiclaw.rs\/en\/wp-json\/wp\/v2\/pages\/6165","targetHints":{"allow":["GET"]}}],"collection":[{"href":"https:\/\/rasiclaw.rs\/en\/wp-json\/wp\/v2\/pages"}],"about":[{"href":"https:\/\/rasiclaw.rs\/en\/wp-json\/wp\/v2\/types\/page"}],"author":[{"embeddable":true,"href":"https:\/\/rasiclaw.rs\/en\/wp-json\/wp\/v2\/users\/1"}],"replies":[{"embeddable":true,"href":"https:\/\/rasiclaw.rs\/en\/wp-json\/wp\/v2\/comments?post=6165"}],"version-history":[{"count":14,"href":"https:\/\/rasiclaw.rs\/en\/wp-json\/wp\/v2\/pages\/6165\/revisions"}],"predecessor-version":[{"id":6536,"href":"https:\/\/rasiclaw.rs\/en\/wp-json\/wp\/v2\/pages\/6165\/revisions\/6536"}],"wp:attachment":[{"href":"https:\/\/rasiclaw.rs\/en\/wp-json\/wp\/v2\/media?parent=6165"}],"curies":[{"name":"wp","href":"https:\/\/api.w.org\/{rel}","templated":true}]}}