{"id":6168,"date":"2022-05-19T21:16:37","date_gmt":"2022-05-19T21:16:37","guid":{"rendered":"https:\/\/rasiclaw.rs\/our-team\/"},"modified":"2025-09-25T20:23:06","modified_gmt":"2025-09-25T20:23:06","slug":"our-team","status":"publish","type":"page","link":"https:\/\/rasiclaw.rs\/en\/our-team\/","title":{"rendered":"Our team"},"content":{"rendered":"[vc_row full_width=&#8221;stretch_row&#8221; css=&#8221;.vc_custom_1479109681415{background-color: #f3f3f3 !important;}&#8221;][vc_column css=&#8221;.vc_custom_1478187626867{padding-top: 0px !important;}&#8221;][vc_empty_space height=&#8221;40px&#8221; el_class=&#8221;arg-spacer&#8221;]<div  class=\"heading-wrapper text-center\"  >\n\t\t\t<p class=\"subtitle\">Rasic &amp; Partners law firm<\/p>\n\t\n\t<h3 class=\"second-title text-center\">Our team<\/h3>\n\n\t\n\t\n\t<\/div>\t\n\n[vc_empty_space height=&#8221;40px&#8221; el_class=&#8221;arg-spacer&#8221;][\/vc_column][\/vc_row][vc_row][vc_column width=&#8221;1\/2&#8243;]<div id=\"argenta-custom-69e732cc1ccd6\" class=\"banner-box-wrapper banner-box\"  >\n\t\n\t<div class=\"wrap-image\">\n\t\t<img decoding=\"async\" src=\"https:\/\/rasiclaw.rs\/wp-content\/uploads\/2025\/07\/IMG_5714-scaled.jpeg\" alt=\"\">\n\t<\/div>\n\n\t\n\t\t<h3 class=\"title\"><\/h3>\n\n\t\t\n\t\t<p class=\"description\">\n\t\t\t\t\t<\/p>\n\n\t\t\n\t<\/div>\n\n[\/vc_column][vc_column width=&#8221;1\/2&#8243;]<div class=\"button_wrapper\"  >\n\t\n\t<a href=\"https:\/\/rasiclaw.rs\/en\/attorney-at-law-stevan-rasic\/\" class=\"btn btn-large\">\n\t\t\t\t<span class=\"text\">Attorney Stevan Rasic<\/span>\n\t\t\t<\/a>\n\t\n<\/div>\n\n<div class=\"testimonials-align\">\n\t\n\t\n\t<blockquote><strong>Attorney Stevan Rasic<\/strong>, LL.B, has extensive experience conducting cases of<br \/>\ncriminal law, private international law, labor law, corporate law, contract law,<br \/>\nfamily, inheritance, and enforcement law, at the domestic and international levels.<br \/>\nWith his team, he provides legal services to foreign and domestic individuals and<br \/>\nlegal entities daily. Stevan is also responsible for tasks related to the systematization<br \/>\nand organization of business and is permanently committed to improving business<br \/>\nconditions. He is proactive when it comes to planning and the innovations that<br \/>\nmodern business brings. He represents someone you can rely on, especially when it<br \/>\ncomes to important and valuable things in your business.<br \/>\nStevan has advanced knowledge of English and basic knowledge of French and<br \/>\nRussian.<br \/>\nClients say of him: ``Very responsible, reliable, diligent, and extremely precise in<br \/>\nhis work.``<\/blockquote>\n\n\t\t<div class=\"testimonials-quote\">\n\t\t<span class=\"icon ion-quote\"><\/span>\n\t<\/div>\n\t\n\t\n\t\t<div class=\"testimonials-wrap-content\">\n\t\t<h4 class=\"title\">- Stevan Rasic<\/h4>\n\t<p class=\"subtitle small\">Attorney Stevan Rasic is the founder and senior partner of the Rasic &amp; Partners law firm.<\/p>\n\t\t<\/div>\n\t\n<\/div>\n\n[\/vc_column][\/vc_row][vc_row][vc_column width=&#8221;1\/2&#8243;]<div id=\"argenta-custom-69e732cc1d459\" class=\"banner-box-wrapper banner-box\"  >\n\t\n\t<div class=\"wrap-image\">\n\t\t<img decoding=\"async\" src=\"https:\/\/rasiclaw.rs\/wp-content\/uploads\/2022\/06\/sladjana-stojanovic-e1654156168651.jpg\" alt=\"\">\n\t<\/div>\n\n\t\n\t\t<h3 class=\"title\"><\/h3>\n\n\t\t\n\t\t<p class=\"description\">\n\t\t\t\t\t<\/p>\n\n\t\t\n\t<\/div>\n\n[\/vc_column][vc_column width=&#8221;1\/2&#8243;]<div class=\"testimonials-align\">\n\t\n\t\n\t<blockquote><strong>Partner Sladjana Stojanovic<\/strong>, LL.M, graduate in philology and master in intellectual property law, graduated from the University of Strasbourg, France on the topic:<br \/>\n``Strategies and specifics of patent protection in the pharmaceutical industry.`` In the<br \/>\ncurrent role of team coordinator within Rasic &amp; Partners Europe law firm.<br \/>\nSladjana has twenty years of experience in the economy and over ten years in<br \/>\nmanagement in multinational companies. Her professional practice covers various<br \/>\naspects of national and international registrations and legal analysis of patents,<br \/>\ntrademarks, designs, law enforcement, management, negotiation and conclusion of<br \/>\ncontracts, licenses, and transfer of technology and know-how.<br \/>\nSladjana, in addition to her native Serbian language, is fluent in English and French.<br \/>\n``The secret of great success will be, in a lesson, that the industry future, ideally,<br \/>\nmust be balanced between innovative technologies and the human touch. In such a<br \/>\ndevelopment trend, in the near future, Serbia will become one of the global leaders<br \/>\nin the field of technological innovation.``<\/blockquote>\n\n\t\t<div class=\"testimonials-quote\">\n\t\t<span class=\"icon ion-quote\"><\/span>\n\t<\/div>\n\t\n\t\n\t\t<div class=\"testimonials-wrap-content\">\n\t\t<h4 class=\"title\">- Sladjana Stojanovic<\/h4>\n\t<p class=\"subtitle small\">Senior partner of the Rasic &amp; Partners law firm<\/p>\n\t\t<\/div>\n\t\n<\/div>\n\n[\/vc_column][\/vc_row][vc_row][vc_column width=&#8221;1\/2&#8243;]<div id=\"argenta-custom-69e732cc1df69\" class=\"banner-box-wrapper banner-box\"  >\n\t\n\t<div class=\"wrap-image\">\n\t\t<img decoding=\"async\" src=\"https:\/\/rasiclaw.rs\/wp-content\/uploads\/2025\/07\/IMG_5704-scaled.jpeg\" alt=\"\">\n\t<\/div>\n\n\t\n\t\t<h3 class=\"title\"><\/h3>\n\n\t\t\n\t\t<p class=\"description\">\n\t\t\t\t\t<\/p>\n\n\t\t\t\t\t\t\t<a href=\"#\" class=\"btn box-btn uppercase\">\n\t\t\tRead more\t\t<\/a>\n\t\t\t\t\t\n\t<\/div>\n\n[\/vc_column][vc_column width=&#8221;1\/2&#8243;]<div class=\"testimonials-align\">\n\t\n\t\n\t<blockquote>Marina Cvetkovi\u0107 graduated from the Faculty of Law at the University of Belgrade with an outstanding academic record, earning an average grade of 9.5. Throughout her undergraduate studies, she demonstrated a strong interest in civil, commercial and international law and actively participated in legal clinics, research projects, and academic competitions.<\/p>\n<p>She is currently pursuing her master\u2019s degree at the same faculty, further specializing in international public law, while continuing to enhance her academic and professional knowledge.<\/p>\n<p>Marina is employed at Rasic and Partners law firm as an associate attorney. She is involved in a wide range of legal work, including legal research, drafting submissions, preparing case strategies, and supporting client representation in various proceedings. Her precise legal reasoning, commitment to excellence, and professionalism make her a valuable part of the firm's legal team.<\/p>\n<p>Marina continuously works on improving her legal expertise and strives to provide clients with practical, reliable, and effective legal support.<\/blockquote>\n\n\t\t<div class=\"testimonials-quote\">\n\t\t<span class=\"icon ion-quote\"><\/span>\n\t<\/div>\n\t\n\t\n\t\t<div class=\"testimonials-wrap-content\">\n\t\t<h4 class=\"title\">- Marina Cvetkovi\u0107<\/h4>\n\t<p class=\"subtitle small\">Associate Attorney<\/p>\n\t\t<\/div>\n\t\n<\/div>\n\n[\/vc_column][\/vc_row][vc_row][vc_column width=&#8221;1\/2&#8243;]<div id=\"argenta-custom-69e732cc1e7a4\" class=\"banner-box-wrapper banner-box\"  >\n\t\n\t<div class=\"wrap-image\">\n\t\t<img decoding=\"async\" src=\"https:\/\/rasiclaw.rs\/wp-content\/uploads\/2025\/09\/Slika-Dunja-scaled.jpg\" alt=\"\">\n\t<\/div>\n\n\t\n\t\t<h3 class=\"title\"><\/h3>\n\n\t\t\n\t\t<p class=\"description\">\n\t\t\t\t\t<\/p>\n\n\t\t\t\t\t\t\t<a href=\"#\" class=\"btn box-btn uppercase\">\n\t\t\tRead more\t\t<\/a>\n\t\t\t\t\t\n\t<\/div>\n\n[\/vc_column][vc_column width=&#8221;1\/2&#8243;]<div class=\"testimonials-align\">\n\t\n\t\n\t<blockquote>Dunja Dimitrijevi\u0107 is a law graduate with a strong interest in civil and criminal law. She is characterized by a responsible and precise approach to work, as well as well-developed communication skills, which she combines with a proactive attitude toward solving legal issues.<\/p>\n<p>She graduated from the Faculty of Law, University of Belgrade, specializing in judiciary and public administration, with an average grade of 8.97. During her studies, she was a scholarship holder of the Ministry of Education and received a faculty commendation for outstanding academic achievement. She is currently pursuing a master\u2019s degree in labor law at the same faculty.<\/blockquote>\n\n\t\t<div class=\"testimonials-quote\">\n\t\t<span class=\"icon ion-quote\"><\/span>\n\t<\/div>\n\t\n\t\n\t\t<div class=\"testimonials-wrap-content\">\n\t\t<h4 class=\"title\">- Dunja Dimitrijevi\u0107<\/h4>\n\t<p class=\"subtitle small\">Associate Attorney<\/p>\n\t\t<\/div>\n\t\n<\/div>\n\n[\/vc_column][\/vc_row]\n","protected":false},"excerpt":{"rendered":"<p>[vc_row full_width=&#8221;stretch_row&#8221; css=&#8221;.vc_custom_1479109681415{background-color: #f3f3f3 !important;}&#8221;][vc_column css=&#8221;.vc_custom_1478187626867{padding-top: 0px !important;}&#8221;][vc_empty_space height=&#8221;40px&#8221; el_class=&#8221;arg-spacer&#8221;][vc_empty_space height=&#8221;40px&#8221; el_class=&#8221;arg-spacer&#8221;][\/vc_column][\/vc_row][vc_row][vc_column width=&#8221;1\/2&#8243;][\/vc_column][vc_column width=&#8221;1\/2&#8243;][\/vc_column][\/vc_row][vc_row][vc_column width=&#8221;1\/2&#8243;][\/vc_column][vc_column width=&#8221;1\/2&#8243;][\/vc_column][\/vc_row][vc_row][vc_column width=&#8221;1\/2&#8243;][\/vc_column][vc_column width=&#8221;1\/2&#8243;][\/vc_column][\/vc_row][vc_row][vc_column width=&#8221;1\/2&#8243;][\/vc_column][vc_column width=&#8221;1\/2&#8243;][\/vc_column][\/vc_row]<\/p>\n","protected":false},"author":1,"featured_media":0,"parent":0,"menu_order":0,"comment_status":"closed","ping_status":"closed","template":"page-templates\/page_without-sidebar.php","meta":{"footnotes":""},"class_list":["post-6168","page","type-page","status-publish","hentry"],"acf":[],"yoast_head":"<!-- This site is optimized with the Yoast SEO plugin v24.5 - https:\/\/yoast.com\/wordpress\/plugins\/seo\/ -->\n<title>Our team - Advokatska kancelarija Ra&scaron;i\u0107 &amp; Partneri<\/title>\n<meta name=\"description\" content=\"Our team consists of attorneys at law and experts from different legal fields.\" \/>\n<meta name=\"robots\" content=\"index, follow, max-snippet:-1, max-image-preview:large, max-video-preview:-1\" \/>\n<link rel=\"canonical\" href=\"https:\/\/rasiclaw.rs\/en\/our-team\/\" \/>\n<meta property=\"og:locale\" content=\"en_US\" \/>\n<meta property=\"og:type\" content=\"article\" \/>\n<meta property=\"og:title\" content=\"Our team - Advokatska kancelarija Ra&scaron;i\u0107 &amp; Partneri\" \/>\n<meta property=\"og:description\" content=\"Our team consists of attorneys at law and experts from different legal fields.\" \/>\n<meta property=\"og:url\" content=\"https:\/\/rasiclaw.rs\/en\/our-team\/\" \/>\n<meta property=\"og:site_name\" content=\"Advokatska kancelarija Ra&scaron;i\u0107 &amp; Partneri\" \/>\n<meta property=\"article:publisher\" content=\"https:\/\/www.facebook.com\/stevan.rasic.7\" \/>\n<meta property=\"article:modified_time\" content=\"2025-09-25T20:23:06+00:00\" \/>\n<meta name=\"twitter:card\" content=\"summary_large_image\" \/>\n<meta name=\"twitter:label1\" content=\"Est. reading time\" \/>\n\t<meta name=\"twitter:data1\" content=\"5 minutes\" \/>\n<script type=\"application\/ld+json\" class=\"yoast-schema-graph\">{\"@context\":\"https:\/\/schema.org\",\"@graph\":[{\"@type\":\"WebPage\",\"@id\":\"https:\/\/rasiclaw.rs\/en\/our-team\/\",\"url\":\"https:\/\/rasiclaw.rs\/en\/our-team\/\",\"name\":\"Our team - Advokatska kancelarija Ra&scaron;i\u0107 &amp; Partneri\",\"isPartOf\":{\"@id\":\"https:\/\/rasiclaw.rs\/#website\"},\"datePublished\":\"2022-05-19T21:16:37+00:00\",\"dateModified\":\"2025-09-25T20:23:06+00:00\",\"description\":\"Our team consists of attorneys at law and experts from different legal fields.\",\"breadcrumb\":{\"@id\":\"https:\/\/rasiclaw.rs\/en\/our-team\/#breadcrumb\"},\"inLanguage\":\"en-US\",\"potentialAction\":[{\"@type\":\"ReadAction\",\"target\":[\"https:\/\/rasiclaw.rs\/en\/our-team\/\"]}]},{\"@type\":\"BreadcrumbList\",\"@id\":\"https:\/\/rasiclaw.rs\/en\/our-team\/#breadcrumb\",\"itemListElement\":[{\"@type\":\"ListItem\",\"position\":1,\"name\":\"Home\",\"item\":\"https:\/\/rasiclaw.rs\/en\/\"},{\"@type\":\"ListItem\",\"position\":2,\"name\":\"Our team\"}]},{\"@type\":\"WebSite\",\"@id\":\"https:\/\/rasiclaw.rs\/#website\",\"url\":\"https:\/\/rasiclaw.rs\/\",\"name\":\"Advokatska kancelarija Ra&scaron;i\u0107 &amp; Partneri\",\"description\":\"Advokatska kancelarija Ra&scaron;i\u0107 &amp; Partneri funkcioni&scaron;e po principu umre\u017eavanja na prostoru Evrope, sa partnerima i saradnicima.\",\"publisher\":{\"@id\":\"https:\/\/rasiclaw.rs\/#organization\"},\"potentialAction\":[{\"@type\":\"SearchAction\",\"target\":{\"@type\":\"EntryPoint\",\"urlTemplate\":\"https:\/\/rasiclaw.rs\/?s={search_term_string}\"},\"query-input\":{\"@type\":\"PropertyValueSpecification\",\"valueRequired\":true,\"valueName\":\"search_term_string\"}}],\"inLanguage\":\"en-US\"},{\"@type\":\"Organization\",\"@id\":\"https:\/\/rasiclaw.rs\/#organization\",\"name\":\"Advokatska kancelarija Ra\u0161i\u0107 & Partneri\",\"url\":\"https:\/\/rasiclaw.rs\/\",\"logo\":{\"@type\":\"ImageObject\",\"inLanguage\":\"en-US\",\"@id\":\"https:\/\/rasiclaw.rs\/#\/schema\/logo\/image\/\",\"url\":\"https:\/\/rasiclaw.rs\/wp-content\/uploads\/2022\/05\/Rasic-logo-FINAL.png\",\"contentUrl\":\"https:\/\/rasiclaw.rs\/wp-content\/uploads\/2022\/05\/Rasic-logo-FINAL.png\",\"width\":1120,\"height\":529,\"caption\":\"Advokatska kancelarija Ra\u0161i\u0107 & Partneri\"},\"image\":{\"@id\":\"https:\/\/rasiclaw.rs\/#\/schema\/logo\/image\/\"},\"sameAs\":[\"https:\/\/www.facebook.com\/stevan.rasic.7\",\"https:\/\/www.linkedin.com\/in\/stevan-rai-2a1892164\/\",\"https:\/\/www.instagram.com\/rasiclaw.rs\/\"]}]}<\/script>\n<!-- \/ Yoast SEO plugin. -->","yoast_head_json":{"title":"Our team - Advokatska kancelarija Ra&scaron;i\u0107 &amp; Partneri","description":"Our team consists of attorneys at law and experts from different legal fields.","robots":{"index":"index","follow":"follow","max-snippet":"max-snippet:-1","max-image-preview":"max-image-preview:large","max-video-preview":"max-video-preview:-1"},"canonical":"https:\/\/rasiclaw.rs\/en\/our-team\/","og_locale":"en_US","og_type":"article","og_title":"Our team - Advokatska kancelarija Ra&scaron;i\u0107 &amp; Partneri","og_description":"Our team consists of attorneys at law and experts from different legal fields.","og_url":"https:\/\/rasiclaw.rs\/en\/our-team\/","og_site_name":"Advokatska kancelarija Ra&scaron;i\u0107 &amp; Partneri","article_publisher":"https:\/\/www.facebook.com\/stevan.rasic.7","article_modified_time":"2025-09-25T20:23:06+00:00","twitter_card":"summary_large_image","twitter_misc":{"Est. reading time":"5 minutes"},"schema":{"@context":"https:\/\/schema.org","@graph":[{"@type":"WebPage","@id":"https:\/\/rasiclaw.rs\/en\/our-team\/","url":"https:\/\/rasiclaw.rs\/en\/our-team\/","name":"Our team - Advokatska kancelarija Ra&scaron;i\u0107 &amp; Partneri","isPartOf":{"@id":"https:\/\/rasiclaw.rs\/#website"},"datePublished":"2022-05-19T21:16:37+00:00","dateModified":"2025-09-25T20:23:06+00:00","description":"Our team consists of attorneys at law and experts from different legal fields.","breadcrumb":{"@id":"https:\/\/rasiclaw.rs\/en\/our-team\/#breadcrumb"},"inLanguage":"en-US","potentialAction":[{"@type":"ReadAction","target":["https:\/\/rasiclaw.rs\/en\/our-team\/"]}]},{"@type":"BreadcrumbList","@id":"https:\/\/rasiclaw.rs\/en\/our-team\/#breadcrumb","itemListElement":[{"@type":"ListItem","position":1,"name":"Home","item":"https:\/\/rasiclaw.rs\/en\/"},{"@type":"ListItem","position":2,"name":"Our team"}]},{"@type":"WebSite","@id":"https:\/\/rasiclaw.rs\/#website","url":"https:\/\/rasiclaw.rs\/","name":"Advokatska kancelarija Ra&scaron;i\u0107 &amp; Partneri","description":"Advokatska kancelarija Ra&scaron;i\u0107 &amp; Partneri funkcioni&scaron;e po principu umre\u017eavanja na prostoru Evrope, sa partnerima i saradnicima.","publisher":{"@id":"https:\/\/rasiclaw.rs\/#organization"},"potentialAction":[{"@type":"SearchAction","target":{"@type":"EntryPoint","urlTemplate":"https:\/\/rasiclaw.rs\/?s={search_term_string}"},"query-input":{"@type":"PropertyValueSpecification","valueRequired":true,"valueName":"search_term_string"}}],"inLanguage":"en-US"},{"@type":"Organization","@id":"https:\/\/rasiclaw.rs\/#organization","name":"Advokatska kancelarija Ra\u0161i\u0107 & Partneri","url":"https:\/\/rasiclaw.rs\/","logo":{"@type":"ImageObject","inLanguage":"en-US","@id":"https:\/\/rasiclaw.rs\/#\/schema\/logo\/image\/","url":"https:\/\/rasiclaw.rs\/wp-content\/uploads\/2022\/05\/Rasic-logo-FINAL.png","contentUrl":"https:\/\/rasiclaw.rs\/wp-content\/uploads\/2022\/05\/Rasic-logo-FINAL.png","width":1120,"height":529,"caption":"Advokatska kancelarija Ra\u0161i\u0107 & Partneri"},"image":{"@id":"https:\/\/rasiclaw.rs\/#\/schema\/logo\/image\/"},"sameAs":["https:\/\/www.facebook.com\/stevan.rasic.7","https:\/\/www.linkedin.com\/in\/stevan-rai-2a1892164\/","https:\/\/www.instagram.com\/rasiclaw.rs\/"]}]}},"_links":{"self":[{"href":"https:\/\/rasiclaw.rs\/en\/wp-json\/wp\/v2\/pages\/6168","targetHints":{"allow":["GET"]}}],"collection":[{"href":"https:\/\/rasiclaw.rs\/en\/wp-json\/wp\/v2\/pages"}],"about":[{"href":"https:\/\/rasiclaw.rs\/en\/wp-json\/wp\/v2\/types\/page"}],"author":[{"embeddable":true,"href":"https:\/\/rasiclaw.rs\/en\/wp-json\/wp\/v2\/users\/1"}],"replies":[{"embeddable":true,"href":"https:\/\/rasiclaw.rs\/en\/wp-json\/wp\/v2\/comments?post=6168"}],"version-history":[{"count":27,"href":"https:\/\/rasiclaw.rs\/en\/wp-json\/wp\/v2\/pages\/6168\/revisions"}],"predecessor-version":[{"id":6533,"href":"https:\/\/rasiclaw.rs\/en\/wp-json\/wp\/v2\/pages\/6168\/revisions\/6533"}],"wp:attachment":[{"href":"https:\/\/rasiclaw.rs\/en\/wp-json\/wp\/v2\/media?parent=6168"}],"curies":[{"name":"wp","href":"https:\/\/api.w.org\/{rel}","templated":true}]}}