{"id":6174,"date":"2022-07-12T21:39:22","date_gmt":"2022-07-12T21:39:22","guid":{"rendered":"https:\/\/rasiclaw.rs\/attorney-at-law-stevan-rasic\/"},"modified":"2024-06-08T14:59:24","modified_gmt":"2024-06-08T14:59:24","slug":"attorney-at-law-stevan-rasic","status":"publish","type":"page","link":"https:\/\/rasiclaw.rs\/en\/attorney-at-law-stevan-rasic\/","title":{"rendered":"ATTORNEY AT LAW STEVAN RASIC"},"content":{"rendered":"[vc_row][vc_column][vc_column_text]\n<blockquote>\n<p style=\"text-align: center;\"><strong>ATTORNEY AT LAW STEVAN RASIC<\/strong><\/p>\n<\/blockquote>\n<p>&nbsp;<\/p>\n<p><a href=\"https:\/\/www.linkedin.com\/in\/stevan-ra%C5%A1i%C4%87-197169240?lipi=urn%3Ali%3Apage%3Ad_flagship3_profile_view_base_contact_details%3B49XQ%2B1yRSOK8wBxixayhEg%3D%3D\">Attorney<\/a> <a href=\"https:\/\/www.linkedin.com\/in\/stevan-ra%C5%A1i%C4%87-197169240?lipi=urn%3Ali%3Apage%3Ad_flagship3_profile_view_base_contact_details%3B49XQ%2B1yRSOK8wBxixayhEg%3D%3D\">Stevan Rasic<\/a>, LL.B, has extensive experience conducting cases of criminal law, private international law, labor law, corporate law, contract law, family, inheritance, and enforcement law, at the domestic and international levels. With his team, he provides legal services to foreign and domestic individuals and legal entities daily. Stevan is also responsible for tasks related to the systematization and organization of business and is permanently committed to improving business conditions. He is proactive when it comes to planning and the innovations that modern business brings. He represents someone you can rely on, especially when it comes to important and valuable things in your business.<\/p>\n<p style=\"text-align: left;\"><strong>Career:<\/strong><\/p>\n<p>Stevan completed his elementary and secondary education in Leskovac. He graduated from the <a href=\"http:\/\/www.prafak.ni.ac.rs\/\">Faculty of Law of the University of Nis<\/a>. He started his legal career working in a law office in Belgrade, and after many years of experience and practice, he founded the <a href=\"https:\/\/rasiclaw.rs\/nas-tim-stevan-rasic\/\">Rasic &amp; Partners law firm in Belgrade<\/a>.<\/p>\n<p><strong>Skills:<\/strong><\/p>\n<p>Stevan is fluent in English, and can also use French and Russian. He is a long-time member of the <a href=\"https:\/\/fss.rs\/\">Football Association of Serbia<\/a> and a former football referee with the highest rank in the Republic of Serbia. He won the award and recognition for the best attorney at law in 2019 within the law office where he worked.<\/p>\n<p><strong>Impression of clients:<\/strong><\/p>\n<p>Clients say of him: <em>&#8220;Very responsible, reliable, diligent, and extremely precise in his work.&#8221;<\/em>[\/vc_column_text][\/vc_column][\/vc_row][vc_row][vc_column]\t<ul class=\"list-box-icon contact-module\">\n\t\n\t\t<li id=\"argenta-custom-69e55d767443a\">\n\n\t<span class=\"icon my-icon-doc-resume\"><\/span>\n\t\t<h4 class=\"title\">Positon:<\/h4>\n\t\t<address>Senior partner<\/address>\t\n\n<\/li>\n\n<li id=\"argenta-custom-69e55d76744e7\">\n\n\t<span class=\"icon my-icon-ema-email\"><\/span>\n\t\t<h4 class=\"title\">E-mail adress:<\/h4>\n\t\t<address>stevanrasic@rasiclaw.rs<\/address>\t\n\n<\/li>\n\n<li id=\"argenta-custom-69e55d767456b\">\n\n\t<span class=\"icon my-icon-tel-phone\"><\/span>\n\t\t<h4 class=\"title\">Phone number:<\/h4>\n\t\t<address>+381 64 508 92 03<\/address>\t\n\n<\/li>\n\n\n\t<\/ul>[\/vc_column][\/vc_row]\n","protected":false},"excerpt":{"rendered":"<p>[vc_row][vc_column][vc_column_text] ATTORNEY AT LAW STEVAN RASIC &nbsp; Attorney Stevan Rasic, LL.B, has extensive experience conducting cases of criminal law, private international law, labor law, corporate law, contract law, family, inheritance, and enforcement law, at the domestic and international levels. With his team, he provides legal services to foreign and domestic individuals and legal entities daily. [&hellip;]<\/p>\n","protected":false},"author":2,"featured_media":0,"parent":0,"menu_order":0,"comment_status":"closed","ping_status":"closed","template":"","meta":{"footnotes":""},"class_list":["post-6174","page","type-page","status-publish","hentry"],"acf":[],"yoast_head":"<!-- This site is optimized with the Yoast SEO plugin v24.5 - https:\/\/yoast.com\/wordpress\/plugins\/seo\/ -->\n<title>ATTORNEY AT LAW STEVAN RASIC - Advokatska kancelarija Ra&scaron;i\u0107 &amp; Partneri<\/title>\n<meta name=\"description\" content=\"Attorney Stevan Rasic is the founder and senior partner of the Rasic &amp; Partners law firm. \u010clan advokatske komore Beograda.\" \/>\n<meta name=\"robots\" content=\"index, follow, max-snippet:-1, max-image-preview:large, max-video-preview:-1\" \/>\n<link rel=\"canonical\" href=\"https:\/\/rasiclaw.rs\/en\/attorney-at-law-stevan-rasic\/\" \/>\n<meta property=\"og:locale\" content=\"en_US\" \/>\n<meta property=\"og:type\" content=\"article\" \/>\n<meta property=\"og:title\" content=\"ATTORNEY AT LAW STEVAN RASIC - Advokatska kancelarija Ra&scaron;i\u0107 &amp; Partneri\" \/>\n<meta property=\"og:description\" content=\"Attorney Stevan Rasic is the founder and senior partner of the Rasic &amp; Partners law firm. \u010clan advokatske komore Beograda.\" \/>\n<meta property=\"og:url\" content=\"https:\/\/rasiclaw.rs\/en\/attorney-at-law-stevan-rasic\/\" \/>\n<meta property=\"og:site_name\" content=\"Advokatska kancelarija Ra&scaron;i\u0107 &amp; Partneri\" \/>\n<meta property=\"article:publisher\" content=\"https:\/\/www.facebook.com\/stevan.rasic.7\" \/>\n<meta property=\"article:modified_time\" content=\"2024-06-08T14:59:24+00:00\" \/>\n<meta name=\"twitter:card\" content=\"summary_large_image\" \/>\n<meta name=\"twitter:label1\" content=\"Est. reading time\" \/>\n\t<meta name=\"twitter:data1\" content=\"2 minutes\" \/>\n<script type=\"application\/ld+json\" class=\"yoast-schema-graph\">{\"@context\":\"https:\/\/schema.org\",\"@graph\":[{\"@type\":\"WebPage\",\"@id\":\"https:\/\/rasiclaw.rs\/en\/attorney-at-law-stevan-rasic\/\",\"url\":\"https:\/\/rasiclaw.rs\/en\/attorney-at-law-stevan-rasic\/\",\"name\":\"ATTORNEY AT LAW STEVAN RASIC - Advokatska kancelarija Ra&scaron;i\u0107 &amp; Partneri\",\"isPartOf\":{\"@id\":\"https:\/\/rasiclaw.rs\/#website\"},\"datePublished\":\"2022-07-12T21:39:22+00:00\",\"dateModified\":\"2024-06-08T14:59:24+00:00\",\"description\":\"Attorney Stevan Rasic is the founder and senior partner of the Rasic & Partners law firm. \u010clan advokatske komore Beograda.\",\"breadcrumb\":{\"@id\":\"https:\/\/rasiclaw.rs\/en\/attorney-at-law-stevan-rasic\/#breadcrumb\"},\"inLanguage\":\"en-US\",\"potentialAction\":[{\"@type\":\"ReadAction\",\"target\":[\"https:\/\/rasiclaw.rs\/en\/attorney-at-law-stevan-rasic\/\"]}]},{\"@type\":\"BreadcrumbList\",\"@id\":\"https:\/\/rasiclaw.rs\/en\/attorney-at-law-stevan-rasic\/#breadcrumb\",\"itemListElement\":[{\"@type\":\"ListItem\",\"position\":1,\"name\":\"Home\",\"item\":\"https:\/\/rasiclaw.rs\/en\/\"},{\"@type\":\"ListItem\",\"position\":2,\"name\":\"ATTORNEY AT LAW STEVAN RASIC\"}]},{\"@type\":\"WebSite\",\"@id\":\"https:\/\/rasiclaw.rs\/#website\",\"url\":\"https:\/\/rasiclaw.rs\/\",\"name\":\"Advokatska kancelarija Ra&scaron;i\u0107 &amp; Partneri\",\"description\":\"Advokatska kancelarija Ra&scaron;i\u0107 &amp; Partneri funkcioni&scaron;e po principu umre\u017eavanja na prostoru Evrope, sa partnerima i saradnicima.\",\"publisher\":{\"@id\":\"https:\/\/rasiclaw.rs\/#organization\"},\"potentialAction\":[{\"@type\":\"SearchAction\",\"target\":{\"@type\":\"EntryPoint\",\"urlTemplate\":\"https:\/\/rasiclaw.rs\/?s={search_term_string}\"},\"query-input\":{\"@type\":\"PropertyValueSpecification\",\"valueRequired\":true,\"valueName\":\"search_term_string\"}}],\"inLanguage\":\"en-US\"},{\"@type\":\"Organization\",\"@id\":\"https:\/\/rasiclaw.rs\/#organization\",\"name\":\"Advokatska kancelarija Ra\u0161i\u0107 & Partneri\",\"url\":\"https:\/\/rasiclaw.rs\/\",\"logo\":{\"@type\":\"ImageObject\",\"inLanguage\":\"en-US\",\"@id\":\"https:\/\/rasiclaw.rs\/#\/schema\/logo\/image\/\",\"url\":\"https:\/\/rasiclaw.rs\/wp-content\/uploads\/2022\/05\/Rasic-logo-FINAL.png\",\"contentUrl\":\"https:\/\/rasiclaw.rs\/wp-content\/uploads\/2022\/05\/Rasic-logo-FINAL.png\",\"width\":1120,\"height\":529,\"caption\":\"Advokatska kancelarija Ra\u0161i\u0107 & Partneri\"},\"image\":{\"@id\":\"https:\/\/rasiclaw.rs\/#\/schema\/logo\/image\/\"},\"sameAs\":[\"https:\/\/www.facebook.com\/stevan.rasic.7\",\"https:\/\/www.linkedin.com\/in\/stevan-rai-2a1892164\/\",\"https:\/\/www.instagram.com\/rasiclaw.rs\/\"]}]}<\/script>\n<!-- \/ Yoast SEO plugin. -->","yoast_head_json":{"title":"ATTORNEY AT LAW STEVAN RASIC - Advokatska kancelarija Ra&scaron;i\u0107 &amp; Partneri","description":"Attorney Stevan Rasic is the founder and senior partner of the Rasic & Partners law firm. \u010clan advokatske komore Beograda.","robots":{"index":"index","follow":"follow","max-snippet":"max-snippet:-1","max-image-preview":"max-image-preview:large","max-video-preview":"max-video-preview:-1"},"canonical":"https:\/\/rasiclaw.rs\/en\/attorney-at-law-stevan-rasic\/","og_locale":"en_US","og_type":"article","og_title":"ATTORNEY AT LAW STEVAN RASIC - Advokatska kancelarija Ra&scaron;i\u0107 &amp; Partneri","og_description":"Attorney Stevan Rasic is the founder and senior partner of the Rasic & Partners law firm. \u010clan advokatske komore Beograda.","og_url":"https:\/\/rasiclaw.rs\/en\/attorney-at-law-stevan-rasic\/","og_site_name":"Advokatska kancelarija Ra&scaron;i\u0107 &amp; Partneri","article_publisher":"https:\/\/www.facebook.com\/stevan.rasic.7","article_modified_time":"2024-06-08T14:59:24+00:00","twitter_card":"summary_large_image","twitter_misc":{"Est. reading time":"2 minutes"},"schema":{"@context":"https:\/\/schema.org","@graph":[{"@type":"WebPage","@id":"https:\/\/rasiclaw.rs\/en\/attorney-at-law-stevan-rasic\/","url":"https:\/\/rasiclaw.rs\/en\/attorney-at-law-stevan-rasic\/","name":"ATTORNEY AT LAW STEVAN RASIC - Advokatska kancelarija Ra&scaron;i\u0107 &amp; Partneri","isPartOf":{"@id":"https:\/\/rasiclaw.rs\/#website"},"datePublished":"2022-07-12T21:39:22+00:00","dateModified":"2024-06-08T14:59:24+00:00","description":"Attorney Stevan Rasic is the founder and senior partner of the Rasic & Partners law firm. \u010clan advokatske komore Beograda.","breadcrumb":{"@id":"https:\/\/rasiclaw.rs\/en\/attorney-at-law-stevan-rasic\/#breadcrumb"},"inLanguage":"en-US","potentialAction":[{"@type":"ReadAction","target":["https:\/\/rasiclaw.rs\/en\/attorney-at-law-stevan-rasic\/"]}]},{"@type":"BreadcrumbList","@id":"https:\/\/rasiclaw.rs\/en\/attorney-at-law-stevan-rasic\/#breadcrumb","itemListElement":[{"@type":"ListItem","position":1,"name":"Home","item":"https:\/\/rasiclaw.rs\/en\/"},{"@type":"ListItem","position":2,"name":"ATTORNEY AT LAW STEVAN RASIC"}]},{"@type":"WebSite","@id":"https:\/\/rasiclaw.rs\/#website","url":"https:\/\/rasiclaw.rs\/","name":"Advokatska kancelarija Ra&scaron;i\u0107 &amp; Partneri","description":"Advokatska kancelarija Ra&scaron;i\u0107 &amp; Partneri funkcioni&scaron;e po principu umre\u017eavanja na prostoru Evrope, sa partnerima i saradnicima.","publisher":{"@id":"https:\/\/rasiclaw.rs\/#organization"},"potentialAction":[{"@type":"SearchAction","target":{"@type":"EntryPoint","urlTemplate":"https:\/\/rasiclaw.rs\/?s={search_term_string}"},"query-input":{"@type":"PropertyValueSpecification","valueRequired":true,"valueName":"search_term_string"}}],"inLanguage":"en-US"},{"@type":"Organization","@id":"https:\/\/rasiclaw.rs\/#organization","name":"Advokatska kancelarija Ra\u0161i\u0107 & Partneri","url":"https:\/\/rasiclaw.rs\/","logo":{"@type":"ImageObject","inLanguage":"en-US","@id":"https:\/\/rasiclaw.rs\/#\/schema\/logo\/image\/","url":"https:\/\/rasiclaw.rs\/wp-content\/uploads\/2022\/05\/Rasic-logo-FINAL.png","contentUrl":"https:\/\/rasiclaw.rs\/wp-content\/uploads\/2022\/05\/Rasic-logo-FINAL.png","width":1120,"height":529,"caption":"Advokatska kancelarija Ra\u0161i\u0107 & Partneri"},"image":{"@id":"https:\/\/rasiclaw.rs\/#\/schema\/logo\/image\/"},"sameAs":["https:\/\/www.facebook.com\/stevan.rasic.7","https:\/\/www.linkedin.com\/in\/stevan-rai-2a1892164\/","https:\/\/www.instagram.com\/rasiclaw.rs\/"]}]}},"_links":{"self":[{"href":"https:\/\/rasiclaw.rs\/en\/wp-json\/wp\/v2\/pages\/6174","targetHints":{"allow":["GET"]}}],"collection":[{"href":"https:\/\/rasiclaw.rs\/en\/wp-json\/wp\/v2\/pages"}],"about":[{"href":"https:\/\/rasiclaw.rs\/en\/wp-json\/wp\/v2\/types\/page"}],"author":[{"embeddable":true,"href":"https:\/\/rasiclaw.rs\/en\/wp-json\/wp\/v2\/users\/2"}],"replies":[{"embeddable":true,"href":"https:\/\/rasiclaw.rs\/en\/wp-json\/wp\/v2\/comments?post=6174"}],"version-history":[{"count":7,"href":"https:\/\/rasiclaw.rs\/en\/wp-json\/wp\/v2\/pages\/6174\/revisions"}],"predecessor-version":[{"id":6468,"href":"https:\/\/rasiclaw.rs\/en\/wp-json\/wp\/v2\/pages\/6174\/revisions\/6468"}],"wp:attachment":[{"href":"https:\/\/rasiclaw.rs\/en\/wp-json\/wp\/v2\/media?parent=6174"}],"curies":[{"name":"wp","href":"https:\/\/api.w.org\/{rel}","templated":true}]}}