{"id":6212,"date":"2022-07-12T20:13:49","date_gmt":"2022-07-12T20:13:49","guid":{"rendered":"https:\/\/rasiclaw.rs\/compensation-for-damages\/"},"modified":"2022-10-25T09:50:44","modified_gmt":"2022-10-25T09:50:44","slug":"compensation-for-damages","status":"publish","type":"page","link":"https:\/\/rasiclaw.rs\/en\/compensation-for-damages\/","title":{"rendered":"Compensation for Damages"},"content":{"rendered":"[vc_row][vc_column][vc_column_text]\n<blockquote><p><strong>COMPENSATION FOR DAMAGES<\/strong><\/p><\/blockquote>\n<p>In the practice of the Rasic &amp; Partners law firm, a significant place is occupied by disputes arising from harmful events, such as injuries at the workplace, traffic accidents, sports injuries, and the like. The reason for this is the frequency of disputes in this area, especially in urban areas. Due to excessive traffic jams in big cities, traffic accidents with significant consequences occur daily. Consequences, or damage, can be of a material and\/or non-material nature.<\/p>\n<blockquote>\n<p style=\"text-align: left;\"><strong>NON-MATERIAL (NON-PROPERTY) DAMAGE<\/strong><\/p>\n<\/blockquote>\n<p>Material (property) damage consists in the destruction of a thing, or a minor or major injury, making it impossible or difficult to use the thing, or in some nuisance for which removal it&#8217;s necessary to make expenses that otherwise wouldn&#8217;t be made. It is a violation of a property interest or property. The offender is obliged to compensate the injured party for the interest he would have had if the harmful event had not occurred.<\/p>\n<p>Material damage can also occur in the event of an injury to another natural person if that injury resulted in the incapacity for work or medical expenses. Cases of material damage in case of bodily injury or damage to health are:<\/p>\n<ul>\n<li>cost of treatment<\/li>\n<li>lost earnings<\/li>\n<li>costs of increased need due to injury<\/li>\n<\/ul>\n<p>There are two types of material damage: real (visible) damage and lost profit.<\/p>\n<blockquote>\n<p style=\"text-align: left;\"><strong>NON-MATERIAL (NON-PROPERTY) DAMAGE<\/strong><\/p>\n<\/blockquote>\n<p>Non-material damage differs from material damage because it does not represent property loss. It arises as a result of mental, physical pain and fear suffered.<\/p>\n<p>For the physical pain suffered, the fear suffered and the mental pain suffered due to the violation of personal rights protected by law, the court can award compensation for non-material damages when the intensity and duration of the pain and fear justify it, taking into account the importance of the damaged good and the purpose served by the compensation, so not to favor aspirations that are incompatible with the nature and purpose of monetary compensation for non-material damage.<\/p>\n<p>For mental pain suffered, the court can award compensation for non-property damage only in the cases enumerated by law:<\/p>\n<ul>\n<li>Physical pain suffered<\/li>\n<li>Fear suffer<\/li>\n<li>Mental pain suffered due to reduced life activity<\/li>\n<li>Mental pain suffered due to being angry<\/li>\n<li>Mental pain suffered due to injury to reputation and honor<\/li>\n<li>Emotional pain suffered due to the death of a close person<\/li>\n<li>Mental pain suffered due to a particularly severe disability of a close<\/li>\n<\/ul>\n<p>According to the <a href=\"https:\/\/www.paragraf.rs\/propisi\/zakon_o_obligacionim_odnosima.html\">Law on Contract and Torts<\/a> (Art. 200), for physical pain suffered, mental pain suffered due to reduced life activity, humiliation, injury to reputation, honor, freedom or personal rights, death of a close person as well as fear, the court will award a fair monetary compensation, independently of compensation for material damage as well as in its absence, if it finds that the circumstances of the case, and especially the intensity of pain and fear and their duration justify it.<\/p>\n<p>&nbsp;<\/p>\n<p>&nbsp;<\/p>\n<blockquote>\n<p style=\"text-align: center;\"><a href=\"https:\/\/rasiclaw.rs\/en\/advokat-za-naknadu-stete-en\/tuzba-za-naknadu-stete\/\"><strong>COURT PRACTICE OF RASIC &amp; PARTNERS LAW FIRM<\/strong><\/a><\/p>\n<\/blockquote>\n<p>Typical legal proceedings related to damages in which our attorneys participate are:<\/p>\n<ul>\n<li><a href=\"https:\/\/rasiclaw.rs\/en\/advokat-za-naknadu-stete-en\/tuzba-za-naknadu-stete\/\">Work injuries<\/a><\/li>\n<li><a href=\"https:\/\/rasiclaw.rs\/en\/advokat-za-naknadu-stete-en\/tuzba-za-naknadu-stete\/\">Automobile and road traffic accidents<\/a><\/li>\n<li>Bicycle and motorcycle accidents<\/li>\n<li>Claims for damages related to sports injuries<\/li>\n<li><a href=\"https:\/\/rasiclaw.rs\/en\/advokat-za-naknadu-stete-en\/tuzba-za-naknadu-stete\/\">Accidents with animals<\/a><\/li>\n<li>Amputated or lost limbs<\/li>\n<li>Industrial diseases<\/li>\n<li>Multiple fractures and broken bones<\/li>\n<li><a href=\"https:\/\/rasiclaw.rs\/en\/advokat-za-naknadu-stete-en\/tuzba-za-naknadu-stete\/\">Fatal injuries<\/a><\/li>\n<\/ul>\n<p><!--more-->[\/vc_column_text][\/vc_column][\/vc_row][vc_row][vc_column]<div class=\"button_wrapper\"  >\n\t\n\t<a href=\"https:\/\/rasiclaw.rs\/advokat-za-naknadu-stete\/advokat-za-naknadu-stete\/\" class=\"btn btn-outline btn-large\">\n\t\t\t\t<span class=\"icon linea-arrows-slide-right2\"><\/span>\n\t\t\t\t<span class=\"text\">\"LAWSUIT FOR COMPENSATORY DAMAGES\"<\/span>\n\t\t\t<\/a>\n\t\n<\/div>\n\n[\/vc_column][\/vc_row][vc_row full_width=&#8221;stretch_row&#8221; css=&#8221;.vc_custom_1654163405657{background-color: #f3f3f3 !important;}&#8221;][vc_column css=&#8221;.vc_custom_1478187626867{padding-top: 0px !important;}&#8221;][vc_empty_space height=&#8221;40px&#8221; el_class=&#8221;arg-spacer&#8221;]<div  class=\"heading-wrapper text-center\"  >\n\t\t\t<p class=\"subtitle\">Rasic &amp; Partners<\/p>\n\t\n\t<h3 class=\"second-title text-center\">Practice areas<\/h3>\n\n\t\n\t\n\t<\/div>\t\n\n[vc_empty_space height=&#8221;40px&#8221; el_class=&#8221;arg-spacer&#8221;][vc_row_inner][vc_column_inner width=&#8221;1\/5&#8243;]<div id=\"argenta-custom-69e730bce3787\" class=\"icon-box-left\"  >\n\n\t<div class=\"icon-box-image brand-color brand-border-color\">\n\t\t\t\t<span class=\"my-icon-use-user-user-user brand-color\"><\/span>\n\t\t\t<\/div>\n\n\t<div class=\"icon-box-wrap-content\">\n\t\t<h3 class=\"title icon-box-title\"><\/h3>\n\t\t\n\t\t\t\t\n\t\t\t\t\t<p class=\"icon-box-description\"><\/p>\n\n\t\t\t\t\t<\/div>\n\t\t\n<\/div>\n\n<div id=\"argenta-custom-69e730bce3804\"  class=\"heading-wrapper text-left\"  >\n\t\t\t<p class=\"subtitle\"><\/p>\n\t\n\t<h3 class=\"second-title text-left\">Family Law<\/h3>\n\n\t\n\t\n\t<\/div>\t\n\n[vc_column_text]\n<ul>\n<li>Divorce<\/li>\n<li>Property division after divorce<\/li>\n<li>Alimony<\/li>\n<li>Child custody<\/li>\n<li>Domestic violence<\/li>\n<\/ul>\n[\/vc_column_text][vc_empty_space]<div class=\"button_wrapper\"  >\n\t\n\t<a href=\"https:\/\/rasiclaw.rs\/en\/family-law\/\" class=\"btn btn-outline\">\n\t\t\t\t<span class=\"text\">Read more<\/span>\n\t\t\t<\/a>\n\t\n<\/div>\n\n[vc_empty_space][\/vc_column_inner][vc_column_inner width=&#8221;1\/5&#8243;]<div id=\"argenta-custom-69e730bce38cb\" class=\"icon-box-left\"  >\n\n\t<div class=\"icon-box-image brand-color brand-border-color\">\n\t\t\t\t<span class=\"my-icon-ios-browsers brand-color\"><\/span>\n\t\t\t<\/div>\n\n\t<div class=\"icon-box-wrap-content\">\n\t\t<h3 class=\"title icon-box-title\"><\/h3>\n\t\t\n\t\t\t\t\n\t\t\t\t\t<p class=\"icon-box-description\"><\/p>\n\n\t\t\t\t\t<\/div>\n\t\t\n<\/div>\n\n<div id=\"argenta-custom-69e730bce3920\"  class=\"heading-wrapper text-left\"  >\n\t\t\t<p class=\"subtitle\"><\/p>\n\t\n\t<h3 class=\"second-title text-left\">Inheritance Law<\/h3>\n\n\t\n\t\n\t<\/div>\t\n\n[vc_column_text]\n<ul>\n<li>Initiation of probate proceedings<\/li>\n<li>Necessary hereditary part<\/li>\n<li>Testament<\/li>\n<li>International inheritance law<\/li>\n<li>Inheritance in Croatia<\/li>\n<li>Inheritance in Montenegro<\/li>\n<li>Inheritance in Germany<\/li>\n<li>Inheritance in Italy<\/li>\n<\/ul>\n[\/vc_column_text][vc_empty_space]<div class=\"button_wrapper\"  >\n\t\n\t<a href=\"https:\/\/rasiclaw.rs\/en\/inheritance-law-in-the-republic-of-serbia\/\" class=\"btn btn-outline\">\n\t\t\t\t<span class=\"text\">Read more<\/span>\n\t\t\t<\/a>\n\t\n<\/div>\n\n[vc_empty_space][\/vc_column_inner][vc_column_inner width=&#8221;1\/5&#8243;]<div id=\"argenta-custom-69e730bce39d5\" class=\"icon-box-left\"  >\n\n\t<div class=\"icon-box-image brand-color brand-border-color\">\n\t\t\t\t<span class=\"linea-basic-case brand-color\"><\/span>\n\t\t\t<\/div>\n\n\t<div class=\"icon-box-wrap-content\">\n\t\t<h3 class=\"title icon-box-title\"><\/h3>\n\t\t\n\t\t\t\t\n\t\t\t\t\t<p class=\"icon-box-description\"><\/p>\n\n\t\t\t\t\t<\/div>\n\t\t\n<\/div>\n\n<div id=\"argenta-custom-69e730bce3a28\"  class=\"heading-wrapper text-left\"  >\n\t\t\t<p class=\"subtitle\"><\/p>\n\t\n\t<h3 class=\"second-title text-left\">Labor Law<\/h3>\n\n\t\n\t\n\t<\/div>\t\n\n[vc_column_text]\n<ul>\n<li>Labor disputes in the Republic of Serbia<\/li>\n<li>Labor disputes abroad<\/li>\n<\/ul>\n[\/vc_column_text][vc_empty_space]<div class=\"button_wrapper\"  >\n\t\n\t<a href=\"https:\/\/rasiclaw.rs\/en\/labor-law\/\" class=\"btn btn-outline\">\n\t\t\t\t<span class=\"text\">Read more<\/span>\n\t\t\t<\/a>\n\t\n<\/div>\n\n[vc_empty_space][\/vc_column_inner][vc_column_inner width=&#8221;1\/5&#8243;]<div id=\"argenta-custom-69e730bce3ad1\" class=\"icon-box-left\"  >\n\n\t<div class=\"icon-box-image brand-color brand-border-color\">\n\t\t\t\t<span class=\"my-icon-fin-note-card brand-color\"><\/span>\n\t\t\t<\/div>\n\n\t<div class=\"icon-box-wrap-content\">\n\t\t<h3 class=\"title icon-box-title\"><\/h3>\n\t\t\n\t\t\t\t\n\t\t\t\t\t<p class=\"icon-box-description\"><\/p>\n\n\t\t\t\t\t<\/div>\n\t\t\n<\/div>\n\n<div id=\"argenta-custom-69e730bce3b1f\"  class=\"heading-wrapper text-left\"  >\n\t\t\t<p class=\"subtitle\"><\/p>\n\t\n\t<h3 class=\"second-title text-left\">Compensation for Damages<\/h3>\n\n\t\n\t\n\t<\/div>\t\n\n[vc_column_text]\n<ul>\n<li>Compensation for damages in traffic accidents<\/li>\n<li>Compensation for material damage<\/li>\n<li>Compensation for non-material damage<\/li>\n<\/ul>\n[\/vc_column_text][vc_empty_space]<div class=\"button_wrapper\"  >\n\t\n\t<a href=\"https:\/\/rasiclaw.rs\/en\/compensation-for-damages\/\" class=\"btn btn-outline\">\n\t\t\t\t<span class=\"text\">Read more<\/span>\n\t\t\t<\/a>\n\t\n<\/div>\n\n[vc_empty_space][\/vc_column_inner][vc_column_inner width=&#8221;1\/5&#8243;]<div id=\"argenta-custom-69e730bce3bc4\" class=\"icon-box-left\"  >\n\n\t<div class=\"icon-box-image brand-color brand-border-color\">\n\t\t\t\t<span class=\"my-icon-ui-fingerprint brand-color\"><\/span>\n\t\t\t<\/div>\n\n\t<div class=\"icon-box-wrap-content\">\n\t\t<h3 class=\"title icon-box-title\"><\/h3>\n\t\t\n\t\t\t\t\n\t\t\t\t\t<p class=\"icon-box-description\"><\/p>\n\n\t\t\t\t\t<\/div>\n\t\t\n<\/div>\n\n<div id=\"argenta-custom-69e730bce3c18\"  class=\"heading-wrapper text-left\"  >\n\t\t\t<p class=\"subtitle\"><\/p>\n\t\n\t<h3 class=\"second-title text-left\">Criminal Law<\/h3>\n\n\t\n\t\n\t<\/div>\t\n\n[vc_column_text]\n<ul>\n<li>Crimes against life and body<\/li>\n<li>Crimes against honor and reputation<\/li>\n<li>The criminal offense of unauthorized production and distribution of narcotic<br \/>\ndrugs<\/li>\n<li>International criminal law<\/li>\n<\/ul>\n[\/vc_column_text][vc_empty_space][vc_empty_space][\/vc_column_inner][\/vc_row_inner][vc_row_inner][vc_column_inner width=&#8221;1\/5&#8243;]<div id=\"argenta-custom-69e730bce3c68\" class=\"icon-box-left\"  >\n\n\t<div class=\"icon-box-image brand-color brand-border-color\">\n\t\t\t\t<span class=\"my-icon-spa-earth brand-color\"><\/span>\n\t\t\t<\/div>\n\n\t<div class=\"icon-box-wrap-content\">\n\t\t<h3 class=\"title icon-box-title\"><\/h3>\n\t\t\n\t\t\t\t\n\t\t\t\t\t<p class=\"icon-box-description\"><\/p>\n\n\t\t\t\t\t<\/div>\n\t\t\n<\/div>\n\n<div id=\"argenta-custom-69e730bce3cb5\"  class=\"heading-wrapper text-left\"  >\n\t\t\t<p class=\"subtitle\"><\/p>\n\t\n\t<h3 class=\"second-title text-left\">International Law<\/h3>\n\n\t\n\t\n\t<\/div>\t\n\n[vc_column_text]\n<ul>\n<li>Abolition of bans for the Schengen area<\/li>\n<li>Acquisition of Croatian citizenship<\/li>\n<li>Removal of the ban for the Schengen area<\/li>\n<li>International probate proceedings<\/li>\n<li>International criminal law<\/li>\n<li>Recognition of foreign court decisions<\/li>\n<\/ul>\n[\/vc_column_text]<div class=\"button_wrapper\"  >\n\t\n\t<a href=\"https:\/\/rasiclaw.rs\/en\/international-inheritance-law\/\" class=\"btn btn-outline\">\n\t\t\t\t<span class=\"text\">Read more<\/span>\n\t\t\t<\/a>\n\t\n<\/div>\n\n[vc_empty_space][vc_empty_space][\/vc_column_inner][vc_column_inner width=&#8221;1\/5&#8243;]<div id=\"argenta-custom-69e730bce3d58\" class=\"icon-box-left\"  >\n\n\t<div class=\"icon-box-image brand-color brand-border-color\">\n\t\t\t\t<span class=\"linea-basic-gear brand-color\"><\/span>\n\t\t\t<\/div>\n\n\t<div class=\"icon-box-wrap-content\">\n\t\t<h3 class=\"title icon-box-title\"><\/h3>\n\t\t\n\t\t\t\t\n\t\t\t\t\t<p class=\"icon-box-description\"><\/p>\n\n\t\t\t\t\t<\/div>\n\t\t\n<\/div>\n\n<div id=\"argenta-custom-69e730bce3da2\"  class=\"heading-wrapper text-left\"  >\n\t\t\t<p class=\"subtitle\"><\/p>\n\t\n\t<h3 class=\"second-title text-left\">Commercial Law<\/h3>\n\n\t\n\t\n\t<\/div>\t\n\n[vc_column_text]\n<ul>\n<li>Founding of business companies in the Republic of Serbia<\/li>\n<li>Founding of business companies in Slovakia<\/li>\n<li>Commercial offenses<\/li>\n<li>Compulsory liquidation<\/li>\n<li>Bankruptcy proceedings<\/li>\n<\/ul>\n[\/vc_column_text][vc_empty_space]<div class=\"button_wrapper\"  >\n\t\n\t<a href=\"https:\/\/rasiclaw.rs\/en\/commercial-law\/\" class=\"btn btn-outline\">\n\t\t\t\t<span class=\"text\">Read more<\/span>\n\t\t\t<\/a>\n\t\n<\/div>\n\n[vc_empty_space][\/vc_column_inner][vc_column_inner width=&#8221;1\/5&#8243;]<div id=\"argenta-custom-69e730bce3e4b\" class=\"icon-box-left\"  >\n\n\t<div class=\"icon-box-image brand-color brand-border-color\">\n\t\t\t\t<span class=\"linea-basic-home brand-color\"><\/span>\n\t\t\t<\/div>\n\n\t<div class=\"icon-box-wrap-content\">\n\t\t<h3 class=\"title icon-box-title\"><\/h3>\n\t\t\n\t\t\t\t\n\t\t\t\t\t<p class=\"icon-box-description\"><\/p>\n\n\t\t\t\t\t<\/div>\n\t\t\n<\/div>\n\n<div id=\"argenta-custom-69e730bce3e97\"  class=\"heading-wrapper text-left\"  >\n\t\t\t<p class=\"subtitle\"><\/p>\n\t\n\t<h3 class=\"second-title text-left\">Contract Law<\/h3>\n\n\t\n\t\n\t<\/div>\t\n\n[vc_column_text]\n<ul>\n<li>Agreement on the purchase and sale of real estate<\/li>\n<li>Agreement on the gift of real estate<\/li>\n<li>Lifetime Support Agreement<\/li>\n<li>Agreement on the distribution of property during life<\/li>\n<\/ul>\n[\/vc_column_text][vc_empty_space]<div class=\"button_wrapper\"  >\n\t\n\t<a href=\"https:\/\/rasiclaw.rs\/imovinsko-pravo\/\" class=\"btn btn-outline\">\n\t\t\t\t<span class=\"text\">Read more<\/span>\n\t\t\t<\/a>\n\t\n<\/div>\n\n[vc_empty_space][\/vc_column_inner][vc_column_inner width=&#8221;1\/5&#8243;]<div id=\"argenta-custom-69e730bce3f31\" class=\"icon-box-left\"  >\n\n\t<div class=\"icon-box-image brand-color brand-border-color\">\n\t\t\t\t<span class=\"linea-basic-lightbulb brand-color\"><\/span>\n\t\t\t<\/div>\n\n\t<div class=\"icon-box-wrap-content\">\n\t\t<h3 class=\"title icon-box-title\"><\/h3>\n\t\t\n\t\t\t\t\n\t\t\t\t\t<p class=\"icon-box-description\"><\/p>\n\n\t\t\t\t\t<\/div>\n\t\t\n<\/div>\n\n<div id=\"argenta-custom-69e730bce3f7a\"  class=\"heading-wrapper text-left\"  >\n\t\t\t<p class=\"subtitle\"><\/p>\n\t\n\t<h3 class=\"second-title text-left\">Intellectual Property Right<\/h3>\n\n\t\n\t\n\t<\/div>\t\n\n[vc_column_text]\n<ul>\n<li>Trademark protection<\/li>\n<li>Patent<\/li>\n<li>Copyright<\/li>\n<\/ul>\n[\/vc_column_text]<div class=\"button_wrapper\"  >\n\t\n\t<a href=\"https:\/\/rasiclaw.rs\/en\/intellectual-property\/\" class=\"btn btn-outline\">\n\t\t\t\t<span class=\"text\">Read more<\/span>\n\t\t\t<\/a>\n\t\n<\/div>\n\n[vc_empty_space][vc_empty_space][\/vc_column_inner][vc_column_inner width=&#8221;1\/5&#8243;]<div id=\"argenta-custom-69e730bce4016\" class=\"icon-box-left\"  >\n\n\t<div class=\"icon-box-image brand-color brand-border-color\">\n\t\t\t\t<span class=\"linea-basic-calculator brand-color\"><\/span>\n\t\t\t<\/div>\n\n\t<div class=\"icon-box-wrap-content\">\n\t\t<h3 class=\"title icon-box-title\"><\/h3>\n\t\t\n\t\t\t\t\n\t\t\t\t\t<p class=\"icon-box-description\"><\/p>\n\n\t\t\t\t\t<\/div>\n\t\t\n<\/div>\n\n<div id=\"argenta-custom-69e730bce405f\"  class=\"heading-wrapper text-left\"  >\n\t\t\t<p class=\"subtitle\"><\/p>\n\t\n\t<h3 class=\"second-title text-left\">Collection of Claims &amp; Enforcement Procedures<\/h3>\n\n\t\n\t\n\t<\/div>\t\n\n[vc_column_text]Our law office provides legal assistance in the field of forced collection of claims<br \/>\non various cases and means of enforcement.[\/vc_column_text][vc_empty_space]<div class=\"button_wrapper\"  >\n\t\n\t<a href=\"https:\/\/rasiclaw.rs\/en\/collection-of-claims-enforcement-procedures\/\" class=\"btn btn-outline\">\n\t\t\t\t<span class=\"text\">Read more<\/span>\n\t\t\t<\/a>\n\t\n<\/div>\n\n[vc_empty_space][\/vc_column_inner][\/vc_row_inner][vc_empty_space height=&#8221;40px&#8221; el_class=&#8221;arg-spacer&#8221;][\/vc_column][\/vc_row]\n","protected":false},"excerpt":{"rendered":"<p>[vc_row][vc_column][vc_column_text] COMPENSATION FOR DAMAGES In the practice of the Rasic &amp; Partners law firm, a significant place is occupied by disputes arising from harmful events, such as injuries at the workplace, traffic accidents, sports injuries, and the like. The reason for this is the frequency of disputes in this area, especially in urban areas. Due [&hellip;]<\/p>\n","protected":false},"author":2,"featured_media":0,"parent":0,"menu_order":0,"comment_status":"closed","ping_status":"closed","template":"","meta":{"footnotes":""},"class_list":["post-6212","page","type-page","status-publish","hentry"],"acf":[],"yoast_head":"<!-- This site is optimized with the Yoast SEO plugin v24.5 - https:\/\/yoast.com\/wordpress\/plugins\/seo\/ -->\n<title>Compensation for Damages - Advokatska kancelarija Ra&scaron;i\u0107 &amp; Partneri<\/title>\n<meta name=\"description\" content=\"Advokat za naknadu \u0161tete. Advokat za povredu na radu. Advokat za povredu \u010dasti i ugleda. Tu\u017eba za naknadu \u0161tete.\" \/>\n<meta name=\"robots\" content=\"index, follow, max-snippet:-1, max-image-preview:large, max-video-preview:-1\" \/>\n<link rel=\"canonical\" href=\"https:\/\/rasiclaw.rs\/en\/compensation-for-damages\/\" \/>\n<meta property=\"og:locale\" content=\"en_US\" \/>\n<meta property=\"og:type\" content=\"article\" \/>\n<meta property=\"og:title\" content=\"Compensation for Damages - Advokatska kancelarija Ra&scaron;i\u0107 &amp; Partneri\" \/>\n<meta property=\"og:description\" content=\"Advokat za naknadu \u0161tete. Advokat za povredu na radu. Advokat za povredu \u010dasti i ugleda. Tu\u017eba za naknadu \u0161tete.\" \/>\n<meta property=\"og:url\" content=\"https:\/\/rasiclaw.rs\/en\/compensation-for-damages\/\" \/>\n<meta property=\"og:site_name\" content=\"Advokatska kancelarija Ra&scaron;i\u0107 &amp; Partneri\" \/>\n<meta property=\"article:publisher\" content=\"https:\/\/www.facebook.com\/stevan.rasic.7\" \/>\n<meta property=\"article:modified_time\" content=\"2022-10-25T09:50:44+00:00\" \/>\n<meta name=\"twitter:card\" content=\"summary_large_image\" \/>\n<meta name=\"twitter:label1\" content=\"Est. reading time\" \/>\n\t<meta name=\"twitter:data1\" content=\"3 minutes\" \/>\n<script type=\"application\/ld+json\" class=\"yoast-schema-graph\">{\"@context\":\"https:\/\/schema.org\",\"@graph\":[{\"@type\":\"WebPage\",\"@id\":\"https:\/\/rasiclaw.rs\/en\/compensation-for-damages\/\",\"url\":\"https:\/\/rasiclaw.rs\/en\/compensation-for-damages\/\",\"name\":\"Compensation for Damages - Advokatska kancelarija Ra&scaron;i\u0107 &amp; Partneri\",\"isPartOf\":{\"@id\":\"https:\/\/rasiclaw.rs\/#website\"},\"datePublished\":\"2022-07-12T20:13:49+00:00\",\"dateModified\":\"2022-10-25T09:50:44+00:00\",\"description\":\"Advokat za naknadu \u0161tete. Advokat za povredu na radu. Advokat za povredu \u010dasti i ugleda. Tu\u017eba za naknadu \u0161tete.\",\"breadcrumb\":{\"@id\":\"https:\/\/rasiclaw.rs\/en\/compensation-for-damages\/#breadcrumb\"},\"inLanguage\":\"en-US\",\"potentialAction\":[{\"@type\":\"ReadAction\",\"target\":[\"https:\/\/rasiclaw.rs\/en\/compensation-for-damages\/\"]}]},{\"@type\":\"BreadcrumbList\",\"@id\":\"https:\/\/rasiclaw.rs\/en\/compensation-for-damages\/#breadcrumb\",\"itemListElement\":[{\"@type\":\"ListItem\",\"position\":1,\"name\":\"Home\",\"item\":\"https:\/\/rasiclaw.rs\/en\/\"},{\"@type\":\"ListItem\",\"position\":2,\"name\":\"Compensation for Damages\"}]},{\"@type\":\"WebSite\",\"@id\":\"https:\/\/rasiclaw.rs\/#website\",\"url\":\"https:\/\/rasiclaw.rs\/\",\"name\":\"Advokatska kancelarija Ra&scaron;i\u0107 &amp; Partneri\",\"description\":\"Advokatska kancelarija Ra&scaron;i\u0107 &amp; Partneri funkcioni&scaron;e po principu umre\u017eavanja na prostoru Evrope, sa partnerima i saradnicima.\",\"publisher\":{\"@id\":\"https:\/\/rasiclaw.rs\/#organization\"},\"potentialAction\":[{\"@type\":\"SearchAction\",\"target\":{\"@type\":\"EntryPoint\",\"urlTemplate\":\"https:\/\/rasiclaw.rs\/?s={search_term_string}\"},\"query-input\":{\"@type\":\"PropertyValueSpecification\",\"valueRequired\":true,\"valueName\":\"search_term_string\"}}],\"inLanguage\":\"en-US\"},{\"@type\":\"Organization\",\"@id\":\"https:\/\/rasiclaw.rs\/#organization\",\"name\":\"Advokatska kancelarija Ra\u0161i\u0107 & Partneri\",\"url\":\"https:\/\/rasiclaw.rs\/\",\"logo\":{\"@type\":\"ImageObject\",\"inLanguage\":\"en-US\",\"@id\":\"https:\/\/rasiclaw.rs\/#\/schema\/logo\/image\/\",\"url\":\"https:\/\/rasiclaw.rs\/wp-content\/uploads\/2022\/05\/Rasic-logo-FINAL.png\",\"contentUrl\":\"https:\/\/rasiclaw.rs\/wp-content\/uploads\/2022\/05\/Rasic-logo-FINAL.png\",\"width\":1120,\"height\":529,\"caption\":\"Advokatska kancelarija Ra\u0161i\u0107 & Partneri\"},\"image\":{\"@id\":\"https:\/\/rasiclaw.rs\/#\/schema\/logo\/image\/\"},\"sameAs\":[\"https:\/\/www.facebook.com\/stevan.rasic.7\",\"https:\/\/www.linkedin.com\/in\/stevan-rai-2a1892164\/\",\"https:\/\/www.instagram.com\/rasiclaw.rs\/\"]}]}<\/script>\n<!-- \/ Yoast SEO plugin. -->","yoast_head_json":{"title":"Compensation for Damages - Advokatska kancelarija Ra&scaron;i\u0107 &amp; Partneri","description":"Advokat za naknadu \u0161tete. Advokat za povredu na radu. Advokat za povredu \u010dasti i ugleda. Tu\u017eba za naknadu \u0161tete.","robots":{"index":"index","follow":"follow","max-snippet":"max-snippet:-1","max-image-preview":"max-image-preview:large","max-video-preview":"max-video-preview:-1"},"canonical":"https:\/\/rasiclaw.rs\/en\/compensation-for-damages\/","og_locale":"en_US","og_type":"article","og_title":"Compensation for Damages - Advokatska kancelarija Ra&scaron;i\u0107 &amp; Partneri","og_description":"Advokat za naknadu \u0161tete. Advokat za povredu na radu. Advokat za povredu \u010dasti i ugleda. Tu\u017eba za naknadu \u0161tete.","og_url":"https:\/\/rasiclaw.rs\/en\/compensation-for-damages\/","og_site_name":"Advokatska kancelarija Ra&scaron;i\u0107 &amp; Partneri","article_publisher":"https:\/\/www.facebook.com\/stevan.rasic.7","article_modified_time":"2022-10-25T09:50:44+00:00","twitter_card":"summary_large_image","twitter_misc":{"Est. reading time":"3 minutes"},"schema":{"@context":"https:\/\/schema.org","@graph":[{"@type":"WebPage","@id":"https:\/\/rasiclaw.rs\/en\/compensation-for-damages\/","url":"https:\/\/rasiclaw.rs\/en\/compensation-for-damages\/","name":"Compensation for Damages - Advokatska kancelarija Ra&scaron;i\u0107 &amp; Partneri","isPartOf":{"@id":"https:\/\/rasiclaw.rs\/#website"},"datePublished":"2022-07-12T20:13:49+00:00","dateModified":"2022-10-25T09:50:44+00:00","description":"Advokat za naknadu \u0161tete. Advokat za povredu na radu. Advokat za povredu \u010dasti i ugleda. Tu\u017eba za naknadu \u0161tete.","breadcrumb":{"@id":"https:\/\/rasiclaw.rs\/en\/compensation-for-damages\/#breadcrumb"},"inLanguage":"en-US","potentialAction":[{"@type":"ReadAction","target":["https:\/\/rasiclaw.rs\/en\/compensation-for-damages\/"]}]},{"@type":"BreadcrumbList","@id":"https:\/\/rasiclaw.rs\/en\/compensation-for-damages\/#breadcrumb","itemListElement":[{"@type":"ListItem","position":1,"name":"Home","item":"https:\/\/rasiclaw.rs\/en\/"},{"@type":"ListItem","position":2,"name":"Compensation for Damages"}]},{"@type":"WebSite","@id":"https:\/\/rasiclaw.rs\/#website","url":"https:\/\/rasiclaw.rs\/","name":"Advokatska kancelarija Ra&scaron;i\u0107 &amp; Partneri","description":"Advokatska kancelarija Ra&scaron;i\u0107 &amp; Partneri funkcioni&scaron;e po principu umre\u017eavanja na prostoru Evrope, sa partnerima i saradnicima.","publisher":{"@id":"https:\/\/rasiclaw.rs\/#organization"},"potentialAction":[{"@type":"SearchAction","target":{"@type":"EntryPoint","urlTemplate":"https:\/\/rasiclaw.rs\/?s={search_term_string}"},"query-input":{"@type":"PropertyValueSpecification","valueRequired":true,"valueName":"search_term_string"}}],"inLanguage":"en-US"},{"@type":"Organization","@id":"https:\/\/rasiclaw.rs\/#organization","name":"Advokatska kancelarija Ra\u0161i\u0107 & Partneri","url":"https:\/\/rasiclaw.rs\/","logo":{"@type":"ImageObject","inLanguage":"en-US","@id":"https:\/\/rasiclaw.rs\/#\/schema\/logo\/image\/","url":"https:\/\/rasiclaw.rs\/wp-content\/uploads\/2022\/05\/Rasic-logo-FINAL.png","contentUrl":"https:\/\/rasiclaw.rs\/wp-content\/uploads\/2022\/05\/Rasic-logo-FINAL.png","width":1120,"height":529,"caption":"Advokatska kancelarija Ra\u0161i\u0107 & Partneri"},"image":{"@id":"https:\/\/rasiclaw.rs\/#\/schema\/logo\/image\/"},"sameAs":["https:\/\/www.facebook.com\/stevan.rasic.7","https:\/\/www.linkedin.com\/in\/stevan-rai-2a1892164\/","https:\/\/www.instagram.com\/rasiclaw.rs\/"]}]}},"_links":{"self":[{"href":"https:\/\/rasiclaw.rs\/en\/wp-json\/wp\/v2\/pages\/6212","targetHints":{"allow":["GET"]}}],"collection":[{"href":"https:\/\/rasiclaw.rs\/en\/wp-json\/wp\/v2\/pages"}],"about":[{"href":"https:\/\/rasiclaw.rs\/en\/wp-json\/wp\/v2\/types\/page"}],"author":[{"embeddable":true,"href":"https:\/\/rasiclaw.rs\/en\/wp-json\/wp\/v2\/users\/2"}],"replies":[{"embeddable":true,"href":"https:\/\/rasiclaw.rs\/en\/wp-json\/wp\/v2\/comments?post=6212"}],"version-history":[{"count":6,"href":"https:\/\/rasiclaw.rs\/en\/wp-json\/wp\/v2\/pages\/6212\/revisions"}],"predecessor-version":[{"id":6405,"href":"https:\/\/rasiclaw.rs\/en\/wp-json\/wp\/v2\/pages\/6212\/revisions\/6405"}],"wp:attachment":[{"href":"https:\/\/rasiclaw.rs\/en\/wp-json\/wp\/v2\/media?parent=6212"}],"curies":[{"name":"wp","href":"https:\/\/api.w.org\/{rel}","templated":true}]}}