{"id":6215,"date":"2022-05-26T10:46:19","date_gmt":"2022-05-26T10:46:19","guid":{"rendered":"https:\/\/rasiclaw.rs\/rasic-partners-europe\/"},"modified":"2022-10-24T17:21:28","modified_gmt":"2022-10-24T17:21:28","slug":"rasic-partners-europe","status":"publish","type":"page","link":"https:\/\/rasiclaw.rs\/en\/rasic-partners-europe\/","title":{"rendered":"Rasic &amp; Partners Europe"},"content":{"rendered":"[vc_row full_width=&#8221;stretch_row&#8221; css=&#8221;.vc_custom_1479109681415{background-color: #f3f3f3 !important;}&#8221;][vc_column css=&#8221;.vc_custom_1478187626867{padding-top: 0px !important;}&#8221;][vc_empty_space height=&#8221;40px&#8221; el_class=&#8221;arg-spacer&#8221;]<div  class=\"heading-wrapper text-center\"  >\n\t\t\t<p class=\"subtitle\">Advokatska kancelarija<\/p>\n\t\n\t<h3 class=\"second-title text-center\">Rasic &amp; Partners Europe<\/h3>\n\n\t\n\t\n\t<\/div>\t\n\n[vc_empty_space height=&#8221;40px&#8221; el_class=&#8221;arg-spacer&#8221;][\/vc_column][\/vc_row][vc_row full_width=&#8221;stretch_row_content_no_spaces&#8221;][vc_column css=&#8221;.vc_custom_1489395585423{padding-top: 0px !important;}&#8221;]<div class=\"split-box\" id=\"argenta-custom-69e730c328e5a\" \n\t\t\t\t>\n\t\t<div class=\"vc_col-md-6 split-box-wrap\">\n\t\t<div class=\"parallax-bg\"><\/div>\n\t\t<div class=\"content\">\n\t\t\t\t\t<\/div>\n\t<\/div>\t<div class=\"vc_col-md-6 split-box-wrap\">\n\t\t<div class=\"parallax-bg\"><\/div>\n\t\t<div class=\"content\">\n\t\t\t<div id=\"argenta-custom-69e730c3291d1\"  class=\"heading-wrapper text-left\"  >\n\t\n\t<h3 class=\"second-title text-left\">Rasic &amp; Partners Europe is part of the Rasic &amp; Partners law firm<\/h3>\n\n\t\n\t\n\t\t\t<p class=\"subtitle\"><\/p>\n\t<\/div>\t\n\n[vc_empty_space height=&#8221;10px&#8221;][vc_column_text]Our firm consists of an extremely experienced team of attorneys, coordinated by our partner Sladjana Stojanovic, LL.M, who graduated from the University of Strasbourg.<\/p>\n<p><strong>Rasic &amp; Partners Europe<\/strong> consists of a team of attorneys that covers a wide range of businesses in the territories of the European Union (Germany, Italy, France, Slovakia, the Netherlands, Belgium), as well as in Switzerland, Norway, and Great Britain.[\/vc_column_text]\t\t<\/div>\n\t<\/div>\t\n<\/div>\n\n[\/vc_column][\/vc_row][vc_row full_width=&#8221;stretch_row_content_no_spaces&#8221;][vc_column css=&#8221;.vc_custom_1489395585423{padding-top: 0px !important;}&#8221;]<div class=\"split-box\" id=\"argenta-custom-69e730c329244\" \n\t\t\t\t>\n\t\t<div class=\"vc_col-md-6 split-box-wrap\">\n\t\t<div class=\"parallax-bg\"><\/div>\n\t\t<div class=\"content\">\n\t\t\t<div id=\"argenta-custom-69e730c3294f4\"  class=\"heading-wrapper text-left\"  >\n\t\n\t<h3 class=\"second-title text-left\">Narrow business expertise of Rasic &amp; Partners Europe<\/h3>\n\n\t\n\t\n\t\t\t<p class=\"subtitle\"><\/p>\n\t<\/div>\t\n\n[vc_empty_space height=&#8221;10px&#8221;][vc_column_text]The narrow business expertise of <strong>Rasic &amp; Partners Europe<\/strong> is in the field of intellectual property (industrial property and copyright), administrative and legal matters related to the signed Schengen Agreement from 1985 , obtaining visas and work permits (visa Germany, visa Austria, visa Slovakia), inheritance relations, labor disputes, and acquisition of foreign citizenships.<\/p>\n<p>Since <strong>Rasic &amp; Partners<\/strong> law firm&#8217;s principles are based on the networking of business and clients, all business and all rights that you want to achieve on the territory of the European continent are the accurate address for us.[\/vc_column_text]\t\t<\/div>\n\t<\/div>\t<div class=\"vc_col-md-6 split-box-wrap\">\n\t\t<div class=\"parallax-bg\"><\/div>\n\t\t<div class=\"content\">\n\t\t\t\t\t<\/div>\n\t<\/div>\t\n<\/div>\n\n[\/vc_column][\/vc_row]\n","protected":false},"excerpt":{"rendered":"<p>[vc_row full_width=&#8221;stretch_row&#8221; css=&#8221;.vc_custom_1479109681415{background-color: #f3f3f3 !important;}&#8221;][vc_column css=&#8221;.vc_custom_1478187626867{padding-top: 0px !important;}&#8221;][vc_empty_space height=&#8221;40px&#8221; el_class=&#8221;arg-spacer&#8221;][vc_empty_space height=&#8221;40px&#8221; el_class=&#8221;arg-spacer&#8221;][\/vc_column][\/vc_row][vc_row full_width=&#8221;stretch_row_content_no_spaces&#8221;][vc_column css=&#8221;.vc_custom_1489395585423{padding-top: 0px !important;}&#8221;][\/vc_column][\/vc_row][vc_row full_width=&#8221;stretch_row_content_no_spaces&#8221;][vc_column css=&#8221;.vc_custom_1489395585423{padding-top: 0px !important;}&#8221;][\/vc_column][\/vc_row]<\/p>\n","protected":false},"author":1,"featured_media":0,"parent":0,"menu_order":0,"comment_status":"closed","ping_status":"closed","template":"page-templates\/page_without-sidebar.php","meta":{"footnotes":""},"class_list":["post-6215","page","type-page","status-publish","hentry"],"acf":[],"yoast_head":"<!-- This site is optimized with the Yoast SEO plugin v24.5 - https:\/\/yoast.com\/wordpress\/plugins\/seo\/ -->\n<title>Rasic &amp; Partners Europe - Advokatska kancelarija Ra&scaron;i\u0107 &amp; Partneri<\/title>\n<meta name=\"description\" content=\"Rasic &amp; Partners Europe consists of a team of attorneys that covers a wide range of businesses in the territories of the European Union.\" \/>\n<meta name=\"robots\" content=\"index, follow, max-snippet:-1, max-image-preview:large, max-video-preview:-1\" \/>\n<link rel=\"canonical\" href=\"https:\/\/rasiclaw.rs\/en\/rasic-partners-europe\/\" \/>\n<meta property=\"og:locale\" content=\"en_US\" \/>\n<meta property=\"og:type\" content=\"article\" \/>\n<meta property=\"og:title\" content=\"Rasic &amp; Partners Europe - Advokatska kancelarija Ra&scaron;i\u0107 &amp; Partneri\" \/>\n<meta property=\"og:description\" content=\"Rasic &amp; Partners Europe consists of a team of attorneys that covers a wide range of businesses in the territories of the European Union.\" \/>\n<meta property=\"og:url\" content=\"https:\/\/rasiclaw.rs\/en\/rasic-partners-europe\/\" \/>\n<meta property=\"og:site_name\" content=\"Advokatska kancelarija Ra&scaron;i\u0107 &amp; Partneri\" \/>\n<meta property=\"article:publisher\" content=\"https:\/\/www.facebook.com\/stevan.rasic.7\" \/>\n<meta property=\"article:modified_time\" content=\"2022-10-24T17:21:28+00:00\" \/>\n<meta name=\"twitter:card\" content=\"summary_large_image\" \/>\n<meta name=\"twitter:label1\" content=\"Est. reading time\" \/>\n\t<meta name=\"twitter:data1\" content=\"2 minutes\" \/>\n<script type=\"application\/ld+json\" class=\"yoast-schema-graph\">{\"@context\":\"https:\/\/schema.org\",\"@graph\":[{\"@type\":\"WebPage\",\"@id\":\"https:\/\/rasiclaw.rs\/en\/rasic-partners-europe\/\",\"url\":\"https:\/\/rasiclaw.rs\/en\/rasic-partners-europe\/\",\"name\":\"Rasic &amp; Partners Europe - Advokatska kancelarija Ra&scaron;i\u0107 &amp; Partneri\",\"isPartOf\":{\"@id\":\"https:\/\/rasiclaw.rs\/#website\"},\"datePublished\":\"2022-05-26T10:46:19+00:00\",\"dateModified\":\"2022-10-24T17:21:28+00:00\",\"description\":\"Rasic & Partners Europe consists of a team of attorneys that covers a wide range of businesses in the territories of the European Union.\",\"breadcrumb\":{\"@id\":\"https:\/\/rasiclaw.rs\/en\/rasic-partners-europe\/#breadcrumb\"},\"inLanguage\":\"en-US\",\"potentialAction\":[{\"@type\":\"ReadAction\",\"target\":[\"https:\/\/rasiclaw.rs\/en\/rasic-partners-europe\/\"]}]},{\"@type\":\"BreadcrumbList\",\"@id\":\"https:\/\/rasiclaw.rs\/en\/rasic-partners-europe\/#breadcrumb\",\"itemListElement\":[{\"@type\":\"ListItem\",\"position\":1,\"name\":\"Home\",\"item\":\"https:\/\/rasiclaw.rs\/en\/\"},{\"@type\":\"ListItem\",\"position\":2,\"name\":\"Rasic &amp; Partners Europe\"}]},{\"@type\":\"WebSite\",\"@id\":\"https:\/\/rasiclaw.rs\/#website\",\"url\":\"https:\/\/rasiclaw.rs\/\",\"name\":\"Advokatska kancelarija Ra&scaron;i\u0107 &amp; Partneri\",\"description\":\"Advokatska kancelarija Ra&scaron;i\u0107 &amp; Partneri funkcioni&scaron;e po principu umre\u017eavanja na prostoru Evrope, sa partnerima i saradnicima.\",\"publisher\":{\"@id\":\"https:\/\/rasiclaw.rs\/#organization\"},\"potentialAction\":[{\"@type\":\"SearchAction\",\"target\":{\"@type\":\"EntryPoint\",\"urlTemplate\":\"https:\/\/rasiclaw.rs\/?s={search_term_string}\"},\"query-input\":{\"@type\":\"PropertyValueSpecification\",\"valueRequired\":true,\"valueName\":\"search_term_string\"}}],\"inLanguage\":\"en-US\"},{\"@type\":\"Organization\",\"@id\":\"https:\/\/rasiclaw.rs\/#organization\",\"name\":\"Advokatska kancelarija Ra\u0161i\u0107 & Partneri\",\"url\":\"https:\/\/rasiclaw.rs\/\",\"logo\":{\"@type\":\"ImageObject\",\"inLanguage\":\"en-US\",\"@id\":\"https:\/\/rasiclaw.rs\/#\/schema\/logo\/image\/\",\"url\":\"https:\/\/rasiclaw.rs\/wp-content\/uploads\/2022\/05\/Rasic-logo-FINAL.png\",\"contentUrl\":\"https:\/\/rasiclaw.rs\/wp-content\/uploads\/2022\/05\/Rasic-logo-FINAL.png\",\"width\":1120,\"height\":529,\"caption\":\"Advokatska kancelarija Ra\u0161i\u0107 & Partneri\"},\"image\":{\"@id\":\"https:\/\/rasiclaw.rs\/#\/schema\/logo\/image\/\"},\"sameAs\":[\"https:\/\/www.facebook.com\/stevan.rasic.7\",\"https:\/\/www.linkedin.com\/in\/stevan-rai-2a1892164\/\",\"https:\/\/www.instagram.com\/rasiclaw.rs\/\"]}]}<\/script>\n<!-- \/ Yoast SEO plugin. -->","yoast_head_json":{"title":"Rasic &amp; Partners Europe - Advokatska kancelarija Ra&scaron;i\u0107 &amp; Partneri","description":"Rasic & Partners Europe consists of a team of attorneys that covers a wide range of businesses in the territories of the European Union.","robots":{"index":"index","follow":"follow","max-snippet":"max-snippet:-1","max-image-preview":"max-image-preview:large","max-video-preview":"max-video-preview:-1"},"canonical":"https:\/\/rasiclaw.rs\/en\/rasic-partners-europe\/","og_locale":"en_US","og_type":"article","og_title":"Rasic &amp; Partners Europe - Advokatska kancelarija Ra&scaron;i\u0107 &amp; Partneri","og_description":"Rasic & Partners Europe consists of a team of attorneys that covers a wide range of businesses in the territories of the European Union.","og_url":"https:\/\/rasiclaw.rs\/en\/rasic-partners-europe\/","og_site_name":"Advokatska kancelarija Ra&scaron;i\u0107 &amp; Partneri","article_publisher":"https:\/\/www.facebook.com\/stevan.rasic.7","article_modified_time":"2022-10-24T17:21:28+00:00","twitter_card":"summary_large_image","twitter_misc":{"Est. reading time":"2 minutes"},"schema":{"@context":"https:\/\/schema.org","@graph":[{"@type":"WebPage","@id":"https:\/\/rasiclaw.rs\/en\/rasic-partners-europe\/","url":"https:\/\/rasiclaw.rs\/en\/rasic-partners-europe\/","name":"Rasic &amp; Partners Europe - Advokatska kancelarija Ra&scaron;i\u0107 &amp; Partneri","isPartOf":{"@id":"https:\/\/rasiclaw.rs\/#website"},"datePublished":"2022-05-26T10:46:19+00:00","dateModified":"2022-10-24T17:21:28+00:00","description":"Rasic & Partners Europe consists of a team of attorneys that covers a wide range of businesses in the territories of the European Union.","breadcrumb":{"@id":"https:\/\/rasiclaw.rs\/en\/rasic-partners-europe\/#breadcrumb"},"inLanguage":"en-US","potentialAction":[{"@type":"ReadAction","target":["https:\/\/rasiclaw.rs\/en\/rasic-partners-europe\/"]}]},{"@type":"BreadcrumbList","@id":"https:\/\/rasiclaw.rs\/en\/rasic-partners-europe\/#breadcrumb","itemListElement":[{"@type":"ListItem","position":1,"name":"Home","item":"https:\/\/rasiclaw.rs\/en\/"},{"@type":"ListItem","position":2,"name":"Rasic &amp; Partners Europe"}]},{"@type":"WebSite","@id":"https:\/\/rasiclaw.rs\/#website","url":"https:\/\/rasiclaw.rs\/","name":"Advokatska kancelarija Ra&scaron;i\u0107 &amp; Partneri","description":"Advokatska kancelarija Ra&scaron;i\u0107 &amp; Partneri funkcioni&scaron;e po principu umre\u017eavanja na prostoru Evrope, sa partnerima i saradnicima.","publisher":{"@id":"https:\/\/rasiclaw.rs\/#organization"},"potentialAction":[{"@type":"SearchAction","target":{"@type":"EntryPoint","urlTemplate":"https:\/\/rasiclaw.rs\/?s={search_term_string}"},"query-input":{"@type":"PropertyValueSpecification","valueRequired":true,"valueName":"search_term_string"}}],"inLanguage":"en-US"},{"@type":"Organization","@id":"https:\/\/rasiclaw.rs\/#organization","name":"Advokatska kancelarija Ra\u0161i\u0107 & Partneri","url":"https:\/\/rasiclaw.rs\/","logo":{"@type":"ImageObject","inLanguage":"en-US","@id":"https:\/\/rasiclaw.rs\/#\/schema\/logo\/image\/","url":"https:\/\/rasiclaw.rs\/wp-content\/uploads\/2022\/05\/Rasic-logo-FINAL.png","contentUrl":"https:\/\/rasiclaw.rs\/wp-content\/uploads\/2022\/05\/Rasic-logo-FINAL.png","width":1120,"height":529,"caption":"Advokatska kancelarija Ra\u0161i\u0107 & Partneri"},"image":{"@id":"https:\/\/rasiclaw.rs\/#\/schema\/logo\/image\/"},"sameAs":["https:\/\/www.facebook.com\/stevan.rasic.7","https:\/\/www.linkedin.com\/in\/stevan-rai-2a1892164\/","https:\/\/www.instagram.com\/rasiclaw.rs\/"]}]}},"_links":{"self":[{"href":"https:\/\/rasiclaw.rs\/en\/wp-json\/wp\/v2\/pages\/6215","targetHints":{"allow":["GET"]}}],"collection":[{"href":"https:\/\/rasiclaw.rs\/en\/wp-json\/wp\/v2\/pages"}],"about":[{"href":"https:\/\/rasiclaw.rs\/en\/wp-json\/wp\/v2\/types\/page"}],"author":[{"embeddable":true,"href":"https:\/\/rasiclaw.rs\/en\/wp-json\/wp\/v2\/users\/1"}],"replies":[{"embeddable":true,"href":"https:\/\/rasiclaw.rs\/en\/wp-json\/wp\/v2\/comments?post=6215"}],"version-history":[{"count":4,"href":"https:\/\/rasiclaw.rs\/en\/wp-json\/wp\/v2\/pages\/6215\/revisions"}],"predecessor-version":[{"id":6367,"href":"https:\/\/rasiclaw.rs\/en\/wp-json\/wp\/v2\/pages\/6215\/revisions\/6367"}],"wp:attachment":[{"href":"https:\/\/rasiclaw.rs\/en\/wp-json\/wp\/v2\/media?parent=6215"}],"curies":[{"name":"wp","href":"https:\/\/api.w.org\/{rel}","templated":true}]}}