{"id":6226,"date":"2022-06-02T07:58:57","date_gmt":"2022-06-02T07:58:57","guid":{"rendered":"https:\/\/rasiclaw.rs\/commercial-law\/"},"modified":"2022-10-25T09:51:04","modified_gmt":"2022-10-25T09:51:04","slug":"commercial-law","status":"publish","type":"page","link":"https:\/\/rasiclaw.rs\/en\/commercial-law\/","title":{"rendered":"Commercial Law"},"content":{"rendered":"[vc_row css=&#8221;.vc_custom_1654156966039{padding-top: 32px !important;padding-bottom: 32px !important;}&#8221;][vc_column]<div  class=\"heading-wrapper text-center\"  >\n\t\n\t<h3 class=\"second-title text-center\">Commercial Law<\/h3>\n\n\t\n\t\t<div class=\"divider-dashed\"><div class=\"divider-line\"><\/div><div class=\"divider-line\"><\/div><\/div>\t\n\t\t\t<p class=\"subtitle\">Ra\u0161i\u0107 &amp; Partneri<\/p>\n\t<\/div>\t\n\n[\/vc_column][\/vc_row][vc_row][vc_column width=&#8221;1\/2&#8243;]<div id=\"argenta-custom-69e7311224c9a\" class=\"icon-box-left\"  >\n\n\t<div class=\"icon-box-image brand-color brand-border-color\">\n\t\t\t\t<span class=\"linea-software-pencil brand-color\"><\/span>\n\t\t\t<\/div>\n\n\t<div class=\"icon-box-wrap-content\">\n\t\t<h3 class=\"title icon-box-title\"><\/h3>\n\t\t\n\t\t\t\t\n\t\t\t\t\t<p class=\"icon-box-description\"><strong>Rasic &amp; Partners law firm<\/strong> provides a wide range of services in the field of<br \/>\ncommercial law. A large portfolio of clients of legal entities, domestic and foreign,<br \/>\nrightfully gives the firm the epithet of a law firm for commercial law.<br \/>\nThe establishment of a legal entity, a company, is a very complex process, in order<br \/>\nfor the company to have all the necessary characteristics to achieve good business<br \/>\nresults.<\/p>\n<p>In the first place, it is necessary to choose the company's form, then the company's<br \/>\nbusiness name, the company's activity, the amount of the share capital, the method<br \/>\nof decision-making, and the bodies of the company. The attorneys at the Rasic and<br \/>\nPartners law firm can help you through advisory legal assistance and then through<br \/>\nthe drafting of specific legal acts, all with the aim of choosing the best legal<br \/>\nsolutions that are compatible with your business.<\/p>\n\n\t\t\t\t\t<\/div>\n\t\t\n<\/div>\n\n[\/vc_column][vc_column width=&#8221;1\/2&#8243;]<div id=\"argenta-custom-69e7311224d2c\" class=\"icon-box-left\"  >\n\n\t<div class=\"icon-box-image brand-color brand-border-color\">\n\t\t\t\t<span class=\"linea-software-pencil brand-color\"><\/span>\n\t\t\t<\/div>\n\n\t<div class=\"icon-box-wrap-content\">\n\t\t<h3 class=\"title icon-box-title\"><\/h3>\n\t\t\n\t\t\t\t\n\t\t\t\t\t<p class=\"icon-box-description\">Keeping in mind that the establishment of business companies is carried out in an<br \/>\nadministrative procedure before the Business Registers Agency in a procedure that<br \/>\nis very complex and requires exceptional commitment and knowledge of legal<br \/>\nprovisions, our law firm offers complete legal support during the establishment, but<br \/>\nalso termination and liquidation of a business company.<\/p>\n<p><strong>Attorneys at the Rasic &amp; Partners law firm<\/strong> provide the following services in the field of commercial law:<br \/>\n* <strong>Legal consulting,<\/strong><br \/>\n* <strong>Establishment of business companies (LLC, JSC, GP, LP)<\/strong><br \/>\n* <strong>Drafting of founding acts of companies,<\/strong><br \/>\n* <strong>Representation in commercial disputes before commercial courts,<\/strong><br \/>\n* <strong>Implementation of the liquidation procedure<\/strong><\/p>\n\n\t\t\t\t\t<\/div>\n\t\t\n<\/div>\n\n[\/vc_column][\/vc_row][vc_row][vc_column][vc_empty_space][\/vc_column][\/vc_row][vc_row full_width=&#8221;stretch_row&#8221; css=&#8221;.vc_custom_1654163405657{background-color: #f3f3f3 !important;}&#8221;][vc_column css=&#8221;.vc_custom_1478187626867{padding-top: 0px !important;}&#8221;][vc_empty_space height=&#8221;40px&#8221; el_class=&#8221;arg-spacer&#8221;]<div  class=\"heading-wrapper text-center\"  >\n\t\t\t<p class=\"subtitle\">Rasic &amp; Partners<\/p>\n\t\n\t<h3 class=\"second-title text-center\">Practice areas<\/h3>\n\n\t\n\t\n\t<\/div>\t\n\n[vc_empty_space height=&#8221;40px&#8221; el_class=&#8221;arg-spacer&#8221;][vc_row_inner][vc_column_inner width=&#8221;1\/5&#8243;]<div id=\"argenta-custom-69e7311224de2\" class=\"icon-box-left\"  >\n\n\t<div class=\"icon-box-image brand-color brand-border-color\">\n\t\t\t\t<span class=\"my-icon-use-user-user-user brand-color\"><\/span>\n\t\t\t<\/div>\n\n\t<div class=\"icon-box-wrap-content\">\n\t\t<h3 class=\"title icon-box-title\"><\/h3>\n\t\t\n\t\t\t\t\n\t\t\t\t\t<p class=\"icon-box-description\"><\/p>\n\n\t\t\t\t\t<\/div>\n\t\t\n<\/div>\n\n<div id=\"argenta-custom-69e7311224e34\"  class=\"heading-wrapper text-left\"  >\n\t\t\t<p class=\"subtitle\"><\/p>\n\t\n\t<h3 class=\"second-title text-left\">Family Law<\/h3>\n\n\t\n\t\n\t<\/div>\t\n\n[vc_column_text]\n<ul>\n<li>Divorce<\/li>\n<li>Property division after divorce<\/li>\n<li>Alimony<\/li>\n<li>Child custody<\/li>\n<li>Domestic violence<\/li>\n<\/ul>\n[\/vc_column_text][vc_empty_space]<div class=\"button_wrapper\"  >\n\t\n\t<a href=\"https:\/\/rasiclaw.rs\/en\/family-law\/\" class=\"btn btn-outline\">\n\t\t\t\t<span class=\"text\">Read more<\/span>\n\t\t\t<\/a>\n\t\n<\/div>\n\n[vc_empty_space][\/vc_column_inner][vc_column_inner width=&#8221;1\/5&#8243;]<div id=\"argenta-custom-69e7311224f25\" class=\"icon-box-left\"  >\n\n\t<div class=\"icon-box-image brand-color brand-border-color\">\n\t\t\t\t<span class=\"my-icon-ios-browsers brand-color\"><\/span>\n\t\t\t<\/div>\n\n\t<div class=\"icon-box-wrap-content\">\n\t\t<h3 class=\"title icon-box-title\"><\/h3>\n\t\t\n\t\t\t\t\n\t\t\t\t\t<p class=\"icon-box-description\"><\/p>\n\n\t\t\t\t\t<\/div>\n\t\t\n<\/div>\n\n<div id=\"argenta-custom-69e7311224f7e\"  class=\"heading-wrapper text-left\"  >\n\t\t\t<p class=\"subtitle\"><\/p>\n\t\n\t<h3 class=\"second-title text-left\">Inheritance Law<\/h3>\n\n\t\n\t\n\t<\/div>\t\n\n[vc_column_text]\n<ul>\n<li>Initiation of probate proceedings<\/li>\n<li>Necessary hereditary part<\/li>\n<li>Testament<\/li>\n<li>International inheritance law<\/li>\n<li>Inheritance in Croatia<\/li>\n<li>Inheritance in Montenegro<\/li>\n<li>Inheritance in Germany<\/li>\n<li>Inheritance in Italy<\/li>\n<\/ul>\n[\/vc_column_text][vc_empty_space]<div class=\"button_wrapper\"  >\n\t\n\t<a href=\"https:\/\/rasiclaw.rs\/en\/inheritance-law-in-the-republic-of-serbia\/\" class=\"btn btn-outline\">\n\t\t\t\t<span class=\"text\">Read more<\/span>\n\t\t\t<\/a>\n\t\n<\/div>\n\n[vc_empty_space][\/vc_column_inner][vc_column_inner width=&#8221;1\/5&#8243;]<div id=\"argenta-custom-69e7311225034\" class=\"icon-box-left\"  >\n\n\t<div class=\"icon-box-image brand-color brand-border-color\">\n\t\t\t\t<span class=\"linea-basic-case brand-color\"><\/span>\n\t\t\t<\/div>\n\n\t<div class=\"icon-box-wrap-content\">\n\t\t<h3 class=\"title icon-box-title\"><\/h3>\n\t\t\n\t\t\t\t\n\t\t\t\t\t<p class=\"icon-box-description\"><\/p>\n\n\t\t\t\t\t<\/div>\n\t\t\n<\/div>\n\n<div id=\"argenta-custom-69e7311225085\"  class=\"heading-wrapper text-left\"  >\n\t\t\t<p class=\"subtitle\"><\/p>\n\t\n\t<h3 class=\"second-title text-left\">Labor Law<\/h3>\n\n\t\n\t\n\t<\/div>\t\n\n[vc_column_text]\n<ul>\n<li>Labor disputes in the Republic of Serbia<\/li>\n<li>Labor disputes abroad<\/li>\n<\/ul>\n[\/vc_column_text][vc_empty_space]<div class=\"button_wrapper\"  >\n\t\n\t<a href=\"https:\/\/rasiclaw.rs\/en\/labor-law\/\" class=\"btn btn-outline\">\n\t\t\t\t<span class=\"text\">Read more<\/span>\n\t\t\t<\/a>\n\t\n<\/div>\n\n[vc_empty_space][\/vc_column_inner][vc_column_inner width=&#8221;1\/5&#8243;]<div id=\"argenta-custom-69e731122513e\" class=\"icon-box-left\"  >\n\n\t<div class=\"icon-box-image brand-color brand-border-color\">\n\t\t\t\t<span class=\"my-icon-fin-note-card brand-color\"><\/span>\n\t\t\t<\/div>\n\n\t<div class=\"icon-box-wrap-content\">\n\t\t<h3 class=\"title icon-box-title\"><\/h3>\n\t\t\n\t\t\t\t\n\t\t\t\t\t<p class=\"icon-box-description\"><\/p>\n\n\t\t\t\t\t<\/div>\n\t\t\n<\/div>\n\n<div id=\"argenta-custom-69e7311225190\"  class=\"heading-wrapper text-left\"  >\n\t\t\t<p class=\"subtitle\"><\/p>\n\t\n\t<h3 class=\"second-title text-left\">Compensation for Damages<\/h3>\n\n\t\n\t\n\t<\/div>\t\n\n[vc_column_text]\n<ul>\n<li>Compensation for damages in traffic accidents<\/li>\n<li>Compensation for material damage<\/li>\n<li>Compensation for non-material damage<\/li>\n<\/ul>\n[\/vc_column_text][vc_empty_space]<div class=\"button_wrapper\"  >\n\t\n\t<a href=\"https:\/\/rasiclaw.rs\/en\/compensation-for-damages\/\" class=\"btn btn-outline\">\n\t\t\t\t<span class=\"text\">Read more<\/span>\n\t\t\t<\/a>\n\t\n<\/div>\n\n[vc_empty_space][\/vc_column_inner][vc_column_inner width=&#8221;1\/5&#8243;]<div id=\"argenta-custom-69e731122523a\" class=\"icon-box-left\"  >\n\n\t<div class=\"icon-box-image brand-color brand-border-color\">\n\t\t\t\t<span class=\"my-icon-ui-fingerprint brand-color\"><\/span>\n\t\t\t<\/div>\n\n\t<div class=\"icon-box-wrap-content\">\n\t\t<h3 class=\"title icon-box-title\"><\/h3>\n\t\t\n\t\t\t\t\n\t\t\t\t\t<p class=\"icon-box-description\"><\/p>\n\n\t\t\t\t\t<\/div>\n\t\t\n<\/div>\n\n<div id=\"argenta-custom-69e7311225289\"  class=\"heading-wrapper text-left\"  >\n\t\t\t<p class=\"subtitle\"><\/p>\n\t\n\t<h3 class=\"second-title text-left\">Criminal Law<\/h3>\n\n\t\n\t\n\t<\/div>\t\n\n[vc_column_text]\n<ul>\n<li>Crimes against life and body<\/li>\n<li>Crimes against honor and reputation<\/li>\n<li>The criminal offense of unauthorized production and distribution of narcotic<br \/>\ndrugs<\/li>\n<li>International criminal law<\/li>\n<\/ul>\n[\/vc_column_text][vc_empty_space][vc_empty_space][\/vc_column_inner][\/vc_row_inner][vc_row_inner][vc_column_inner width=&#8221;1\/5&#8243;]<div id=\"argenta-custom-69e73112252e3\" class=\"icon-box-left\"  >\n\n\t<div class=\"icon-box-image brand-color brand-border-color\">\n\t\t\t\t<span class=\"my-icon-spa-earth brand-color\"><\/span>\n\t\t\t<\/div>\n\n\t<div class=\"icon-box-wrap-content\">\n\t\t<h3 class=\"title icon-box-title\"><\/h3>\n\t\t\n\t\t\t\t\n\t\t\t\t\t<p class=\"icon-box-description\"><\/p>\n\n\t\t\t\t\t<\/div>\n\t\t\n<\/div>\n\n<div id=\"argenta-custom-69e7311225346\"  class=\"heading-wrapper text-left\"  >\n\t\t\t<p class=\"subtitle\"><\/p>\n\t\n\t<h3 class=\"second-title text-left\">International Law<\/h3>\n\n\t\n\t\n\t<\/div>\t\n\n[vc_column_text]\n<ul>\n<li>Abolition of bans for the Schengen area<\/li>\n<li>Acquisition of Croatian citizenship<\/li>\n<li>Removal of the ban for the Schengen area<\/li>\n<li>International probate proceedings<\/li>\n<li>International criminal law<\/li>\n<li>Recognition of foreign court decisions<\/li>\n<\/ul>\n[\/vc_column_text]<div class=\"button_wrapper\"  >\n\t\n\t<a href=\"https:\/\/rasiclaw.rs\/en\/international-inheritance-law\/\" class=\"btn btn-outline\">\n\t\t\t\t<span class=\"text\">Read more<\/span>\n\t\t\t<\/a>\n\t\n<\/div>\n\n[vc_empty_space][vc_empty_space][\/vc_column_inner][vc_column_inner width=&#8221;1\/5&#8243;]<div id=\"argenta-custom-69e7311225405\" class=\"icon-box-left\"  >\n\n\t<div class=\"icon-box-image brand-color brand-border-color\">\n\t\t\t\t<span class=\"linea-basic-gear brand-color\"><\/span>\n\t\t\t<\/div>\n\n\t<div class=\"icon-box-wrap-content\">\n\t\t<h3 class=\"title icon-box-title\"><\/h3>\n\t\t\n\t\t\t\t\n\t\t\t\t\t<p class=\"icon-box-description\"><\/p>\n\n\t\t\t\t\t<\/div>\n\t\t\n<\/div>\n\n<div id=\"argenta-custom-69e7311225463\"  class=\"heading-wrapper text-left\"  >\n\t\t\t<p class=\"subtitle\"><\/p>\n\t\n\t<h3 class=\"second-title text-left\">Commercial Law<\/h3>\n\n\t\n\t\n\t<\/div>\t\n\n[vc_column_text]\n<ul>\n<li>Founding of business companies in the Republic of Serbia<\/li>\n<li>Founding of business companies in Slovakia<\/li>\n<li>Commercial offenses<\/li>\n<li>Compulsory liquidation<\/li>\n<li>Bankruptcy proceedings<\/li>\n<\/ul>\n[\/vc_column_text][vc_empty_space]<div class=\"button_wrapper\"  >\n\t\n\t<a href=\"https:\/\/rasiclaw.rs\/en\/commercial-law\/\" class=\"btn btn-outline\">\n\t\t\t\t<span class=\"text\">Read more<\/span>\n\t\t\t<\/a>\n\t\n<\/div>\n\n[vc_empty_space][\/vc_column_inner][vc_column_inner width=&#8221;1\/5&#8243;]<div id=\"argenta-custom-69e731122551b\" class=\"icon-box-left\"  >\n\n\t<div class=\"icon-box-image brand-color brand-border-color\">\n\t\t\t\t<span class=\"linea-basic-home brand-color\"><\/span>\n\t\t\t<\/div>\n\n\t<div class=\"icon-box-wrap-content\">\n\t\t<h3 class=\"title icon-box-title\"><\/h3>\n\t\t\n\t\t\t\t\n\t\t\t\t\t<p class=\"icon-box-description\"><\/p>\n\n\t\t\t\t\t<\/div>\n\t\t\n<\/div>\n\n<div id=\"argenta-custom-69e7311225571\"  class=\"heading-wrapper text-left\"  >\n\t\t\t<p class=\"subtitle\"><\/p>\n\t\n\t<h3 class=\"second-title text-left\">Contract Law<\/h3>\n\n\t\n\t\n\t<\/div>\t\n\n[vc_column_text]\n<ul>\n<li>Agreement on the purchase and sale of real estate<\/li>\n<li>Agreement on the gift of real estate<\/li>\n<li>Lifetime Support Agreement<\/li>\n<li>Agreement on the distribution of property during life<\/li>\n<\/ul>\n[\/vc_column_text][vc_empty_space]<div class=\"button_wrapper\"  >\n\t\n\t<a href=\"https:\/\/rasiclaw.rs\/imovinsko-pravo\/\" class=\"btn btn-outline\">\n\t\t\t\t<span class=\"text\">Read more<\/span>\n\t\t\t<\/a>\n\t\n<\/div>\n\n[vc_empty_space][\/vc_column_inner][vc_column_inner width=&#8221;1\/5&#8243;]<div id=\"argenta-custom-69e731122562b\" class=\"icon-box-left\"  >\n\n\t<div class=\"icon-box-image brand-color brand-border-color\">\n\t\t\t\t<span class=\"linea-basic-lightbulb brand-color\"><\/span>\n\t\t\t<\/div>\n\n\t<div class=\"icon-box-wrap-content\">\n\t\t<h3 class=\"title icon-box-title\"><\/h3>\n\t\t\n\t\t\t\t\n\t\t\t\t\t<p class=\"icon-box-description\"><\/p>\n\n\t\t\t\t\t<\/div>\n\t\t\n<\/div>\n\n<div id=\"argenta-custom-69e7311225681\"  class=\"heading-wrapper text-left\"  >\n\t\t\t<p class=\"subtitle\"><\/p>\n\t\n\t<h3 class=\"second-title text-left\">Intellectual Property Right<\/h3>\n\n\t\n\t\n\t<\/div>\t\n\n[vc_column_text]\n<ul>\n<li>Trademark protection<\/li>\n<li>Patent<\/li>\n<li>Copyright<\/li>\n<\/ul>\n[\/vc_column_text]<div class=\"button_wrapper\"  >\n\t\n\t<a href=\"https:\/\/rasiclaw.rs\/en\/intellectual-property\/\" class=\"btn btn-outline\">\n\t\t\t\t<span class=\"text\">Read more<\/span>\n\t\t\t<\/a>\n\t\n<\/div>\n\n[vc_empty_space][vc_empty_space][\/vc_column_inner][vc_column_inner width=&#8221;1\/5&#8243;]<div id=\"argenta-custom-69e7311225745\" class=\"icon-box-left\"  >\n\n\t<div class=\"icon-box-image brand-color brand-border-color\">\n\t\t\t\t<span class=\"linea-basic-calculator brand-color\"><\/span>\n\t\t\t<\/div>\n\n\t<div class=\"icon-box-wrap-content\">\n\t\t<h3 class=\"title icon-box-title\"><\/h3>\n\t\t\n\t\t\t\t\n\t\t\t\t\t<p class=\"icon-box-description\"><\/p>\n\n\t\t\t\t\t<\/div>\n\t\t\n<\/div>\n\n<div id=\"argenta-custom-69e73112257a3\"  class=\"heading-wrapper text-left\"  >\n\t\t\t<p class=\"subtitle\"><\/p>\n\t\n\t<h3 class=\"second-title text-left\">Collection of Claims &amp; Enforcement Procedures<\/h3>\n\n\t\n\t\n\t<\/div>\t\n\n[vc_column_text]Our law office provides legal assistance in the field of forced collection of claims<br \/>\non various cases and means of enforcement.[\/vc_column_text][vc_empty_space]<div class=\"button_wrapper\"  >\n\t\n\t<a href=\"https:\/\/rasiclaw.rs\/en\/collection-of-claims-enforcement-procedures\/\" class=\"btn btn-outline\">\n\t\t\t\t<span class=\"text\">Read more<\/span>\n\t\t\t<\/a>\n\t\n<\/div>\n\n[vc_empty_space][\/vc_column_inner][\/vc_row_inner][vc_empty_space height=&#8221;40px&#8221; el_class=&#8221;arg-spacer&#8221;][\/vc_column][\/vc_row]\n","protected":false},"excerpt":{"rendered":"<p>[vc_row css=&#8221;.vc_custom_1654156966039{padding-top: 32px !important;padding-bottom: 32px !important;}&#8221;][vc_column][\/vc_column][\/vc_row][vc_row][vc_column width=&#8221;1\/2&#8243;][\/vc_column][vc_column width=&#8221;1\/2&#8243;][\/vc_column][\/vc_row][vc_row][vc_column][vc_empty_space][\/vc_column][\/vc_row][vc_row full_width=&#8221;stretch_row&#8221; css=&#8221;.vc_custom_1654163405657{background-color: #f3f3f3 !important;}&#8221;][vc_column css=&#8221;.vc_custom_1478187626867{padding-top: 0px !important;}&#8221;][vc_empty_space height=&#8221;40px&#8221; el_class=&#8221;arg-spacer&#8221;][vc_empty_space height=&#8221;40px&#8221; el_class=&#8221;arg-spacer&#8221;][vc_row_inner][vc_column_inner width=&#8221;1\/5&#8243;][vc_column_text] Divorce Property division after divorce Alimony Child custody Domestic violence [\/vc_column_text][vc_empty_space][vc_empty_space][\/vc_column_inner][vc_column_inner width=&#8221;1\/5&#8243;][vc_column_text] Initiation of probate proceedings Necessary hereditary part Testament International inheritance law Inheritance in Croatia Inheritance in Montenegro Inheritance in Germany Inheritance in Italy [&hellip;]<\/p>\n","protected":false},"author":1,"featured_media":0,"parent":0,"menu_order":0,"comment_status":"closed","ping_status":"closed","template":"page-templates\/page_without-sidebar.php","meta":{"footnotes":""},"class_list":["post-6226","page","type-page","status-publish","hentry"],"acf":[],"yoast_head":"<!-- This site is optimized with the Yoast SEO plugin v24.5 - https:\/\/yoast.com\/wordpress\/plugins\/seo\/ -->\n<title>Commercial Law - Advokatska kancelarija Ra&scaron;i\u0107 &amp; Partneri<\/title>\n<meta name=\"robots\" content=\"index, follow, max-snippet:-1, max-image-preview:large, max-video-preview:-1\" \/>\n<link rel=\"canonical\" href=\"https:\/\/rasiclaw.rs\/en\/commercial-law\/\" \/>\n<meta property=\"og:locale\" content=\"en_US\" \/>\n<meta property=\"og:type\" content=\"article\" \/>\n<meta property=\"og:title\" content=\"Commercial Law - Advokatska kancelarija Ra&scaron;i\u0107 &amp; Partneri\" \/>\n<meta property=\"og:description\" content=\"[vc_row css=&#8221;.vc_custom_1654156966039{padding-top: 32px !important;padding-bottom: 32px !important;}&#8221;][vc_column][\/vc_column][\/vc_row][vc_row][vc_column width=&#8221;1\/2&#8243;][\/vc_column][vc_column width=&#8221;1\/2&#8243;][\/vc_column][\/vc_row][vc_row][vc_column][vc_empty_space][\/vc_column][\/vc_row][vc_row full_width=&#8221;stretch_row&#8221; css=&#8221;.vc_custom_1654163405657{background-color: #f3f3f3 !important;}&#8221;][vc_column css=&#8221;.vc_custom_1478187626867{padding-top: 0px !important;}&#8221;][vc_empty_space height=&#8221;40px&#8221; el_class=&#8221;arg-spacer&#8221;][vc_empty_space height=&#8221;40px&#8221; el_class=&#8221;arg-spacer&#8221;][vc_row_inner][vc_column_inner width=&#8221;1\/5&#8243;][vc_column_text] Divorce Property division after divorce Alimony Child custody Domestic violence [\/vc_column_text][vc_empty_space][vc_empty_space][\/vc_column_inner][vc_column_inner width=&#8221;1\/5&#8243;][vc_column_text] Initiation of probate proceedings Necessary hereditary part Testament International inheritance law Inheritance in Croatia Inheritance in Montenegro Inheritance in Germany Inheritance in Italy [&hellip;]\" \/>\n<meta property=\"og:url\" content=\"https:\/\/rasiclaw.rs\/en\/commercial-law\/\" \/>\n<meta property=\"og:site_name\" content=\"Advokatska kancelarija Ra&scaron;i\u0107 &amp; Partneri\" \/>\n<meta property=\"article:publisher\" content=\"https:\/\/www.facebook.com\/stevan.rasic.7\" \/>\n<meta property=\"article:modified_time\" content=\"2022-10-25T09:51:04+00:00\" \/>\n<meta name=\"twitter:card\" content=\"summary_large_image\" \/>\n<meta name=\"twitter:label1\" content=\"Est. reading time\" \/>\n\t<meta name=\"twitter:data1\" content=\"2 minutes\" \/>\n<script type=\"application\/ld+json\" class=\"yoast-schema-graph\">{\"@context\":\"https:\/\/schema.org\",\"@graph\":[{\"@type\":\"WebPage\",\"@id\":\"https:\/\/rasiclaw.rs\/en\/commercial-law\/\",\"url\":\"https:\/\/rasiclaw.rs\/en\/commercial-law\/\",\"name\":\"Commercial Law - Advokatska kancelarija Ra&scaron;i\u0107 &amp; Partneri\",\"isPartOf\":{\"@id\":\"https:\/\/rasiclaw.rs\/#website\"},\"datePublished\":\"2022-06-02T07:58:57+00:00\",\"dateModified\":\"2022-10-25T09:51:04+00:00\",\"breadcrumb\":{\"@id\":\"https:\/\/rasiclaw.rs\/en\/commercial-law\/#breadcrumb\"},\"inLanguage\":\"en-US\",\"potentialAction\":[{\"@type\":\"ReadAction\",\"target\":[\"https:\/\/rasiclaw.rs\/en\/commercial-law\/\"]}]},{\"@type\":\"BreadcrumbList\",\"@id\":\"https:\/\/rasiclaw.rs\/en\/commercial-law\/#breadcrumb\",\"itemListElement\":[{\"@type\":\"ListItem\",\"position\":1,\"name\":\"Home\",\"item\":\"https:\/\/rasiclaw.rs\/en\/\"},{\"@type\":\"ListItem\",\"position\":2,\"name\":\"Commercial Law\"}]},{\"@type\":\"WebSite\",\"@id\":\"https:\/\/rasiclaw.rs\/#website\",\"url\":\"https:\/\/rasiclaw.rs\/\",\"name\":\"Advokatska kancelarija Ra&scaron;i\u0107 &amp; Partneri\",\"description\":\"Advokatska kancelarija Ra&scaron;i\u0107 &amp; Partneri funkcioni&scaron;e po principu umre\u017eavanja na prostoru Evrope, sa partnerima i saradnicima.\",\"publisher\":{\"@id\":\"https:\/\/rasiclaw.rs\/#organization\"},\"potentialAction\":[{\"@type\":\"SearchAction\",\"target\":{\"@type\":\"EntryPoint\",\"urlTemplate\":\"https:\/\/rasiclaw.rs\/?s={search_term_string}\"},\"query-input\":{\"@type\":\"PropertyValueSpecification\",\"valueRequired\":true,\"valueName\":\"search_term_string\"}}],\"inLanguage\":\"en-US\"},{\"@type\":\"Organization\",\"@id\":\"https:\/\/rasiclaw.rs\/#organization\",\"name\":\"Advokatska kancelarija Ra\u0161i\u0107 & Partneri\",\"url\":\"https:\/\/rasiclaw.rs\/\",\"logo\":{\"@type\":\"ImageObject\",\"inLanguage\":\"en-US\",\"@id\":\"https:\/\/rasiclaw.rs\/#\/schema\/logo\/image\/\",\"url\":\"https:\/\/rasiclaw.rs\/wp-content\/uploads\/2022\/05\/Rasic-logo-FINAL.png\",\"contentUrl\":\"https:\/\/rasiclaw.rs\/wp-content\/uploads\/2022\/05\/Rasic-logo-FINAL.png\",\"width\":1120,\"height\":529,\"caption\":\"Advokatska kancelarija Ra\u0161i\u0107 & Partneri\"},\"image\":{\"@id\":\"https:\/\/rasiclaw.rs\/#\/schema\/logo\/image\/\"},\"sameAs\":[\"https:\/\/www.facebook.com\/stevan.rasic.7\",\"https:\/\/www.linkedin.com\/in\/stevan-rai-2a1892164\/\",\"https:\/\/www.instagram.com\/rasiclaw.rs\/\"]}]}<\/script>\n<!-- \/ Yoast SEO plugin. -->","yoast_head_json":{"title":"Commercial Law - Advokatska kancelarija Ra&scaron;i\u0107 &amp; Partneri","robots":{"index":"index","follow":"follow","max-snippet":"max-snippet:-1","max-image-preview":"max-image-preview:large","max-video-preview":"max-video-preview:-1"},"canonical":"https:\/\/rasiclaw.rs\/en\/commercial-law\/","og_locale":"en_US","og_type":"article","og_title":"Commercial Law - Advokatska kancelarija Ra&scaron;i\u0107 &amp; Partneri","og_description":"[vc_row css=&#8221;.vc_custom_1654156966039{padding-top: 32px !important;padding-bottom: 32px !important;}&#8221;][vc_column][\/vc_column][\/vc_row][vc_row][vc_column width=&#8221;1\/2&#8243;][\/vc_column][vc_column width=&#8221;1\/2&#8243;][\/vc_column][\/vc_row][vc_row][vc_column][vc_empty_space][\/vc_column][\/vc_row][vc_row full_width=&#8221;stretch_row&#8221; css=&#8221;.vc_custom_1654163405657{background-color: #f3f3f3 !important;}&#8221;][vc_column css=&#8221;.vc_custom_1478187626867{padding-top: 0px !important;}&#8221;][vc_empty_space height=&#8221;40px&#8221; el_class=&#8221;arg-spacer&#8221;][vc_empty_space height=&#8221;40px&#8221; el_class=&#8221;arg-spacer&#8221;][vc_row_inner][vc_column_inner width=&#8221;1\/5&#8243;][vc_column_text] Divorce Property division after divorce Alimony Child custody Domestic violence [\/vc_column_text][vc_empty_space][vc_empty_space][\/vc_column_inner][vc_column_inner width=&#8221;1\/5&#8243;][vc_column_text] Initiation of probate proceedings Necessary hereditary part Testament International inheritance law Inheritance in Croatia Inheritance in Montenegro Inheritance in Germany Inheritance in Italy [&hellip;]","og_url":"https:\/\/rasiclaw.rs\/en\/commercial-law\/","og_site_name":"Advokatska kancelarija Ra&scaron;i\u0107 &amp; Partneri","article_publisher":"https:\/\/www.facebook.com\/stevan.rasic.7","article_modified_time":"2022-10-25T09:51:04+00:00","twitter_card":"summary_large_image","twitter_misc":{"Est. reading time":"2 minutes"},"schema":{"@context":"https:\/\/schema.org","@graph":[{"@type":"WebPage","@id":"https:\/\/rasiclaw.rs\/en\/commercial-law\/","url":"https:\/\/rasiclaw.rs\/en\/commercial-law\/","name":"Commercial Law - Advokatska kancelarija Ra&scaron;i\u0107 &amp; Partneri","isPartOf":{"@id":"https:\/\/rasiclaw.rs\/#website"},"datePublished":"2022-06-02T07:58:57+00:00","dateModified":"2022-10-25T09:51:04+00:00","breadcrumb":{"@id":"https:\/\/rasiclaw.rs\/en\/commercial-law\/#breadcrumb"},"inLanguage":"en-US","potentialAction":[{"@type":"ReadAction","target":["https:\/\/rasiclaw.rs\/en\/commercial-law\/"]}]},{"@type":"BreadcrumbList","@id":"https:\/\/rasiclaw.rs\/en\/commercial-law\/#breadcrumb","itemListElement":[{"@type":"ListItem","position":1,"name":"Home","item":"https:\/\/rasiclaw.rs\/en\/"},{"@type":"ListItem","position":2,"name":"Commercial Law"}]},{"@type":"WebSite","@id":"https:\/\/rasiclaw.rs\/#website","url":"https:\/\/rasiclaw.rs\/","name":"Advokatska kancelarija Ra&scaron;i\u0107 &amp; Partneri","description":"Advokatska kancelarija Ra&scaron;i\u0107 &amp; Partneri funkcioni&scaron;e po principu umre\u017eavanja na prostoru Evrope, sa partnerima i saradnicima.","publisher":{"@id":"https:\/\/rasiclaw.rs\/#organization"},"potentialAction":[{"@type":"SearchAction","target":{"@type":"EntryPoint","urlTemplate":"https:\/\/rasiclaw.rs\/?s={search_term_string}"},"query-input":{"@type":"PropertyValueSpecification","valueRequired":true,"valueName":"search_term_string"}}],"inLanguage":"en-US"},{"@type":"Organization","@id":"https:\/\/rasiclaw.rs\/#organization","name":"Advokatska kancelarija Ra\u0161i\u0107 & Partneri","url":"https:\/\/rasiclaw.rs\/","logo":{"@type":"ImageObject","inLanguage":"en-US","@id":"https:\/\/rasiclaw.rs\/#\/schema\/logo\/image\/","url":"https:\/\/rasiclaw.rs\/wp-content\/uploads\/2022\/05\/Rasic-logo-FINAL.png","contentUrl":"https:\/\/rasiclaw.rs\/wp-content\/uploads\/2022\/05\/Rasic-logo-FINAL.png","width":1120,"height":529,"caption":"Advokatska kancelarija Ra\u0161i\u0107 & Partneri"},"image":{"@id":"https:\/\/rasiclaw.rs\/#\/schema\/logo\/image\/"},"sameAs":["https:\/\/www.facebook.com\/stevan.rasic.7","https:\/\/www.linkedin.com\/in\/stevan-rai-2a1892164\/","https:\/\/www.instagram.com\/rasiclaw.rs\/"]}]}},"_links":{"self":[{"href":"https:\/\/rasiclaw.rs\/en\/wp-json\/wp\/v2\/pages\/6226","targetHints":{"allow":["GET"]}}],"collection":[{"href":"https:\/\/rasiclaw.rs\/en\/wp-json\/wp\/v2\/pages"}],"about":[{"href":"https:\/\/rasiclaw.rs\/en\/wp-json\/wp\/v2\/types\/page"}],"author":[{"embeddable":true,"href":"https:\/\/rasiclaw.rs\/en\/wp-json\/wp\/v2\/users\/1"}],"replies":[{"embeddable":true,"href":"https:\/\/rasiclaw.rs\/en\/wp-json\/wp\/v2\/comments?post=6226"}],"version-history":[{"count":12,"href":"https:\/\/rasiclaw.rs\/en\/wp-json\/wp\/v2\/pages\/6226\/revisions"}],"predecessor-version":[{"id":6407,"href":"https:\/\/rasiclaw.rs\/en\/wp-json\/wp\/v2\/pages\/6226\/revisions\/6407"}],"wp:attachment":[{"href":"https:\/\/rasiclaw.rs\/en\/wp-json\/wp\/v2\/media?parent=6226"}],"curies":[{"name":"wp","href":"https:\/\/api.w.org\/{rel}","templated":true}]}}