{"id":6256,"date":"2017-03-13T08:44:25","date_gmt":"2017-03-13T08:44:25","guid":{"rendered":"https:\/\/rasiclaw.rs\/contact\/"},"modified":"2025-09-25T20:19:49","modified_gmt":"2025-09-25T20:19:49","slug":"contact","status":"publish","type":"page","link":"https:\/\/rasiclaw.rs\/en\/contact\/","title":{"rendered":"Contact"},"content":{"rendered":"[vc_row full_width=&#8221;stretch_row_content_no_spaces&#8221; equal_height=&#8221;yes&#8221;][vc_column width=&#8221;1\/2&#8243; css=&#8221;.vc_custom_1489395342411{padding-top: 0px !important;padding-right: 12% !important;padding-left: 12% !important;background-color: #f3f3f3 !important;}&#8221; el_class=&#8221;phone-empty-block&#8221;][vc_empty_space height=&#8221;90px&#8221; el_class=&#8221;arg-spacer&#8221;]<div id=\"argenta-custom-69e73052600d3\"  class=\"heading-wrapper text-left\"  >\n\t\t\t<p class=\"subtitle\">Budimo u kontaktu<\/p>\n\t\n\t<h3 class=\"second-title text-left\">Contact<\/h3>\n\n\t\n\t\n\t<\/div>\t\n\n[vc_empty_space height=&#8221;20px&#8221;]\t<ul class=\"list-box-icon contact-module list-box-border-items-offset\">\n\t\n\t\t<li id=\"argenta-custom-69e730526022a\">\n\n\t<span class=\"icon linea-basic-geolocalize-05\"><\/span>\n\t\t<h4 class=\"title\">Adress:<\/h4>\n\t\t<address>Admirala Geprata 7\/2, Belgrade, Serbia<\/address>\t\n\n<\/li>\n\n<li id=\"argenta-custom-69e73052602d3\">\n\n\t<span class=\"icon my-icon-ema-email\"><\/span>\n\t\t<h4 class=\"title\">E-mail:<\/h4>\n\t\t<address>office@rasiclaw.rs<\/address>\t\n\n<\/li>\n\n<li id=\"argenta-custom-69e730526034b\">\n\n\t<span class=\"icon my-icon-tel-fixed-handset\"><\/span>\n\t\t<h4 class=\"title\">Phone:<\/h4>\n\t\t<address>+381 64 508 92 03 (Viber, WhatsApp)<br \/>\n+381 11 734 18 26<\/address>\t\n\n<\/li>\n\n<li id=\"argenta-custom-69e73052603b4\">\n\n\t<span class=\"icon linea-software-pencil\"><\/span>\n\t\t<h4 class=\"title\">Info:<\/h4>\n\t\t<address>TIN: 112834644 Company registration number: 57370424 Account number: 265-1650310002213-69 at Raiffeisen bank j.s.c Belgrade<\/address>\t\n\n<\/li>\n\n<li id=\"argenta-custom-69e730526041c\">\n\n\t<span class=\"icon my-icon-loc-longitude\"><\/span>\n\t\t<h4 class=\"title\">Partners:<\/h4>\n\t\t<address>Partners:<br \/>\nRepublic of Austria<br \/>\n- In cooperation with a lawyer from Vienna,<br \/>\nRepublic of Croatia<br \/>\n- In cooperation with a lawyer from Zagreb,<br \/>\nRepublic of Montenegro<br \/>\n- In cooperation with a lawyer from Podgorica,<br \/>\nFederal Republic of Germany<br \/>\n- In cooperation with a lawyer from Berlin.<\/address>\t\n\n<\/li>\n\n\n\t<\/ul>[vc_empty_space height=&#8221;90px&#8221; el_class=&#8221;arg-spacer&#8221;][\/vc_column][vc_column width=&#8221;1\/2&#8243; css=&#8221;.vc_custom_1489395043611{padding-top: 0px !important;padding-right: 12% !important;padding-left: 12% !important;}&#8221;][vc_empty_space height=&#8221;90px&#8221; el_class=&#8221;arg-spacer&#8221;]<div id=\"argenta-custom-69e7305260498\"  class=\"heading-wrapper text-left\"  >\n\t\t\t<p class=\"subtitle\">Let's be in touch<\/p>\n\t\n\t<h3 class=\"second-title text-left\">Give us a call or write to us, because we are here for you!<\/h3>\n\n\t\n\t\n\t<\/div>\t\n\n[vc_empty_space height=&#8221;20px&#8221;]<div class=\"contact-form text-left\" data-button-classes=\" btn-outline\" id=\"argenta-custom-69e73052604ee\"  >\n\n\t\n<div class=\"wpcf7 no-js\" id=\"wpcf7-f6259-o1\" lang=\"en-US\" dir=\"ltr\" data-wpcf7-id=\"6259\">\n<div class=\"screen-reader-response\"><p role=\"status\" aria-live=\"polite\" aria-atomic=\"true\"><\/p> <ul><\/ul><\/div>\n<form action=\"\/en\/wp-json\/wp\/v2\/pages\/6256#wpcf7-f6259-o1\" method=\"post\" class=\"wpcf7-form init\" aria-label=\"Contact form\" novalidate=\"novalidate\" data-status=\"init\">\n<div style=\"display: none;\">\n<input type=\"hidden\" name=\"_wpcf7\" value=\"6259\" \/>\n<input type=\"hidden\" name=\"_wpcf7_version\" value=\"6.0.4\" \/>\n<input type=\"hidden\" name=\"_wpcf7_locale\" value=\"en_US\" \/>\n<input type=\"hidden\" name=\"_wpcf7_unit_tag\" value=\"wpcf7-f6259-o1\" \/>\n<input type=\"hidden\" name=\"_wpcf7_container_post\" value=\"0\" \/>\n<input type=\"hidden\" name=\"_wpcf7_posted_data_hash\" value=\"\" \/>\n<\/div>\n<div class=\"input-group\">\n\t<p><label class=\"col-12\"><span class=\"wpcf7-form-control-wrap\" data-name=\"your-name\"><input size=\"40\" maxlength=\"400\" class=\"wpcf7-form-control wpcf7-text wpcf7-validates-as-required\" aria-required=\"true\" aria-invalid=\"false\" placeholder=\"Your name*\" value=\"\" type=\"text\" name=\"your-name\" \/><\/span><\/label>\n\t<\/p>\n<\/div>\n<div class=\"input-group\">\n\t<p><label class=\"col-12\"><span class=\"wpcf7-form-control-wrap\" data-name=\"your-email\"><input size=\"40\" maxlength=\"400\" class=\"wpcf7-form-control wpcf7-email wpcf7-validates-as-required wpcf7-text wpcf7-validates-as-email\" aria-required=\"true\" aria-invalid=\"false\" placeholder=\"E-mail*\" value=\"\" type=\"email\" name=\"your-email\" \/><\/span><\/label>\n\t<\/p>\n<\/div>\n<p><label> <span class=\"wpcf7-form-control-wrap\" data-name=\"your-message\"><textarea cols=\"40\" rows=\"10\" maxlength=\"2000\" class=\"wpcf7-form-control wpcf7-textarea\" aria-invalid=\"false\" placeholder=\"Message\" name=\"your-message\"><\/textarea><\/span> <\/label><br \/>\n<button class=\"btn\"><span class=\"btn-load\"><\/span>Send<\/button>\n<\/p><p style=\"display: none !important;\" class=\"akismet-fields-container\" data-prefix=\"_wpcf7_ak_\"><label>&#916;<textarea name=\"_wpcf7_ak_hp_textarea\" cols=\"45\" rows=\"8\" maxlength=\"100\"><\/textarea><\/label><input type=\"hidden\" id=\"ak_js_1\" name=\"_wpcf7_ak_js\" value=\"11\"\/><script>document.getElementById( \"ak_js_1\" ).setAttribute( \"value\", ( new Date() ).getTime() );<\/script><\/p><div class=\"wpcf7-response-output\" aria-hidden=\"true\"><\/div>\n<\/form>\n<\/div>\n\n<\/div>\n\n[vc_empty_space height=&#8221;90px&#8221; el_class=&#8221;arg-spacer&#8221;][vc_raw_html]PGRpdiBpZD0ic21hcnQtYnV0dG9uLWNvbnRhaW5lciI+CiAgICAgIDxkaXYgc3R5bGU9InRleHQtYWxpZ246IGNlbnRlcjsiPgogICAgICAgIDxkaXYgaWQ9InBheXBhbC1idXR0b24tY29udGFpbmVyIj48L2Rpdj4KICAgICAgPC9kaXY+CiAgICA8L2Rpdj4KICA8c2NyaXB0IHNyYz0iaHR0cHM6Ly93d3cucGF5cGFsLmNvbS9zZGsvanM\/Y2xpZW50LWlkPXNiJmFtcDtlbmFibGUtZnVuZGluZz12ZW5tbyZhbXA7Y3VycmVuY3k9RVVSIiBkYXRhLXNkay1pbnRlZ3JhdGlvbi1zb3VyY2U9ImJ1dHRvbi1mYWN0b3J5Ij48L3NjcmlwdD4KICA8c2NyaXB0PgogICAgZnVuY3Rpb24gaW5pdFBheVBhbEJ1dHRvbigpIHsKICAgICAgcGF5cGFsLkJ1dHRvbnMoewogICAgICAgIHN0eWxlOiB7CiAgICAgICAgICBzaGFwZTogJ3JlY3QnLAogICAgICAgICAgY29sb3I6ICdibHVlJywKICAgICAgICAgIGxheW91dDogJ3ZlcnRpY2FsJywKICAgICAgICAgIGxhYmVsOiAncGF5cGFsJywKICAgICAgICAgIAogICAgICAgIH0sCgogICAgICAgIGNyZWF0ZU9yZGVyOiBmdW5jdGlvbihkYXRhLCBhY3Rpb25zKSB7CiAgICAgICAgICByZXR1cm4gYWN0aW9ucy5vcmRlci5jcmVhdGUoewogICAgICAgICAgICBwdXJjaGFzZV91bml0czogW3siZGVzY3JpcHRpb24iOiJUdcW+YmEgemEgcmF6dm9kIGJyYWthIiwiYW1vdW50Ijp7ImN1cnJlbmN5X2NvZGUiOiJFVVIiLCJ2YWx1ZSI6MTQwfX1dCiAgICAgICAgICB9KTsKICAgICAgICB9LAoKICAgICAgICBvbkFwcHJvdmU6IGZ1bmN0aW9uKGRhdGEsIGFjdGlvbnMpIHsKICAgICAgICAgIHJldHVybiBhY3Rpb25zLm9yZGVyLmNhcHR1cmUoKS50aGVuKGZ1bmN0aW9uKG9yZGVyRGF0YSkgewogICAgICAgICAgICAKICAgICAgICAgICAgLy8gRnVsbCBhdmFpbGFibGUgZGV0YWlscwogICAgICAgICAgICBjb25zb2xlLmxvZygnQ2FwdHVyZSByZXN1bHQnLCBvcmRlckRhdGEsIEpTT04uc3RyaW5naWZ5KG9yZGVyRGF0YSwgbnVsbCwgMikpOwoKICAgICAgICAgICAgLy8gU2hvdyBhIHN1Y2Nlc3MgbWVzc2FnZSB3aXRoaW4gdGhpcyBwYWdlLCBlLmcuCiAgICAgICAgICAgIGNvbnN0IGVsZW1lbnQgPSBkb2N1bWVudC5nZXRFbGVtZW50QnlJZCgncGF5cGFsLWJ1dHRvbi1jb250YWluZXInKTsKICAgICAgICAgICAgZWxlbWVudC5pbm5lckhUTUwgPSAnJzsKICAgICAgICAgICAgZWxlbWVudC5pbm5lckhUTUwgPSAnPGgzPlRoYW5rIHlvdSBmb3IgeW91ciBwYXltZW50ITwvaDM+JzsKCiAgICAgICAgICAgIC8vIE9yIGdvIHRvIGFub3RoZXIgVVJMOiAgYWN0aW9ucy5yZWRpcmVjdCgndGhhbmtfeW91Lmh0bWwnKTsKICAgICAgICAgICAgCiAgICAgICAgICB9KTsKICAgICAgICB9LAoKICAgICAgICBvbkVycm9yOiBmdW5jdGlvbihlcnIpIHsKICAgICAgICAgIGNvbnNvbGUubG9nKGVycik7CiAgICAgICAgfQogICAgICB9KS5yZW5kZXIoJyNwYXlwYWwtYnV0dG9uLWNvbnRhaW5lcicpOwogICAgfQogICAgaW5pdFBheVBhbEJ1dHRvbigpOwogIDwvc2NyaXB0Pg==[\/vc_raw_html][\/vc_column][\/vc_row][vc_row full_width=&#8221;stretch_row_content_no_spaces&#8221;][vc_column css=&#8221;.vc_custom_1489394632061{padding-top: 0px !important;}&#8221;][vc_gmaps link=&#8221;#E-8_JTNDaWZyYW1lJTIwc3JjJTNEJTIyaHR0cHMlM0ElMkYlMkZ3d3cuZ29vZ2xlLmNvbSUyRm1hcHMlMkZlbWJlZCUzRnBiJTNEJTIxMW0xOCUyMTFtMTIlMjExbTMlMjExZDI4MzAuNjMxMzcwNzI0MzM1JTIxMmQyMC40NTc2MTM3MTU1MzU2MjIlMjEzZDQ0LjgwODcwMDY3OTA5ODYzJTIxMm0zJTIxMWYwJTIxMmYwJTIxM2YwJTIxM20yJTIxMWkxMDI0JTIxMmk3NjglMjE0ZjEzLjElMjEzbTMlMjExbTIlMjExczB4NDc1YTdhYTkyMzViOWMwOSUyNTNBMHg3OTEyZjhmNmIyZTM1OTdkJTIxMnNBZG1pcmFsYSUyNTIwR2VwcmF0YSUyNTIwNyUyNTJDJTI1MjBCZW9ncmFkJTIxNWUwJTIxM20yJTIxMXNlbiUyMTJzcnMlMjE0djE2NTI5OTY1NDI0MTYlMjE1bTIlMjExc2VuJTIxMnNycyUyMiUyMHdpZHRoJTNEJTIyNjAwJTIyJTIwaGVpZ2h0JTNEJTIyNDUwJTIyJTIwc3R5bGUlM0QlMjJib3JkZXIlM0EwJTNCJTIyJTIwYWxsb3dmdWxsc2NyZWVuJTNEJTIyJTIyJTIwbG9hZGluZyUzRCUyMmxhenklMjIlMjByZWZlcnJlcnBvbGljeSUzRCUyMm5vLXJlZmVycmVyLXdoZW4tZG93bmdyYWRlJTIyJTNFJTNDJTJGaWZyYW1lJTNF&#8221;][\/vc_column][\/vc_row]\n","protected":false},"excerpt":{"rendered":"<p>[vc_row full_width=&#8221;stretch_row_content_no_spaces&#8221; equal_height=&#8221;yes&#8221;][vc_column width=&#8221;1\/2&#8243; css=&#8221;.vc_custom_1489395342411{padding-top: 0px !important;padding-right: 12% !important;padding-left: 12% !important;background-color: #f3f3f3 !important;}&#8221; el_class=&#8221;phone-empty-block&#8221;][vc_empty_space height=&#8221;90px&#8221; el_class=&#8221;arg-spacer&#8221;][vc_empty_space height=&#8221;20px&#8221;][vc_empty_space height=&#8221;90px&#8221; el_class=&#8221;arg-spacer&#8221;][\/vc_column][vc_column width=&#8221;1\/2&#8243; css=&#8221;.vc_custom_1489395043611{padding-top: 0px !important;padding-right: 12% !important;padding-left: 12% !important;}&#8221;][vc_empty_space height=&#8221;90px&#8221; el_class=&#8221;arg-spacer&#8221;][vc_empty_space height=&#8221;20px&#8221;][vc_empty_space height=&#8221;90px&#8221; el_class=&#8221;arg-spacer&#8221;][vc_raw_html]PGRpdiBpZD0ic21hcnQtYnV0dG9uLWNvbnRhaW5lciI+CiAgICAgIDxkaXYgc3R5bGU9InRleHQtYWxpZ246IGNlbnRlcjsiPgogICAgICAgIDxkaXYgaWQ9InBheXBhbC1idXR0b24tY29udGFpbmVyIj48L2Rpdj4KICAgICAgPC9kaXY+CiAgICA8L2Rpdj4KICA8c2NyaXB0IHNyYz0iaHR0cHM6Ly93d3cucGF5cGFsLmNvbS9zZGsvanM\/Y2xpZW50LWlkPXNiJmFtcDtlbmFibGUtZnVuZGluZz12ZW5tbyZhbXA7Y3VycmVuY3k9RVVSIiBkYXRhLXNkay1pbnRlZ3JhdGlvbi1zb3VyY2U9ImJ1dHRvbi1mYWN0b3J5Ij48L3NjcmlwdD4KICA8c2NyaXB0PgogICAgZnVuY3Rpb24gaW5pdFBheVBhbEJ1dHRvbigpIHsKICAgICAgcGF5cGFsLkJ1dHRvbnMoewogICAgICAgIHN0eWxlOiB7CiAgICAgICAgICBzaGFwZTogJ3JlY3QnLAogICAgICAgICAgY29sb3I6ICdibHVlJywKICAgICAgICAgIGxheW91dDogJ3ZlcnRpY2FsJywKICAgICAgICAgIGxhYmVsOiAncGF5cGFsJywKICAgICAgICAgIAogICAgICAgIH0sCgogICAgICAgIGNyZWF0ZU9yZGVyOiBmdW5jdGlvbihkYXRhLCBhY3Rpb25zKSB7CiAgICAgICAgICByZXR1cm4gYWN0aW9ucy5vcmRlci5jcmVhdGUoewogICAgICAgICAgICBwdXJjaGFzZV91bml0czogW3siZGVzY3JpcHRpb24iOiJUdcW+YmEgemEgcmF6dm9kIGJyYWthIiwiYW1vdW50Ijp7ImN1cnJlbmN5X2NvZGUiOiJFVVIiLCJ2YWx1ZSI6MTQwfX1dCiAgICAgICAgICB9KTsKICAgICAgICB9LAoKICAgICAgICBvbkFwcHJvdmU6IGZ1bmN0aW9uKGRhdGEsIGFjdGlvbnMpIHsKICAgICAgICAgIHJldHVybiBhY3Rpb25zLm9yZGVyLmNhcHR1cmUoKS50aGVuKGZ1bmN0aW9uKG9yZGVyRGF0YSkgewogICAgICAgICAgICAKICAgICAgICAgICAgLy8gRnVsbCBhdmFpbGFibGUgZGV0YWlscwogICAgICAgICAgICBjb25zb2xlLmxvZygnQ2FwdHVyZSByZXN1bHQnLCBvcmRlckRhdGEsIEpTT04uc3RyaW5naWZ5KG9yZGVyRGF0YSwgbnVsbCwgMikpOwoKICAgICAgICAgICAgLy8gU2hvdyBhIHN1Y2Nlc3MgbWVzc2FnZSB3aXRoaW4gdGhpcyBwYWdlLCBlLmcuCiAgICAgICAgICAgIGNvbnN0IGVsZW1lbnQgPSBkb2N1bWVudC5nZXRFbGVtZW50QnlJZCgncGF5cGFsLWJ1dHRvbi1jb250YWluZXInKTsKICAgICAgICAgICAgZWxlbWVudC5pbm5lckhUTUwgPSAnJzsKICAgICAgICAgICAgZWxlbWVudC5pbm5lckhUTUwgPSAnPGgzPlRoYW5rIHlvdSBmb3IgeW91ciBwYXltZW50ITwvaDM+JzsKCiAgICAgICAgICAgIC8vIE9yIGdvIHRvIGFub3RoZXIgVVJMOiAgYWN0aW9ucy5yZWRpcmVjdCgndGhhbmtfeW91Lmh0bWwnKTsKICAgICAgICAgICAgCiAgICAgICAgICB9KTsKICAgICAgICB9LAoKICAgICAgICBvbkVycm9yOiBmdW5jdGlvbihlcnIpIHsKICAgICAgICAgIGNvbnNvbGUubG9nKGVycik7CiAgICAgICAgfQogICAgICB9KS5yZW5kZXIoJyNwYXlwYWwtYnV0dG9uLWNvbnRhaW5lcicpOwogICAgfQogICAgaW5pdFBheVBhbEJ1dHRvbigpOwogIDwvc2NyaXB0Pg==[\/vc_raw_html][\/vc_column][\/vc_row][vc_row full_width=&#8221;stretch_row_content_no_spaces&#8221;][vc_column css=&#8221;.vc_custom_1489394632061{padding-top: 0px !important;}&#8221;][vc_gmaps link=&#8221;#E-8_JTNDaWZyYW1lJTIwc3JjJTNEJTIyaHR0cHMlM0ElMkYlMkZ3d3cuZ29vZ2xlLmNvbSUyRm1hcHMlMkZlbWJlZCUzRnBiJTNEJTIxMW0xOCUyMTFtMTIlMjExbTMlMjExZDI4MzAuNjMxMzcwNzI0MzM1JTIxMmQyMC40NTc2MTM3MTU1MzU2MjIlMjEzZDQ0LjgwODcwMDY3OTA5ODYzJTIxMm0zJTIxMWYwJTIxMmYwJTIxM2YwJTIxM20yJTIxMWkxMDI0JTIxMmk3NjglMjE0ZjEzLjElMjEzbTMlMjExbTIlMjExczB4NDc1YTdhYTkyMzViOWMwOSUyNTNBMHg3OTEyZjhmNmIyZTM1OTdkJTIxMnNBZG1pcmFsYSUyNTIwR2VwcmF0YSUyNTIwNyUyNTJDJTI1MjBCZW9ncmFkJTIxNWUwJTIxM20yJTIxMXNlbiUyMTJzcnMlMjE0djE2NTI5OTY1NDI0MTYlMjE1bTIlMjExc2VuJTIxMnNycyUyMiUyMHdpZHRoJTNEJTIyNjAwJTIyJTIwaGVpZ2h0JTNEJTIyNDUwJTIyJTIwc3R5bGUlM0QlMjJib3JkZXIlM0EwJTNCJTIyJTIwYWxsb3dmdWxsc2NyZWVuJTNEJTIyJTIyJTIwbG9hZGluZyUzRCUyMmxhenklMjIlMjByZWZlcnJlcnBvbGljeSUzRCUyMm5vLXJlZmVycmVyLXdoZW4tZG93bmdyYWRlJTIyJTNFJTNDJTJGaWZyYW1lJTNF&#8221;][\/vc_column][\/vc_row]<\/p>\n","protected":false},"author":1,"featured_media":0,"parent":0,"menu_order":0,"comment_status":"closed","ping_status":"closed","template":"page-templates\/page_without-sidebar.php","meta":{"footnotes":""},"class_list":["post-6256","page","type-page","status-publish","hentry"],"acf":[],"yoast_head":"<!-- This site is optimized with the Yoast SEO plugin v24.5 - https:\/\/yoast.com\/wordpress\/plugins\/seo\/ -->\n<title>Contact - Advokatska kancelarija Ra&scaron;i\u0107 &amp; Partneri<\/title>\n<meta name=\"description\" content=\"Give us a call or write to us, because we are here for you!\" \/>\n<meta name=\"robots\" content=\"index, follow, max-snippet:-1, max-image-preview:large, max-video-preview:-1\" \/>\n<link rel=\"canonical\" href=\"https:\/\/rasiclaw.rs\/en\/contact\/\" \/>\n<meta property=\"og:locale\" content=\"en_US\" \/>\n<meta property=\"og:type\" content=\"article\" \/>\n<meta property=\"og:title\" content=\"Contact - Advokatska kancelarija Ra&scaron;i\u0107 &amp; Partneri\" \/>\n<meta property=\"og:description\" content=\"Give us a call or write to us, because we are here for you!\" \/>\n<meta property=\"og:url\" content=\"https:\/\/rasiclaw.rs\/en\/contact\/\" \/>\n<meta property=\"og:site_name\" content=\"Advokatska kancelarija Ra&scaron;i\u0107 &amp; Partneri\" \/>\n<meta property=\"article:publisher\" content=\"https:\/\/www.facebook.com\/stevan.rasic.7\" \/>\n<meta property=\"article:modified_time\" content=\"2025-09-25T20:19:49+00:00\" \/>\n<meta name=\"twitter:card\" content=\"summary_large_image\" \/>\n<meta name=\"twitter:label1\" content=\"Est. reading time\" \/>\n\t<meta name=\"twitter:data1\" content=\"1 minute\" \/>\n<script type=\"application\/ld+json\" class=\"yoast-schema-graph\">{\"@context\":\"https:\/\/schema.org\",\"@graph\":[{\"@type\":\"WebPage\",\"@id\":\"https:\/\/rasiclaw.rs\/en\/contact\/\",\"url\":\"https:\/\/rasiclaw.rs\/en\/contact\/\",\"name\":\"Contact - Advokatska kancelarija Ra&scaron;i\u0107 &amp; Partneri\",\"isPartOf\":{\"@id\":\"https:\/\/rasiclaw.rs\/#website\"},\"datePublished\":\"2017-03-13T08:44:25+00:00\",\"dateModified\":\"2025-09-25T20:19:49+00:00\",\"description\":\"Give us a call or write to us, because we are here for you!\",\"breadcrumb\":{\"@id\":\"https:\/\/rasiclaw.rs\/en\/contact\/#breadcrumb\"},\"inLanguage\":\"en-US\",\"potentialAction\":[{\"@type\":\"ReadAction\",\"target\":[\"https:\/\/rasiclaw.rs\/en\/contact\/\"]}]},{\"@type\":\"BreadcrumbList\",\"@id\":\"https:\/\/rasiclaw.rs\/en\/contact\/#breadcrumb\",\"itemListElement\":[{\"@type\":\"ListItem\",\"position\":1,\"name\":\"Home\",\"item\":\"https:\/\/rasiclaw.rs\/en\/\"},{\"@type\":\"ListItem\",\"position\":2,\"name\":\"Contact\"}]},{\"@type\":\"WebSite\",\"@id\":\"https:\/\/rasiclaw.rs\/#website\",\"url\":\"https:\/\/rasiclaw.rs\/\",\"name\":\"Advokatska kancelarija Ra&scaron;i\u0107 &amp; Partneri\",\"description\":\"Advokatska kancelarija Ra&scaron;i\u0107 &amp; Partneri funkcioni&scaron;e po principu umre\u017eavanja na prostoru Evrope, sa partnerima i saradnicima.\",\"publisher\":{\"@id\":\"https:\/\/rasiclaw.rs\/#organization\"},\"potentialAction\":[{\"@type\":\"SearchAction\",\"target\":{\"@type\":\"EntryPoint\",\"urlTemplate\":\"https:\/\/rasiclaw.rs\/?s={search_term_string}\"},\"query-input\":{\"@type\":\"PropertyValueSpecification\",\"valueRequired\":true,\"valueName\":\"search_term_string\"}}],\"inLanguage\":\"en-US\"},{\"@type\":\"Organization\",\"@id\":\"https:\/\/rasiclaw.rs\/#organization\",\"name\":\"Advokatska kancelarija Ra\u0161i\u0107 & Partneri\",\"url\":\"https:\/\/rasiclaw.rs\/\",\"logo\":{\"@type\":\"ImageObject\",\"inLanguage\":\"en-US\",\"@id\":\"https:\/\/rasiclaw.rs\/#\/schema\/logo\/image\/\",\"url\":\"https:\/\/rasiclaw.rs\/wp-content\/uploads\/2022\/05\/Rasic-logo-FINAL.png\",\"contentUrl\":\"https:\/\/rasiclaw.rs\/wp-content\/uploads\/2022\/05\/Rasic-logo-FINAL.png\",\"width\":1120,\"height\":529,\"caption\":\"Advokatska kancelarija Ra\u0161i\u0107 & Partneri\"},\"image\":{\"@id\":\"https:\/\/rasiclaw.rs\/#\/schema\/logo\/image\/\"},\"sameAs\":[\"https:\/\/www.facebook.com\/stevan.rasic.7\",\"https:\/\/www.linkedin.com\/in\/stevan-rai-2a1892164\/\",\"https:\/\/www.instagram.com\/rasiclaw.rs\/\"]}]}<\/script>\n<!-- \/ Yoast SEO plugin. -->","yoast_head_json":{"title":"Contact - Advokatska kancelarija Ra&scaron;i\u0107 &amp; Partneri","description":"Give us a call or write to us, because we are here for you!","robots":{"index":"index","follow":"follow","max-snippet":"max-snippet:-1","max-image-preview":"max-image-preview:large","max-video-preview":"max-video-preview:-1"},"canonical":"https:\/\/rasiclaw.rs\/en\/contact\/","og_locale":"en_US","og_type":"article","og_title":"Contact - Advokatska kancelarija Ra&scaron;i\u0107 &amp; Partneri","og_description":"Give us a call or write to us, because we are here for you!","og_url":"https:\/\/rasiclaw.rs\/en\/contact\/","og_site_name":"Advokatska kancelarija Ra&scaron;i\u0107 &amp; Partneri","article_publisher":"https:\/\/www.facebook.com\/stevan.rasic.7","article_modified_time":"2025-09-25T20:19:49+00:00","twitter_card":"summary_large_image","twitter_misc":{"Est. reading time":"1 minute"},"schema":{"@context":"https:\/\/schema.org","@graph":[{"@type":"WebPage","@id":"https:\/\/rasiclaw.rs\/en\/contact\/","url":"https:\/\/rasiclaw.rs\/en\/contact\/","name":"Contact - Advokatska kancelarija Ra&scaron;i\u0107 &amp; Partneri","isPartOf":{"@id":"https:\/\/rasiclaw.rs\/#website"},"datePublished":"2017-03-13T08:44:25+00:00","dateModified":"2025-09-25T20:19:49+00:00","description":"Give us a call or write to us, because we are here for you!","breadcrumb":{"@id":"https:\/\/rasiclaw.rs\/en\/contact\/#breadcrumb"},"inLanguage":"en-US","potentialAction":[{"@type":"ReadAction","target":["https:\/\/rasiclaw.rs\/en\/contact\/"]}]},{"@type":"BreadcrumbList","@id":"https:\/\/rasiclaw.rs\/en\/contact\/#breadcrumb","itemListElement":[{"@type":"ListItem","position":1,"name":"Home","item":"https:\/\/rasiclaw.rs\/en\/"},{"@type":"ListItem","position":2,"name":"Contact"}]},{"@type":"WebSite","@id":"https:\/\/rasiclaw.rs\/#website","url":"https:\/\/rasiclaw.rs\/","name":"Advokatska kancelarija Ra&scaron;i\u0107 &amp; Partneri","description":"Advokatska kancelarija Ra&scaron;i\u0107 &amp; Partneri funkcioni&scaron;e po principu umre\u017eavanja na prostoru Evrope, sa partnerima i saradnicima.","publisher":{"@id":"https:\/\/rasiclaw.rs\/#organization"},"potentialAction":[{"@type":"SearchAction","target":{"@type":"EntryPoint","urlTemplate":"https:\/\/rasiclaw.rs\/?s={search_term_string}"},"query-input":{"@type":"PropertyValueSpecification","valueRequired":true,"valueName":"search_term_string"}}],"inLanguage":"en-US"},{"@type":"Organization","@id":"https:\/\/rasiclaw.rs\/#organization","name":"Advokatska kancelarija Ra\u0161i\u0107 & Partneri","url":"https:\/\/rasiclaw.rs\/","logo":{"@type":"ImageObject","inLanguage":"en-US","@id":"https:\/\/rasiclaw.rs\/#\/schema\/logo\/image\/","url":"https:\/\/rasiclaw.rs\/wp-content\/uploads\/2022\/05\/Rasic-logo-FINAL.png","contentUrl":"https:\/\/rasiclaw.rs\/wp-content\/uploads\/2022\/05\/Rasic-logo-FINAL.png","width":1120,"height":529,"caption":"Advokatska kancelarija Ra\u0161i\u0107 & Partneri"},"image":{"@id":"https:\/\/rasiclaw.rs\/#\/schema\/logo\/image\/"},"sameAs":["https:\/\/www.facebook.com\/stevan.rasic.7","https:\/\/www.linkedin.com\/in\/stevan-rai-2a1892164\/","https:\/\/www.instagram.com\/rasiclaw.rs\/"]}]}},"_links":{"self":[{"href":"https:\/\/rasiclaw.rs\/en\/wp-json\/wp\/v2\/pages\/6256","targetHints":{"allow":["GET"]}}],"collection":[{"href":"https:\/\/rasiclaw.rs\/en\/wp-json\/wp\/v2\/pages"}],"about":[{"href":"https:\/\/rasiclaw.rs\/en\/wp-json\/wp\/v2\/types\/page"}],"author":[{"embeddable":true,"href":"https:\/\/rasiclaw.rs\/en\/wp-json\/wp\/v2\/users\/1"}],"replies":[{"embeddable":true,"href":"https:\/\/rasiclaw.rs\/en\/wp-json\/wp\/v2\/comments?post=6256"}],"version-history":[{"count":6,"href":"https:\/\/rasiclaw.rs\/en\/wp-json\/wp\/v2\/pages\/6256\/revisions"}],"predecessor-version":[{"id":6530,"href":"https:\/\/rasiclaw.rs\/en\/wp-json\/wp\/v2\/pages\/6256\/revisions\/6530"}],"wp:attachment":[{"href":"https:\/\/rasiclaw.rs\/en\/wp-json\/wp\/v2\/media?parent=6256"}],"curies":[{"name":"wp","href":"https:\/\/api.w.org\/{rel}","templated":true}]}}