{"id":6295,"date":"2017-02-26T13:49:36","date_gmt":"2017-02-26T13:49:36","guid":{"rendered":"https:\/\/rasiclaw.rs\/practice-areas\/"},"modified":"2022-10-25T09:48:13","modified_gmt":"2022-10-25T09:48:13","slug":"practice-areas","status":"publish","type":"page","link":"https:\/\/rasiclaw.rs\/en\/practice-areas\/","title":{"rendered":"Practice Areas"},"content":{"rendered":"[vc_row full_width=&#8221;stretch_row&#8221; css=&#8221;.vc_custom_1666691293814{background-color: #f3f3f3 !important;}&#8221;][vc_column css=&#8221;.vc_custom_1478187626867{padding-top: 0px !important;}&#8221;][vc_empty_space height=&#8221;40px&#8221; el_class=&#8221;arg-spacer&#8221;]<div  class=\"heading-wrapper text-center\"  >\n\t\t\t<p class=\"subtitle\">Rasic &amp; Partners<\/p>\n\t\n\t<h3 class=\"second-title text-center\">Practice areas<\/h3>\n\n\t\n\t\n\t<\/div>\t\n\n[vc_empty_space height=&#8221;40px&#8221; el_class=&#8221;arg-spacer&#8221;][vc_row_inner][vc_column_inner width=&#8221;1\/5&#8243;]<div id=\"argenta-custom-69e7300c8cd07\" class=\"icon-box-left\"  >\n\n\t<div class=\"icon-box-image brand-color brand-border-color\">\n\t\t\t\t<span class=\"my-icon-use-user-user-user brand-color\"><\/span>\n\t\t\t<\/div>\n\n\t<div class=\"icon-box-wrap-content\">\n\t\t<h3 class=\"title icon-box-title\"><\/h3>\n\t\t\n\t\t\t\t\n\t\t\t\t\t<p class=\"icon-box-description\"><\/p>\n\n\t\t\t\t\t<\/div>\n\t\t\n<\/div>\n\n<div id=\"argenta-custom-69e7300c8cdb6\"  class=\"heading-wrapper text-left\"  >\n\t\t\t<p class=\"subtitle\"><\/p>\n\t\n\t<h3 class=\"second-title text-left\">Family Law<\/h3>\n\n\t\n\t\n\t<\/div>\t\n\n[vc_column_text]\n<ul>\n<li>Divorce<\/li>\n<li>Property division after divorce<\/li>\n<li>Alimony<\/li>\n<li>Child custody<\/li>\n<li>Domestic violence<\/li>\n<\/ul>\n[\/vc_column_text][vc_empty_space]<div class=\"button_wrapper\"  >\n\t\n\t<a href=\"https:\/\/rasiclaw.rs\/en\/family-law\/\" class=\"btn btn-outline\">\n\t\t\t\t<span class=\"text\">Read more<\/span>\n\t\t\t<\/a>\n\t\n<\/div>\n\n[vc_empty_space][\/vc_column_inner][vc_column_inner width=&#8221;1\/5&#8243;]<div id=\"argenta-custom-69e7300c8cefe\" class=\"icon-box-left\"  >\n\n\t<div class=\"icon-box-image brand-color brand-border-color\">\n\t\t\t\t<span class=\"my-icon-ios-browsers brand-color\"><\/span>\n\t\t\t<\/div>\n\n\t<div class=\"icon-box-wrap-content\">\n\t\t<h3 class=\"title icon-box-title\"><\/h3>\n\t\t\n\t\t\t\t\n\t\t\t\t\t<p class=\"icon-box-description\"><\/p>\n\n\t\t\t\t\t<\/div>\n\t\t\n<\/div>\n\n<div id=\"argenta-custom-69e7300c8cfa5\"  class=\"heading-wrapper text-left\"  >\n\t\t\t<p class=\"subtitle\"><\/p>\n\t\n\t<h3 class=\"second-title text-left\">Inheritance Law<\/h3>\n\n\t\n\t\n\t<\/div>\t\n\n[vc_column_text]\n<ul>\n<li>Initiation of probate proceedings<\/li>\n<li>Necessary hereditary part<\/li>\n<li>Testament<\/li>\n<li>International inheritance law<\/li>\n<li>Inheritance in Croatia<\/li>\n<li>Inheritance in Montenegro<\/li>\n<li>Inheritance in Germany<\/li>\n<li>Inheritance in Italy<\/li>\n<\/ul>\n[\/vc_column_text][vc_empty_space]<div class=\"button_wrapper\"  >\n\t\n\t<a href=\"https:\/\/rasiclaw.rs\/en\/inheritance-law-in-the-republic-of-serbia\/\" class=\"btn btn-outline\">\n\t\t\t\t<span class=\"text\">Read more<\/span>\n\t\t\t<\/a>\n\t\n<\/div>\n\n[vc_empty_space][\/vc_column_inner][vc_column_inner width=&#8221;1\/5&#8243;]<div id=\"argenta-custom-69e7300c8d05e\" class=\"icon-box-left\"  >\n\n\t<div class=\"icon-box-image brand-color brand-border-color\">\n\t\t\t\t<span class=\"linea-basic-case brand-color\"><\/span>\n\t\t\t<\/div>\n\n\t<div class=\"icon-box-wrap-content\">\n\t\t<h3 class=\"title icon-box-title\"><\/h3>\n\t\t\n\t\t\t\t\n\t\t\t\t\t<p class=\"icon-box-description\"><\/p>\n\n\t\t\t\t\t<\/div>\n\t\t\n<\/div>\n\n<div id=\"argenta-custom-69e7300c8d0b2\"  class=\"heading-wrapper text-left\"  >\n\t\t\t<p class=\"subtitle\"><\/p>\n\t\n\t<h3 class=\"second-title text-left\">Labor Law<\/h3>\n\n\t\n\t\n\t<\/div>\t\n\n[vc_column_text]\n<ul>\n<li>Labor disputes in the Republic of Serbia<\/li>\n<li>Labor disputes abroad<\/li>\n<\/ul>\n[\/vc_column_text][vc_empty_space]<div class=\"button_wrapper\"  >\n\t\n\t<a href=\"https:\/\/rasiclaw.rs\/en\/labor-law\/\" class=\"btn btn-outline\">\n\t\t\t\t<span class=\"text\">Read more<\/span>\n\t\t\t<\/a>\n\t\n<\/div>\n\n[vc_empty_space][\/vc_column_inner][vc_column_inner width=&#8221;1\/5&#8243;]<div id=\"argenta-custom-69e7300c8d15e\" class=\"icon-box-left\"  >\n\n\t<div class=\"icon-box-image brand-color brand-border-color\">\n\t\t\t\t<span class=\"my-icon-fin-note-card brand-color\"><\/span>\n\t\t\t<\/div>\n\n\t<div class=\"icon-box-wrap-content\">\n\t\t<h3 class=\"title icon-box-title\"><\/h3>\n\t\t\n\t\t\t\t\n\t\t\t\t\t<p class=\"icon-box-description\"><\/p>\n\n\t\t\t\t\t<\/div>\n\t\t\n<\/div>\n\n<div id=\"argenta-custom-69e7300c8d1ad\"  class=\"heading-wrapper text-left\"  >\n\t\t\t<p class=\"subtitle\"><\/p>\n\t\n\t<h3 class=\"second-title text-left\">Compensation for Damages<\/h3>\n\n\t\n\t\n\t<\/div>\t\n\n[vc_column_text]\n<ul>\n<li>Compensation for damages in traffic accidents<\/li>\n<li>Compensation for material damage<\/li>\n<li>Compensation for non-material damage<\/li>\n<\/ul>\n[\/vc_column_text][vc_empty_space]<div class=\"button_wrapper\"  >\n\t\n\t<a href=\"https:\/\/rasiclaw.rs\/en\/compensation-for-damages\/\" class=\"btn btn-outline\">\n\t\t\t\t<span class=\"text\">Read more<\/span>\n\t\t\t<\/a>\n\t\n<\/div>\n\n[vc_empty_space][\/vc_column_inner][vc_column_inner width=&#8221;1\/5&#8243;]<div id=\"argenta-custom-69e7300c8d2b8\" class=\"icon-box-left\"  >\n\n\t<div class=\"icon-box-image brand-color brand-border-color\">\n\t\t\t\t<span class=\"my-icon-ui-fingerprint brand-color\"><\/span>\n\t\t\t<\/div>\n\n\t<div class=\"icon-box-wrap-content\">\n\t\t<h3 class=\"title icon-box-title\"><\/h3>\n\t\t\n\t\t\t\t\n\t\t\t\t\t<p class=\"icon-box-description\"><\/p>\n\n\t\t\t\t\t<\/div>\n\t\t\n<\/div>\n\n<div id=\"argenta-custom-69e7300c8d32c\"  class=\"heading-wrapper text-left\"  >\n\t\t\t<p class=\"subtitle\"><\/p>\n\t\n\t<h3 class=\"second-title text-left\">Criminal Law<\/h3>\n\n\t\n\t\n\t<\/div>\t\n\n[vc_column_text]\n<ul>\n<li>Crimes against life and body<\/li>\n<li>Crimes against honor and reputation<\/li>\n<li>The criminal offense of unauthorized production and distribution of narcotic<br \/>\ndrugs<\/li>\n<li>International criminal law<\/li>\n<\/ul>\n[\/vc_column_text][vc_empty_space][vc_empty_space][\/vc_column_inner][\/vc_row_inner][vc_row_inner][vc_column_inner width=&#8221;1\/5&#8243;]<div id=\"argenta-custom-69e7300c8d383\" class=\"icon-box-left\"  >\n\n\t<div class=\"icon-box-image brand-color brand-border-color\">\n\t\t\t\t<span class=\"my-icon-spa-earth brand-color\"><\/span>\n\t\t\t<\/div>\n\n\t<div class=\"icon-box-wrap-content\">\n\t\t<h3 class=\"title icon-box-title\"><\/h3>\n\t\t\n\t\t\t\t\n\t\t\t\t\t<p class=\"icon-box-description\"><\/p>\n\n\t\t\t\t\t<\/div>\n\t\t\n<\/div>\n\n<div id=\"argenta-custom-69e7300c8d3d2\"  class=\"heading-wrapper text-left\"  >\n\t\t\t<p class=\"subtitle\"><\/p>\n\t\n\t<h3 class=\"second-title text-left\">International Law<\/h3>\n\n\t\n\t\n\t<\/div>\t\n\n[vc_column_text]\n<ul>\n<li>Abolition of bans for the Schengen area<\/li>\n<li>Acquisition of Croatian citizenship<\/li>\n<li>Removal of the ban for the Schengen area<\/li>\n<li>International probate proceedings<\/li>\n<li>International criminal law<\/li>\n<li>Recognition of foreign court decisions<\/li>\n<\/ul>\n[\/vc_column_text]<div class=\"button_wrapper\"  >\n\t\n\t<a href=\"https:\/\/rasiclaw.rs\/en\/international-inheritance-law\/\" class=\"btn btn-outline\">\n\t\t\t\t<span class=\"text\">Read more<\/span>\n\t\t\t<\/a>\n\t\n<\/div>\n\n[vc_empty_space][vc_empty_space][\/vc_column_inner][vc_column_inner width=&#8221;1\/5&#8243;]<div id=\"argenta-custom-69e7300c8d47c\" class=\"icon-box-left\"  >\n\n\t<div class=\"icon-box-image brand-color brand-border-color\">\n\t\t\t\t<span class=\"linea-basic-gear brand-color\"><\/span>\n\t\t\t<\/div>\n\n\t<div class=\"icon-box-wrap-content\">\n\t\t<h3 class=\"title icon-box-title\"><\/h3>\n\t\t\n\t\t\t\t\n\t\t\t\t\t<p class=\"icon-box-description\"><\/p>\n\n\t\t\t\t\t<\/div>\n\t\t\n<\/div>\n\n<div id=\"argenta-custom-69e7300c8d4c9\"  class=\"heading-wrapper text-left\"  >\n\t\t\t<p class=\"subtitle\"><\/p>\n\t\n\t<h3 class=\"second-title text-left\">Commercial Law<\/h3>\n\n\t\n\t\n\t<\/div>\t\n\n[vc_column_text]\n<ul>\n<li>Founding of business companies in the Republic of Serbia<\/li>\n<li>Founding of business companies in Slovakia<\/li>\n<li>Commercial offenses<\/li>\n<li>Compulsory liquidation<\/li>\n<li>Bankruptcy proceedings<\/li>\n<\/ul>\n[\/vc_column_text][vc_empty_space]<div class=\"button_wrapper\"  >\n\t\n\t<a href=\"https:\/\/rasiclaw.rs\/en\/commercial-law\/\" class=\"btn btn-outline\">\n\t\t\t\t<span class=\"text\">Read more<\/span>\n\t\t\t<\/a>\n\t\n<\/div>\n\n[vc_empty_space][\/vc_column_inner][vc_column_inner width=&#8221;1\/5&#8243;]<div id=\"argenta-custom-69e7300c8d56c\" class=\"icon-box-left\"  >\n\n\t<div class=\"icon-box-image brand-color brand-border-color\">\n\t\t\t\t<span class=\"linea-basic-home brand-color\"><\/span>\n\t\t\t<\/div>\n\n\t<div class=\"icon-box-wrap-content\">\n\t\t<h3 class=\"title icon-box-title\"><\/h3>\n\t\t\n\t\t\t\t\n\t\t\t\t\t<p class=\"icon-box-description\"><\/p>\n\n\t\t\t\t\t<\/div>\n\t\t\n<\/div>\n\n<div id=\"argenta-custom-69e7300c8d5d3\"  class=\"heading-wrapper text-left\"  >\n\t\t\t<p class=\"subtitle\"><\/p>\n\t\n\t<h3 class=\"second-title text-left\">Contract Law<\/h3>\n\n\t\n\t\n\t<\/div>\t\n\n[vc_column_text]\n<ul>\n<li>Agreement on the purchase and sale of real estate<\/li>\n<li>Agreement on the gift of real estate<\/li>\n<li>Lifetime Support Agreement<\/li>\n<li>Agreement on the distribution of property during life<\/li>\n<\/ul>\n[\/vc_column_text][vc_empty_space]<div class=\"button_wrapper\"  >\n\t\n\t<a href=\"https:\/\/rasiclaw.rs\/imovinsko-pravo\/\" class=\"btn btn-outline\">\n\t\t\t\t<span class=\"text\">Read more<\/span>\n\t\t\t<\/a>\n\t\n<\/div>\n\n[vc_empty_space][\/vc_column_inner][vc_column_inner width=&#8221;1\/5&#8243;]<div id=\"argenta-custom-69e7300c8d695\" class=\"icon-box-left\"  >\n\n\t<div class=\"icon-box-image brand-color brand-border-color\">\n\t\t\t\t<span class=\"linea-basic-lightbulb brand-color\"><\/span>\n\t\t\t<\/div>\n\n\t<div class=\"icon-box-wrap-content\">\n\t\t<h3 class=\"title icon-box-title\"><\/h3>\n\t\t\n\t\t\t\t\n\t\t\t\t\t<p class=\"icon-box-description\"><\/p>\n\n\t\t\t\t\t<\/div>\n\t\t\n<\/div>\n\n<div id=\"argenta-custom-69e7300c8d6f0\"  class=\"heading-wrapper text-left\"  >\n\t\t\t<p class=\"subtitle\"><\/p>\n\t\n\t<h3 class=\"second-title text-left\">Intellectual Property Right<\/h3>\n\n\t\n\t\n\t<\/div>\t\n\n[vc_column_text]\n<ul>\n<li>Trademark protection<\/li>\n<li>Patent<\/li>\n<li>Copyright<\/li>\n<\/ul>\n[\/vc_column_text]<div class=\"button_wrapper\"  >\n\t\n\t<a href=\"https:\/\/rasiclaw.rs\/en\/intellectual-property\/\" class=\"btn btn-outline\">\n\t\t\t\t<span class=\"text\">Read more<\/span>\n\t\t\t<\/a>\n\t\n<\/div>\n\n[vc_empty_space][vc_empty_space][\/vc_column_inner][vc_column_inner width=&#8221;1\/5&#8243;]<div id=\"argenta-custom-69e7300c8d794\" class=\"icon-box-left\"  >\n\n\t<div class=\"icon-box-image brand-color brand-border-color\">\n\t\t\t\t<span class=\"linea-basic-calculator brand-color\"><\/span>\n\t\t\t<\/div>\n\n\t<div class=\"icon-box-wrap-content\">\n\t\t<h3 class=\"title icon-box-title\"><\/h3>\n\t\t\n\t\t\t\t\n\t\t\t\t\t<p class=\"icon-box-description\"><\/p>\n\n\t\t\t\t\t<\/div>\n\t\t\n<\/div>\n\n<div id=\"argenta-custom-69e7300c8d7de\"  class=\"heading-wrapper text-left\"  >\n\t\t\t<p class=\"subtitle\"><\/p>\n\t\n\t<h3 class=\"second-title text-left\">Collection of Claims &amp; Enforcement Procedures<\/h3>\n\n\t\n\t\n\t<\/div>\t\n\n[vc_column_text]Our law office provides legal assistance in the field of forced collection of claims<br \/>\non various cases and means of enforcement.[\/vc_column_text][vc_empty_space]<div class=\"button_wrapper\"  >\n\t\n\t<a href=\"https:\/\/rasiclaw.rs\/en\/collection-of-claims-enforcement-procedures\/\" class=\"btn btn-outline\">\n\t\t\t\t<span class=\"text\">Read more<\/span>\n\t\t\t<\/a>\n\t\n<\/div>\n\n[vc_empty_space][\/vc_column_inner][\/vc_row_inner][vc_empty_space height=&#8221;40px&#8221; el_class=&#8221;arg-spacer&#8221;][\/vc_column][\/vc_row][vc_row full_width=&#8221;stretch_row_content_no_spaces&#8221;][vc_column css=&#8221;.vc_custom_1489395585423{padding-top: 0px !important;}&#8221;]<div class=\"split-box\" id=\"argenta-custom-69e7300c8d875\" \n\t\t\t\t>\n\t\t<div class=\"vc_col-md-6 split-box-wrap\">\n\t\t<div class=\"parallax-bg\"><\/div>\n\t\t<div class=\"content\">\n\t\t\t\t\t<\/div>\n\t<\/div>\t<div class=\"vc_col-md-6 split-box-wrap\">\n\t\t<div class=\"parallax-bg\"><\/div>\n\t\t<div class=\"content\">\n\t\t\t<div id=\"argenta-custom-69e7300c8dc08\"  class=\"heading-wrapper text-left\"  >\n\t\n\t<h3 class=\"second-title text-left\">In our office culture, perfectionism is fundamental.<\/h3>\n\n\t\n\t\n\t\t\t<p class=\"subtitle\"><\/p>\n\t<\/div>\t\n\n[vc_empty_space height=&#8221;10px&#8221;][vc_column_text]<strong>The law office Rasic &amp; Partners<\/strong> operates on the principle of networking in Europe, with partners and associates from the areas and countries of the former Yugoslavia to leading European countries such as Germany, Austria, Switzerland, France, Russia and Great Britain.[\/vc_column_text]<div class=\"progress-bar progress-bar-outline\">\n\n\t<p class=\"progress-bar-title\">Trust<\/p>\n\t<p class=\"progress-bar-percent\"><strong><span class=\"count\">0<\/span>%<\/strong> <\/p>\n\t<div class=\"progress-bar-line brand-border-color\">\n\t\t\t\t<div class=\"progress-bar-line-fill brand-bg-color\" data-progress-bar-fill=\"100\"><\/div>\n\t<\/div>\n\n<\/div>\n\n<div class=\"progress-bar progress-bar-outline\">\n\n\t<p class=\"progress-bar-title\">Efficiency<\/p>\n\t<p class=\"progress-bar-percent\"><strong><span class=\"count\">0<\/span>%<\/strong> <\/p>\n\t<div class=\"progress-bar-line brand-border-color\">\n\t\t\t\t<div class=\"progress-bar-line-fill brand-bg-color\" data-progress-bar-fill=\"100\"><\/div>\n\t<\/div>\n\n<\/div>\n\n<div class=\"progress-bar progress-bar-outline\">\n\n\t<p class=\"progress-bar-title\">Prosperity<\/p>\n\t<p class=\"progress-bar-percent\"><strong><span class=\"count\">0<\/span>%<\/strong> <\/p>\n\t<div class=\"progress-bar-line brand-border-color\">\n\t\t\t\t<div class=\"progress-bar-line-fill brand-bg-color\" data-progress-bar-fill=\"100\"><\/div>\n\t<\/div>\n\n<\/div>\n\n\t\t<\/div>\n\t<\/div>\t\n<\/div>\n\n[\/vc_column][\/vc_row]\n","protected":false},"excerpt":{"rendered":"<p>[vc_row full_width=&#8221;stretch_row&#8221; css=&#8221;.vc_custom_1666691293814{background-color: #f3f3f3 !important;}&#8221;][vc_column css=&#8221;.vc_custom_1478187626867{padding-top: 0px !important;}&#8221;][vc_empty_space height=&#8221;40px&#8221; el_class=&#8221;arg-spacer&#8221;][vc_empty_space height=&#8221;40px&#8221; el_class=&#8221;arg-spacer&#8221;][vc_row_inner][vc_column_inner width=&#8221;1\/5&#8243;][vc_column_text] Divorce Property division after divorce Alimony Child custody Domestic violence [\/vc_column_text][vc_empty_space][vc_empty_space][\/vc_column_inner][vc_column_inner width=&#8221;1\/5&#8243;][vc_column_text] Initiation of probate proceedings Necessary hereditary part Testament International inheritance law Inheritance in Croatia Inheritance in Montenegro Inheritance in Germany Inheritance in Italy [\/vc_column_text][vc_empty_space][vc_empty_space][\/vc_column_inner][vc_column_inner width=&#8221;1\/5&#8243;][vc_column_text] Labor disputes in the Republic [&hellip;]<\/p>\n","protected":false},"author":1,"featured_media":0,"parent":0,"menu_order":0,"comment_status":"closed","ping_status":"closed","template":"page-templates\/page_without-sidebar.php","meta":{"footnotes":""},"class_list":["post-6295","page","type-page","status-publish","hentry"],"acf":[],"yoast_head":"<!-- This site is optimized with the Yoast SEO plugin v24.5 - https:\/\/yoast.com\/wordpress\/plugins\/seo\/ -->\n<title>Practice Areas - Advokatska kancelarija Ra&scaron;i\u0107 &amp; Partneri<\/title>\n<meta name=\"description\" content=\"U kulturi na\u0161e kancelarije Ra\u0161i\u0107 &amp; Partneri, perfekcionizam je primaran. Mi smo prilagodljivi, odgovorni i brzi.\" \/>\n<meta name=\"robots\" content=\"index, follow, max-snippet:-1, max-image-preview:large, max-video-preview:-1\" \/>\n<link rel=\"canonical\" href=\"https:\/\/rasiclaw.rs\/en\/practice-areas\/\" \/>\n<meta property=\"og:locale\" content=\"en_US\" \/>\n<meta property=\"og:type\" content=\"article\" \/>\n<meta property=\"og:title\" content=\"Practice Areas - Advokatska kancelarija Ra&scaron;i\u0107 &amp; Partneri\" \/>\n<meta property=\"og:description\" content=\"U kulturi na\u0161e kancelarije Ra\u0161i\u0107 &amp; Partneri, perfekcionizam je primaran. Mi smo prilagodljivi, odgovorni i brzi.\" \/>\n<meta property=\"og:url\" content=\"https:\/\/rasiclaw.rs\/en\/practice-areas\/\" \/>\n<meta property=\"og:site_name\" content=\"Advokatska kancelarija Ra&scaron;i\u0107 &amp; Partneri\" \/>\n<meta property=\"article:publisher\" content=\"https:\/\/www.facebook.com\/stevan.rasic.7\" \/>\n<meta property=\"article:modified_time\" content=\"2022-10-25T09:48:13+00:00\" \/>\n<meta name=\"twitter:card\" content=\"summary_large_image\" \/>\n<meta name=\"twitter:label1\" content=\"Est. reading time\" \/>\n\t<meta name=\"twitter:data1\" content=\"3 minutes\" \/>\n<script type=\"application\/ld+json\" class=\"yoast-schema-graph\">{\"@context\":\"https:\/\/schema.org\",\"@graph\":[{\"@type\":\"WebPage\",\"@id\":\"https:\/\/rasiclaw.rs\/en\/practice-areas\/\",\"url\":\"https:\/\/rasiclaw.rs\/en\/practice-areas\/\",\"name\":\"Practice Areas - Advokatska kancelarija Ra&scaron;i\u0107 &amp; Partneri\",\"isPartOf\":{\"@id\":\"https:\/\/rasiclaw.rs\/#website\"},\"datePublished\":\"2017-02-26T13:49:36+00:00\",\"dateModified\":\"2022-10-25T09:48:13+00:00\",\"description\":\"U kulturi na\u0161e kancelarije Ra\u0161i\u0107 & Partneri, perfekcionizam je primaran. Mi smo prilagodljivi, odgovorni i brzi.\",\"breadcrumb\":{\"@id\":\"https:\/\/rasiclaw.rs\/en\/practice-areas\/#breadcrumb\"},\"inLanguage\":\"en-US\",\"potentialAction\":[{\"@type\":\"ReadAction\",\"target\":[\"https:\/\/rasiclaw.rs\/en\/practice-areas\/\"]}]},{\"@type\":\"BreadcrumbList\",\"@id\":\"https:\/\/rasiclaw.rs\/en\/practice-areas\/#breadcrumb\",\"itemListElement\":[{\"@type\":\"ListItem\",\"position\":1,\"name\":\"Home\",\"item\":\"https:\/\/rasiclaw.rs\/en\/\"},{\"@type\":\"ListItem\",\"position\":2,\"name\":\"Practice Areas\"}]},{\"@type\":\"WebSite\",\"@id\":\"https:\/\/rasiclaw.rs\/#website\",\"url\":\"https:\/\/rasiclaw.rs\/\",\"name\":\"Advokatska kancelarija Ra&scaron;i\u0107 &amp; Partneri\",\"description\":\"Advokatska kancelarija Ra&scaron;i\u0107 &amp; Partneri funkcioni&scaron;e po principu umre\u017eavanja na prostoru Evrope, sa partnerima i saradnicima.\",\"publisher\":{\"@id\":\"https:\/\/rasiclaw.rs\/#organization\"},\"potentialAction\":[{\"@type\":\"SearchAction\",\"target\":{\"@type\":\"EntryPoint\",\"urlTemplate\":\"https:\/\/rasiclaw.rs\/?s={search_term_string}\"},\"query-input\":{\"@type\":\"PropertyValueSpecification\",\"valueRequired\":true,\"valueName\":\"search_term_string\"}}],\"inLanguage\":\"en-US\"},{\"@type\":\"Organization\",\"@id\":\"https:\/\/rasiclaw.rs\/#organization\",\"name\":\"Advokatska kancelarija Ra\u0161i\u0107 & Partneri\",\"url\":\"https:\/\/rasiclaw.rs\/\",\"logo\":{\"@type\":\"ImageObject\",\"inLanguage\":\"en-US\",\"@id\":\"https:\/\/rasiclaw.rs\/#\/schema\/logo\/image\/\",\"url\":\"https:\/\/rasiclaw.rs\/wp-content\/uploads\/2022\/05\/Rasic-logo-FINAL.png\",\"contentUrl\":\"https:\/\/rasiclaw.rs\/wp-content\/uploads\/2022\/05\/Rasic-logo-FINAL.png\",\"width\":1120,\"height\":529,\"caption\":\"Advokatska kancelarija Ra\u0161i\u0107 & Partneri\"},\"image\":{\"@id\":\"https:\/\/rasiclaw.rs\/#\/schema\/logo\/image\/\"},\"sameAs\":[\"https:\/\/www.facebook.com\/stevan.rasic.7\",\"https:\/\/www.linkedin.com\/in\/stevan-rai-2a1892164\/\",\"https:\/\/www.instagram.com\/rasiclaw.rs\/\"]}]}<\/script>\n<!-- \/ Yoast SEO plugin. -->","yoast_head_json":{"title":"Practice Areas - Advokatska kancelarija Ra&scaron;i\u0107 &amp; Partneri","description":"U kulturi na\u0161e kancelarije Ra\u0161i\u0107 & Partneri, perfekcionizam je primaran. Mi smo prilagodljivi, odgovorni i brzi.","robots":{"index":"index","follow":"follow","max-snippet":"max-snippet:-1","max-image-preview":"max-image-preview:large","max-video-preview":"max-video-preview:-1"},"canonical":"https:\/\/rasiclaw.rs\/en\/practice-areas\/","og_locale":"en_US","og_type":"article","og_title":"Practice Areas - Advokatska kancelarija Ra&scaron;i\u0107 &amp; Partneri","og_description":"U kulturi na\u0161e kancelarije Ra\u0161i\u0107 & Partneri, perfekcionizam je primaran. Mi smo prilagodljivi, odgovorni i brzi.","og_url":"https:\/\/rasiclaw.rs\/en\/practice-areas\/","og_site_name":"Advokatska kancelarija Ra&scaron;i\u0107 &amp; Partneri","article_publisher":"https:\/\/www.facebook.com\/stevan.rasic.7","article_modified_time":"2022-10-25T09:48:13+00:00","twitter_card":"summary_large_image","twitter_misc":{"Est. reading time":"3 minutes"},"schema":{"@context":"https:\/\/schema.org","@graph":[{"@type":"WebPage","@id":"https:\/\/rasiclaw.rs\/en\/practice-areas\/","url":"https:\/\/rasiclaw.rs\/en\/practice-areas\/","name":"Practice Areas - Advokatska kancelarija Ra&scaron;i\u0107 &amp; Partneri","isPartOf":{"@id":"https:\/\/rasiclaw.rs\/#website"},"datePublished":"2017-02-26T13:49:36+00:00","dateModified":"2022-10-25T09:48:13+00:00","description":"U kulturi na\u0161e kancelarije Ra\u0161i\u0107 & Partneri, perfekcionizam je primaran. Mi smo prilagodljivi, odgovorni i brzi.","breadcrumb":{"@id":"https:\/\/rasiclaw.rs\/en\/practice-areas\/#breadcrumb"},"inLanguage":"en-US","potentialAction":[{"@type":"ReadAction","target":["https:\/\/rasiclaw.rs\/en\/practice-areas\/"]}]},{"@type":"BreadcrumbList","@id":"https:\/\/rasiclaw.rs\/en\/practice-areas\/#breadcrumb","itemListElement":[{"@type":"ListItem","position":1,"name":"Home","item":"https:\/\/rasiclaw.rs\/en\/"},{"@type":"ListItem","position":2,"name":"Practice Areas"}]},{"@type":"WebSite","@id":"https:\/\/rasiclaw.rs\/#website","url":"https:\/\/rasiclaw.rs\/","name":"Advokatska kancelarija Ra&scaron;i\u0107 &amp; Partneri","description":"Advokatska kancelarija Ra&scaron;i\u0107 &amp; Partneri funkcioni&scaron;e po principu umre\u017eavanja na prostoru Evrope, sa partnerima i saradnicima.","publisher":{"@id":"https:\/\/rasiclaw.rs\/#organization"},"potentialAction":[{"@type":"SearchAction","target":{"@type":"EntryPoint","urlTemplate":"https:\/\/rasiclaw.rs\/?s={search_term_string}"},"query-input":{"@type":"PropertyValueSpecification","valueRequired":true,"valueName":"search_term_string"}}],"inLanguage":"en-US"},{"@type":"Organization","@id":"https:\/\/rasiclaw.rs\/#organization","name":"Advokatska kancelarija Ra\u0161i\u0107 & Partneri","url":"https:\/\/rasiclaw.rs\/","logo":{"@type":"ImageObject","inLanguage":"en-US","@id":"https:\/\/rasiclaw.rs\/#\/schema\/logo\/image\/","url":"https:\/\/rasiclaw.rs\/wp-content\/uploads\/2022\/05\/Rasic-logo-FINAL.png","contentUrl":"https:\/\/rasiclaw.rs\/wp-content\/uploads\/2022\/05\/Rasic-logo-FINAL.png","width":1120,"height":529,"caption":"Advokatska kancelarija Ra\u0161i\u0107 & Partneri"},"image":{"@id":"https:\/\/rasiclaw.rs\/#\/schema\/logo\/image\/"},"sameAs":["https:\/\/www.facebook.com\/stevan.rasic.7","https:\/\/www.linkedin.com\/in\/stevan-rai-2a1892164\/","https:\/\/www.instagram.com\/rasiclaw.rs\/"]}]}},"_links":{"self":[{"href":"https:\/\/rasiclaw.rs\/en\/wp-json\/wp\/v2\/pages\/6295","targetHints":{"allow":["GET"]}}],"collection":[{"href":"https:\/\/rasiclaw.rs\/en\/wp-json\/wp\/v2\/pages"}],"about":[{"href":"https:\/\/rasiclaw.rs\/en\/wp-json\/wp\/v2\/types\/page"}],"author":[{"embeddable":true,"href":"https:\/\/rasiclaw.rs\/en\/wp-json\/wp\/v2\/users\/1"}],"replies":[{"embeddable":true,"href":"https:\/\/rasiclaw.rs\/en\/wp-json\/wp\/v2\/comments?post=6295"}],"version-history":[{"count":8,"href":"https:\/\/rasiclaw.rs\/en\/wp-json\/wp\/v2\/pages\/6295\/revisions"}],"predecessor-version":[{"id":6400,"href":"https:\/\/rasiclaw.rs\/en\/wp-json\/wp\/v2\/pages\/6295\/revisions\/6400"}],"wp:attachment":[{"href":"https:\/\/rasiclaw.rs\/en\/wp-json\/wp\/v2\/media?parent=6295"}],"curies":[{"name":"wp","href":"https:\/\/api.w.org\/{rel}","templated":true}]}}